{"id":2174,"date":"2022-03-01T14:22:50","date_gmt":"2022-03-01T14:22:50","guid":{"rendered":"https:\/\/magazzinimanzanesi.overpx.com\/catalogo\/unkategorisiert\/eisenschraube-uni-5732\/"},"modified":"2026-04-02T12:44:34","modified_gmt":"2026-04-02T12:44:34","slug":"eisenschraube-uni-5732","status":"publish","type":"product","link":"https:\/\/magazzinimanzanesi.it\/de\/katalog\/schrauben-de\/metrische-schrauben\/eisenschraube-uni-5732\/","title":{"rendered":"Schrauben TTDQ nach UNI 5732"},"content":{"rendered":"<h1>Rundkopfschraube mit Vierkantansatz UNI 5732<\/h1>\n<p>&nbsp;<\/p>\n<h2>Rundkopfschraube mit Vierkantansatz UNI 5732: stabiler Vierkant unter dem Kopf<\/h2>\n<p>Rundkopfschraube mit Vierkantansatz und metrischem ISO\u2011Gewinde. Der Vierkant unter dem Kopf garantiert einen festen Halt des Schraubverbinders und verhindert Verdrehung beim Anziehen.<\/p>\n<p>&nbsp;<\/p>\n<h3><strong>Rundkopfschraube \u2013 Ma\u00dfe:<\/strong><\/h3>\n<p>Gewindegr\u00f6\u00dfen M6\u2013M12  <br \/>\nL\u00e4ngen 20\u2013120 mm  <br \/>\nWeitere Abmessungen und Oberfl\u00e4chen auf Anfrage<\/p>\n<p>&nbsp;<\/p>\n","protected":false},"excerpt":{"rendered":"<p>Rundkopfschraube mit Vierkantansatz UNI 5732 &nbsp; Rundkopfschraube mit Vierkantansatz UNI 5732: stabiler Vierkant unter dem Kopf Rundkopfschraube mit Vierkantansatz und metrischem ISO\u2011Gewinde. Der Vierkant unter dem Kopf garantiert einen festen Halt des Schraubverbinders und verhindert Verdrehung beim Anziehen. &nbsp; Rundkopfschraube \u2013 Ma\u00dfe: Gewindegr\u00f6\u00dfen M6\u2013M12 L\u00e4ngen 20\u2013120 mm Weitere Abmessungen und Oberfl\u00e4chen auf Anfrage &nbsp;<\/p>\n","protected":false},"featured_media":5245,"comment_status":"open","ping_status":"closed","template":"","meta":{"_acf_changed":false},"product_brand":[],"product_cat":[283,275],"product_tag":[],"class_list":{"0":"post-2174","1":"product","2":"type-product","3":"status-publish","4":"has-post-thumbnail","6":"product_cat-metrische-schrauben","7":"product_cat-schrauben-de","9":"first","10":"instock","11":"product-type-simple"},"acf":[],"_links":{"self":[{"href":"https:\/\/magazzinimanzanesi.it\/de\/wp-json\/wp\/v2\/product\/2174","targetHints":{"allow":["GET"]}}],"collection":[{"href":"https:\/\/magazzinimanzanesi.it\/de\/wp-json\/wp\/v2\/product"}],"about":[{"href":"https:\/\/magazzinimanzanesi.it\/de\/wp-json\/wp\/v2\/types\/product"}],"replies":[{"embeddable":true,"href":"https:\/\/magazzinimanzanesi.it\/de\/wp-json\/wp\/v2\/comments?post=2174"}],"wp:featuredmedia":[{"embeddable":true,"href":"https:\/\/magazzinimanzanesi.it\/de\/wp-json\/wp\/v2\/media\/5245"}],"wp:attachment":[{"href":"https:\/\/magazzinimanzanesi.it\/de\/wp-json\/wp\/v2\/media?parent=2174"}],"wp:term":[{"taxonomy":"product_brand","embeddable":true,"href":"https:\/\/magazzinimanzanesi.it\/de\/wp-json\/wp\/v2\/product_brand?post=2174"},{"taxonomy":"product_cat","embeddable":true,"href":"https:\/\/magazzinimanzanesi.it\/de\/wp-json\/wp\/v2\/product_cat?post=2174"},{"taxonomy":"product_tag","embeddable":true,"href":"https:\/\/magazzinimanzanesi.it\/de\/wp-json\/wp\/v2\/product_tag?post=2174"}],"curies":[{"name":"wp","href":"https:\/\/api.w.org\/{rel}","templated":true}]}}