{"id":2175,"date":"2022-03-01T14:22:50","date_gmt":"2022-03-01T14:22:50","guid":{"rendered":"https:\/\/magazzinimanzanesi.overpx.com\/catalogo\/unkategorisiert\/eisenschraube-uni-5739\/"},"modified":"2026-04-02T12:46:43","modified_gmt":"2026-04-02T12:46:43","slug":"eisenschraube-uni-5739","status":"publish","type":"product","link":"https:\/\/magazzinimanzanesi.it\/de\/katalog\/schrauben-de\/metrische-schrauben\/eisenschraube-uni-5739\/","title":{"rendered":"Schrauben TE UNI 5739"},"content":{"rendered":"<h1>Sechskantschraube UNI 5739<\/h1>\n<p>&nbsp;<\/p>\n<h2>Sechskantschraube UNI 5739: Robustheit und Langlebigkeit<\/h2>\n<p>Sechskantschraube mit metrischem ISO\u2011Gewinde gem\u00e4\u00df UNI 5739, hergestellt aus Stahl der Klassen 4.8 oder 8.8. Ideal f\u00fcr mechanische und hochbelastete Anwendungen.<\/p>\n<p>&nbsp;<\/p>\n<h3><strong>Sechskantschraube \u2013 Ma\u00dfe:<\/strong><\/h3>\n<p>M5\u00d713 mm \u2013 M20\u00d7120 mm  <\/p>\n<p>&nbsp;<\/p>\n<p>Weitere Gewindegr\u00f6\u00dfen, L\u00e4ngen und Festigkeitsklassen auf Anfrage<\/p>\n","protected":false},"excerpt":{"rendered":"<p>Sechskantschraube UNI 5739 &nbsp; Sechskantschraube UNI 5739: Robustheit und Langlebigkeit Sechskantschraube mit metrischem ISO\u2011Gewinde gem\u00e4\u00df UNI 5739, hergestellt aus Stahl der Klassen 4.8 oder 8.8. Ideal f\u00fcr mechanische und hochbelastete Anwendungen. &nbsp; Sechskantschraube \u2013 Ma\u00dfe: M5\u00d713 mm \u2013 M20\u00d7120 mm &nbsp; Weitere Gewindegr\u00f6\u00dfen, L\u00e4ngen und Festigkeitsklassen auf Anfrage<\/p>\n","protected":false},"featured_media":5240,"comment_status":"open","ping_status":"closed","template":"","meta":{"_acf_changed":false},"product_brand":[],"product_cat":[283,275],"product_tag":[],"class_list":{"0":"post-2175","1":"product","2":"type-product","3":"status-publish","4":"has-post-thumbnail","6":"product_cat-metrische-schrauben","7":"product_cat-schrauben-de","9":"first","10":"instock","11":"product-type-simple"},"acf":[],"_links":{"self":[{"href":"https:\/\/magazzinimanzanesi.it\/de\/wp-json\/wp\/v2\/product\/2175","targetHints":{"allow":["GET"]}}],"collection":[{"href":"https:\/\/magazzinimanzanesi.it\/de\/wp-json\/wp\/v2\/product"}],"about":[{"href":"https:\/\/magazzinimanzanesi.it\/de\/wp-json\/wp\/v2\/types\/product"}],"replies":[{"embeddable":true,"href":"https:\/\/magazzinimanzanesi.it\/de\/wp-json\/wp\/v2\/comments?post=2175"}],"wp:featuredmedia":[{"embeddable":true,"href":"https:\/\/magazzinimanzanesi.it\/de\/wp-json\/wp\/v2\/media\/5240"}],"wp:attachment":[{"href":"https:\/\/magazzinimanzanesi.it\/de\/wp-json\/wp\/v2\/media?parent=2175"}],"wp:term":[{"taxonomy":"product_brand","embeddable":true,"href":"https:\/\/magazzinimanzanesi.it\/de\/wp-json\/wp\/v2\/product_brand?post=2175"},{"taxonomy":"product_cat","embeddable":true,"href":"https:\/\/magazzinimanzanesi.it\/de\/wp-json\/wp\/v2\/product_cat?post=2175"},{"taxonomy":"product_tag","embeddable":true,"href":"https:\/\/magazzinimanzanesi.it\/de\/wp-json\/wp\/v2\/product_tag?post=2175"}],"curies":[{"name":"wp","href":"https:\/\/api.w.org\/{rel}","templated":true}]}}