{"id":2177,"date":"2022-03-01T14:22:50","date_gmt":"2022-03-01T14:22:50","guid":{"rendered":"https:\/\/magazzinimanzanesi.overpx.com\/catalogo\/unkategorisiert\/eisengewindestift\/"},"modified":"2026-04-01T16:31:21","modified_gmt":"2026-04-01T16:31:21","slug":"eisengewindestift","status":"publish","type":"product","link":"https:\/\/magazzinimanzanesi.it\/de\/katalog\/schrauben-de\/verbindungsschrauben-naben\/eisengewindestift\/","title":{"rendered":"Gewindebolzen"},"content":{"rendered":"<h1>Gewindemuffe aus gewalztem Eisen<\/h1>\n<p>&nbsp;<\/p>\n<h2>Gewindemuffe: Vielseitigkeit f\u00fcr jede Art von Befestigung<\/h2>\n<p>Gerollte Gewindemuffe DIN 976\u20111 aus Eisen der G\u00fcteklasse 4.8 mit metrischem ISO\u2011Gewinde.<\/p>\n<p>&nbsp;<\/p>\n<h3>Gewindemuffe \u2013 Ma\u00dfe:<\/h3>\n<p>Von M6x15mm bis M6x100mm<\/p>\n<p>Von M8x15mm bis M8x100mm<\/p>\n<p>&nbsp;<\/p>\n<p>Andere Ma\u00dfe auf Anfrage erh\u00e4ltlich.<\/p>\n","protected":false},"excerpt":{"rendered":"<p>Gewindemuffe aus gewalztem Eisen &nbsp; Gewindemuffe: Vielseitigkeit f\u00fcr jede Art von Befestigung Gerollte Gewindemuffe DIN 976\u20111 aus Eisen der G\u00fcteklasse 4.8 mit metrischem ISO\u2011Gewinde. &nbsp; Gewindemuffe \u2013 Ma\u00dfe: Von M6x15mm bis M6x100mm Von M8x15mm bis M8x100mm &nbsp; Andere Ma\u00dfe auf Anfrage erh\u00e4ltlich.<\/p>\n","protected":false},"featured_media":4905,"comment_status":"open","ping_status":"closed","template":"","meta":{"_acf_changed":false},"product_brand":[],"product_cat":[275,277],"product_tag":[],"class_list":{"0":"post-2177","1":"product","2":"type-product","3":"status-publish","4":"has-post-thumbnail","6":"product_cat-schrauben-de","7":"product_cat-verbindungsschrauben-naben","9":"first","10":"instock","11":"product-type-simple"},"acf":[],"_links":{"self":[{"href":"https:\/\/magazzinimanzanesi.it\/de\/wp-json\/wp\/v2\/product\/2177","targetHints":{"allow":["GET"]}}],"collection":[{"href":"https:\/\/magazzinimanzanesi.it\/de\/wp-json\/wp\/v2\/product"}],"about":[{"href":"https:\/\/magazzinimanzanesi.it\/de\/wp-json\/wp\/v2\/types\/product"}],"replies":[{"embeddable":true,"href":"https:\/\/magazzinimanzanesi.it\/de\/wp-json\/wp\/v2\/comments?post=2177"}],"wp:featuredmedia":[{"embeddable":true,"href":"https:\/\/magazzinimanzanesi.it\/de\/wp-json\/wp\/v2\/media\/4905"}],"wp:attachment":[{"href":"https:\/\/magazzinimanzanesi.it\/de\/wp-json\/wp\/v2\/media?parent=2177"}],"wp:term":[{"taxonomy":"product_brand","embeddable":true,"href":"https:\/\/magazzinimanzanesi.it\/de\/wp-json\/wp\/v2\/product_brand?post=2177"},{"taxonomy":"product_cat","embeddable":true,"href":"https:\/\/magazzinimanzanesi.it\/de\/wp-json\/wp\/v2\/product_cat?post=2177"},{"taxonomy":"product_tag","embeddable":true,"href":"https:\/\/magazzinimanzanesi.it\/de\/wp-json\/wp\/v2\/product_tag?post=2177"}],"curies":[{"name":"wp","href":"https:\/\/api.w.org\/{rel}","templated":true}]}}