{"id":2178,"date":"2022-03-01T14:22:50","date_gmt":"2022-03-01T14:22:50","guid":{"rendered":"https:\/\/magazzinimanzanesi.overpx.com\/catalogo\/unkategorisiert\/gewindestift-uni-5927\/"},"modified":"2026-04-02T12:29:31","modified_gmt":"2026-04-02T12:29:31","slug":"gewindestift-uni-5927","status":"publish","type":"product","link":"https:\/\/magazzinimanzanesi.it\/de\/katalog\/schrauben-de\/metrische-schrauben\/gewindestift-uni-5927\/","title":{"rendered":"Gewindestifte UNI 5927"},"content":{"rendered":"<h1>Stellschraube ohne Kopf UNI 5927<\/h1>\n<p>&nbsp;<\/p>\n<h2>Stellschraube ohne Kopf UNI 5927: Stahl 45H f\u00fcr alle Anwendungen<\/h2>\n<p>Stellschraube ohne herk\u00f6mmlichen Schraubenkopf aus geh\u00e4rtetem Stahl 45H mit metrischem ISO\u2011Gewinde und Innensechskant.  Sie wird zum Fixieren oder Sichern von Bauteilen ohne hervorstehenden Kopf eingesetzt.<\/p>\n<p>&nbsp;<\/p>\n<h3>Stellschraube \u2013 Ma\u00dfe:<\/h3>\n<p>M4\u2013M12  <br \/>\n\u00d8 M5 con passo da 0.8mm fornibile nelle lunghezze da 6mm a 35mm.<br \/>\nL\u00e4ngen und Steigungen gem\u00e4\u00df UNI 5927  <\/p>\n<p>&nbsp;<\/p>\n<p>Andere Normgr\u00f6\u00dfen auf Anfrage; Oberfl\u00e4chenbehandlungen verf\u00fcgbar<\/p>\n","protected":false},"excerpt":{"rendered":"<p>Stellschraube ohne Kopf UNI 5927 &nbsp; Stellschraube ohne Kopf UNI 5927: Stahl 45H f\u00fcr alle Anwendungen Stellschraube ohne herk\u00f6mmlichen Schraubenkopf aus geh\u00e4rtetem Stahl 45H mit metrischem ISO\u2011Gewinde und Innensechskant. Sie wird zum Fixieren oder Sichern von Bauteilen ohne hervorstehenden Kopf eingesetzt. &nbsp; Stellschraube \u2013 Ma\u00dfe: M4\u2013M12 \u00d8 M5 con passo da 0.8mm fornibile nelle lunghezze [&hellip;]<\/p>\n","protected":false},"featured_media":5230,"comment_status":"open","ping_status":"closed","template":"","meta":{"_acf_changed":false},"product_brand":[],"product_cat":[283,275],"product_tag":[],"class_list":{"0":"post-2178","1":"product","2":"type-product","3":"status-publish","4":"has-post-thumbnail","6":"product_cat-metrische-schrauben","7":"product_cat-schrauben-de","9":"first","10":"instock","11":"product-type-simple"},"acf":[],"_links":{"self":[{"href":"https:\/\/magazzinimanzanesi.it\/de\/wp-json\/wp\/v2\/product\/2178","targetHints":{"allow":["GET"]}}],"collection":[{"href":"https:\/\/magazzinimanzanesi.it\/de\/wp-json\/wp\/v2\/product"}],"about":[{"href":"https:\/\/magazzinimanzanesi.it\/de\/wp-json\/wp\/v2\/types\/product"}],"replies":[{"embeddable":true,"href":"https:\/\/magazzinimanzanesi.it\/de\/wp-json\/wp\/v2\/comments?post=2178"}],"wp:featuredmedia":[{"embeddable":true,"href":"https:\/\/magazzinimanzanesi.it\/de\/wp-json\/wp\/v2\/media\/5230"}],"wp:attachment":[{"href":"https:\/\/magazzinimanzanesi.it\/de\/wp-json\/wp\/v2\/media?parent=2178"}],"wp:term":[{"taxonomy":"product_brand","embeddable":true,"href":"https:\/\/magazzinimanzanesi.it\/de\/wp-json\/wp\/v2\/product_brand?post=2178"},{"taxonomy":"product_cat","embeddable":true,"href":"https:\/\/magazzinimanzanesi.it\/de\/wp-json\/wp\/v2\/product_cat?post=2178"},{"taxonomy":"product_tag","embeddable":true,"href":"https:\/\/magazzinimanzanesi.it\/de\/wp-json\/wp\/v2\/product_tag?post=2178"}],"curies":[{"name":"wp","href":"https:\/\/api.w.org\/{rel}","templated":true}]}}