{"id":2179,"date":"2022-03-01T14:22:50","date_gmt":"2022-03-01T14:22:50","guid":{"rendered":"https:\/\/magazzinimanzanesi.overpx.com\/catalogo\/unkategorisiert\/set-fur-faltstuhle\/"},"modified":"2026-04-03T13:51:12","modified_gmt":"2026-04-03T13:51:12","slug":"set-fur-faltstuhle","status":"publish","type":"product","link":"https:\/\/magazzinimanzanesi.it\/de\/katalog\/fur-mobel\/set-fuer-kippmoebel\/set-fur-faltstuhle\/","title":{"rendered":"Beschlagsatz f\u00fcr Klappst\u00fchle"},"content":{"rendered":"<h1>Beschl\u00e4ge f\u00fcr Klappm\u00f6bel<\/h1>\n<p>&nbsp;<\/p>\n<h2>Beschlagsatz f\u00fcr Klappst\u00fchle: Widerstandsf\u00e4hig und langlebig<\/h2>\n<p>Beschlagsatz f\u00fcr Klappst\u00fchle, bestehend aus 4 Laschen, 2 Bolzen, 2 Unterlegscheiben und 8 Nieten.<\/p>\n<h3>Beschlagsatz f\u00fcr Klappst\u00fchle \u2013 Ma\u00dfe:<\/h3>\n<p>Ausf\u00fchrungen und Ma\u00dfe auf Anfrage.<br \/>\nOberfl\u00e4chenbehandlungen auf Anfrage:<br \/>\n\u25cf\tbr\u00fcniert<br \/>\n\u25cf\tschwarz verzinkt<br \/>\n\u25cf\twei\u00df verzinkt<br \/>\n\u25cf\ttropikalisiert<br \/>\n\u25cf\tbronziert<br \/>\n\u25cf\tvernickelt<\/p>\n<p>&nbsp;<\/p>\n","protected":false},"excerpt":{"rendered":"<p>Beschl\u00e4ge f\u00fcr Klappm\u00f6bel &nbsp; Beschlagsatz f\u00fcr Klappst\u00fchle: Widerstandsf\u00e4hig und langlebig Beschlagsatz f\u00fcr Klappst\u00fchle, bestehend aus 4 Laschen, 2 Bolzen, 2 Unterlegscheiben und 8 Nieten. Beschlagsatz f\u00fcr Klappst\u00fchle \u2013 Ma\u00dfe: Ausf\u00fchrungen und Ma\u00dfe auf Anfrage. Oberfl\u00e4chenbehandlungen auf Anfrage: \u25cf br\u00fcniert \u25cf schwarz verzinkt \u25cf wei\u00df verzinkt \u25cf tropikalisiert \u25cf bronziert \u25cf vernickelt &nbsp;<\/p>\n","protected":false},"featured_media":4875,"comment_status":"open","ping_status":"closed","template":"","meta":{"_acf_changed":false},"product_brand":[],"product_cat":[250,262],"product_tag":[],"class_list":{"0":"post-2179","1":"product","2":"type-product","3":"status-publish","4":"has-post-thumbnail","6":"product_cat-fur-mobel","7":"product_cat-set-fuer-kippmoebel","9":"first","10":"instock","11":"product-type-simple"},"acf":[],"_links":{"self":[{"href":"https:\/\/magazzinimanzanesi.it\/de\/wp-json\/wp\/v2\/product\/2179","targetHints":{"allow":["GET"]}}],"collection":[{"href":"https:\/\/magazzinimanzanesi.it\/de\/wp-json\/wp\/v2\/product"}],"about":[{"href":"https:\/\/magazzinimanzanesi.it\/de\/wp-json\/wp\/v2\/types\/product"}],"replies":[{"embeddable":true,"href":"https:\/\/magazzinimanzanesi.it\/de\/wp-json\/wp\/v2\/comments?post=2179"}],"wp:featuredmedia":[{"embeddable":true,"href":"https:\/\/magazzinimanzanesi.it\/de\/wp-json\/wp\/v2\/media\/4875"}],"wp:attachment":[{"href":"https:\/\/magazzinimanzanesi.it\/de\/wp-json\/wp\/v2\/media?parent=2179"}],"wp:term":[{"taxonomy":"product_brand","embeddable":true,"href":"https:\/\/magazzinimanzanesi.it\/de\/wp-json\/wp\/v2\/product_brand?post=2179"},{"taxonomy":"product_cat","embeddable":true,"href":"https:\/\/magazzinimanzanesi.it\/de\/wp-json\/wp\/v2\/product_cat?post=2179"},{"taxonomy":"product_tag","embeddable":true,"href":"https:\/\/magazzinimanzanesi.it\/de\/wp-json\/wp\/v2\/product_tag?post=2179"}],"curies":[{"name":"wp","href":"https:\/\/api.w.org\/{rel}","templated":true}]}}