{"id":2180,"date":"2022-03-01T14:22:50","date_gmt":"2022-03-01T14:22:50","guid":{"rendered":"https:\/\/magazzinimanzanesi.overpx.com\/catalogo\/unkategorisiert\/schlussel\/"},"modified":"2026-04-01T16:23:43","modified_gmt":"2026-04-01T16:23:43","slug":"schlussel","status":"publish","type":"product","link":"https:\/\/magazzinimanzanesi.it\/de\/katalog\/schrauben-de\/schraubenschluessel\/schlussel\/","title":{"rendered":"Offener Stanzschl\u00fcssel"},"content":{"rendered":"<h1>Einweg\u2011Schl\u00fcssel 10\u201313 mm<\/h1>\n<p>&nbsp;<\/p>\n<h2>Offener gestanzter Schl\u00fcssel: Praktisch und kosteng\u00fcnstig<\/h2>\n<p>Preiswerter offener Schl\u00fcssel 10 mm\u201313 mm f\u00fcr Schrauben mit Sechskantkopf und M6\u2011 beziehungsweise M8\u2011Muttern.  Ideal f\u00fcr die Verwendung in DIY\u2011Montagesets.<\/p>\n","protected":false},"excerpt":{"rendered":"<p>Einweg\u2011Schl\u00fcssel 10\u201313 mm &nbsp; Offener gestanzter Schl\u00fcssel: Praktisch und kosteng\u00fcnstig Preiswerter offener Schl\u00fcssel 10 mm\u201313 mm f\u00fcr Schrauben mit Sechskantkopf und M6\u2011 beziehungsweise M8\u2011Muttern. Ideal f\u00fcr die Verwendung in DIY\u2011Montagesets.<\/p>\n","protected":false},"featured_media":5276,"comment_status":"open","ping_status":"closed","template":"","meta":{"_acf_changed":false},"product_brand":[],"product_cat":[275,276],"product_tag":[],"class_list":{"0":"post-2180","1":"product","2":"type-product","3":"status-publish","4":"has-post-thumbnail","6":"product_cat-schrauben-de","7":"product_cat-schraubenschluessel","9":"first","10":"instock","11":"product-type-simple"},"acf":[],"_links":{"self":[{"href":"https:\/\/magazzinimanzanesi.it\/de\/wp-json\/wp\/v2\/product\/2180","targetHints":{"allow":["GET"]}}],"collection":[{"href":"https:\/\/magazzinimanzanesi.it\/de\/wp-json\/wp\/v2\/product"}],"about":[{"href":"https:\/\/magazzinimanzanesi.it\/de\/wp-json\/wp\/v2\/types\/product"}],"replies":[{"embeddable":true,"href":"https:\/\/magazzinimanzanesi.it\/de\/wp-json\/wp\/v2\/comments?post=2180"}],"wp:featuredmedia":[{"embeddable":true,"href":"https:\/\/magazzinimanzanesi.it\/de\/wp-json\/wp\/v2\/media\/5276"}],"wp:attachment":[{"href":"https:\/\/magazzinimanzanesi.it\/de\/wp-json\/wp\/v2\/media?parent=2180"}],"wp:term":[{"taxonomy":"product_brand","embeddable":true,"href":"https:\/\/magazzinimanzanesi.it\/de\/wp-json\/wp\/v2\/product_brand?post=2180"},{"taxonomy":"product_cat","embeddable":true,"href":"https:\/\/magazzinimanzanesi.it\/de\/wp-json\/wp\/v2\/product_cat?post=2180"},{"taxonomy":"product_tag","embeddable":true,"href":"https:\/\/magazzinimanzanesi.it\/de\/wp-json\/wp\/v2\/product_tag?post=2180"}],"curies":[{"name":"wp","href":"https:\/\/api.w.org\/{rel}","templated":true}]}}