{"id":2184,"date":"2022-03-01T14:22:50","date_gmt":"2022-03-01T14:22:50","guid":{"rendered":"https:\/\/magazzinimanzanesi.overpx.com\/catalogo\/unkategorisiert\/sechskantmutter-uni-5588\/"},"modified":"2026-04-01T16:46:23","modified_gmt":"2026-04-01T16:46:23","slug":"sechskantmutter-uni-5588","status":"publish","type":"product","link":"https:\/\/magazzinimanzanesi.it\/de\/katalog\/schrauben-de\/schraubenmuttern\/sechskantmutter-uni-5588\/","title":{"rendered":"Selbstsichernde Mutter nach UNI 7473"},"content":{"rendered":"<h1>Mittlere Sechskantmutter<\/h1>\n<h2>Mittlere Sechskantmutter UNI 5588: F\u00fcr alle Anwendungen<\/h2>\n<p>Mittlere Sechskantmutter UNI 5588 aus verzinktem Stahl der Festigkeitsklasse 8.8 mit metrischem ISO\u2011Gewinde.<\/p>\n<p>&nbsp;<\/p>\n<h2>Mittlere Sechskantmutter \u2013 Ma\u00dfe:<\/h2>\n<p>Erh\u00e4ltlich in den Gr\u00f6\u00dfen M6\u2013M14 (M6, M8, M10, M12, M14)<\/p>\n","protected":false},"excerpt":{"rendered":"<p>Mittlere Sechskantmutter Mittlere Sechskantmutter UNI 5588: F\u00fcr alle Anwendungen Mittlere Sechskantmutter UNI 5588 aus verzinktem Stahl der Festigkeitsklasse 8.8 mit metrischem ISO\u2011Gewinde. &nbsp; Mittlere Sechskantmutter \u2013 Ma\u00dfe: Erh\u00e4ltlich in den Gr\u00f6\u00dfen M6\u2013M14 (M6, M8, M10, M12, M14)<\/p>\n","protected":false},"featured_media":5669,"comment_status":"open","ping_status":"closed","template":"","meta":{"_acf_changed":false},"product_brand":[],"product_cat":[275,278],"product_tag":[],"class_list":{"0":"post-2184","1":"product","2":"type-product","3":"status-publish","4":"has-post-thumbnail","6":"product_cat-schrauben-de","7":"product_cat-schraubenmuttern","9":"first","10":"instock","11":"product-type-simple"},"acf":[],"_links":{"self":[{"href":"https:\/\/magazzinimanzanesi.it\/de\/wp-json\/wp\/v2\/product\/2184","targetHints":{"allow":["GET"]}}],"collection":[{"href":"https:\/\/magazzinimanzanesi.it\/de\/wp-json\/wp\/v2\/product"}],"about":[{"href":"https:\/\/magazzinimanzanesi.it\/de\/wp-json\/wp\/v2\/types\/product"}],"replies":[{"embeddable":true,"href":"https:\/\/magazzinimanzanesi.it\/de\/wp-json\/wp\/v2\/comments?post=2184"}],"wp:featuredmedia":[{"embeddable":true,"href":"https:\/\/magazzinimanzanesi.it\/de\/wp-json\/wp\/v2\/media\/5669"}],"wp:attachment":[{"href":"https:\/\/magazzinimanzanesi.it\/de\/wp-json\/wp\/v2\/media?parent=2184"}],"wp:term":[{"taxonomy":"product_brand","embeddable":true,"href":"https:\/\/magazzinimanzanesi.it\/de\/wp-json\/wp\/v2\/product_brand?post=2184"},{"taxonomy":"product_cat","embeddable":true,"href":"https:\/\/magazzinimanzanesi.it\/de\/wp-json\/wp\/v2\/product_cat?post=2184"},{"taxonomy":"product_tag","embeddable":true,"href":"https:\/\/magazzinimanzanesi.it\/de\/wp-json\/wp\/v2\/product_tag?post=2184"}],"curies":[{"name":"wp","href":"https:\/\/api.w.org\/{rel}","templated":true}]}}