{"id":2189,"date":"2022-03-01T14:22:49","date_gmt":"2022-03-01T14:22:49","guid":{"rendered":"https:\/\/magazzinimanzanesi.overpx.com\/catalogo\/unkategorisiert\/schraube-4-8-uni-5933\/"},"modified":"2026-04-02T12:48:38","modified_gmt":"2026-04-02T12:48:38","slug":"schraube-4-8-uni-5933","status":"publish","type":"product","link":"https:\/\/magazzinimanzanesi.it\/de\/katalog\/schrauben-de\/metrische-schrauben\/schraube-4-8-uni-5933\/","title":{"rendered":"Selbstschneidende Schraube TGS UNI6956"},"content":{"rendered":"<h1>Versenkschraube mit Innensechskant UNI 5933<\/h1>\n<p>&nbsp;<\/p>\n<h2>Versenkschraube mit Innensechskant UNI 5933: f\u00fcr b\u00fcndige Anwendungen<\/h2>\n<p>Versenkschraube mit Senkkopf und Innensechskant sowie metrischem ISO\u2011Gewinde f\u00fcr b\u00fcndige Verschraubungen. Die Senkkopfform sorgt f\u00fcr einen gleichm\u00e4\u00dfigen Kraftverlauf und erm\u00f6glicht ein sauberes, fl\u00e4chenb\u00fcndiges Finish.<\/p>\n<p>&nbsp;<\/p>\n<h3><strong>Versenkschraube \u2013 Ma\u00dfe:<\/strong><\/h3>\n<p>M4\u00d78 mm \u2013 M12\u00d760 mm<\/p>\n<p>&nbsp;<\/p>\n<p>Weitere Oberfl\u00e4chenbehandlungen auf Anfrage<\/p>\n","protected":false},"excerpt":{"rendered":"<p>Versenkschraube mit Innensechskant UNI 5933 &nbsp; Versenkschraube mit Innensechskant UNI 5933: f\u00fcr b\u00fcndige Anwendungen Versenkschraube mit Senkkopf und Innensechskant sowie metrischem ISO\u2011Gewinde f\u00fcr b\u00fcndige Verschraubungen. Die Senkkopfform sorgt f\u00fcr einen gleichm\u00e4\u00dfigen Kraftverlauf und erm\u00f6glicht ein sauberes, fl\u00e4chenb\u00fcndiges Finish. &nbsp; Versenkschraube \u2013 Ma\u00dfe: M4\u00d78 mm \u2013 M12\u00d760 mm &nbsp; Weitere Oberfl\u00e4chenbehandlungen auf Anfrage<\/p>\n","protected":false},"featured_media":5200,"comment_status":"open","ping_status":"closed","template":"","meta":{"_acf_changed":false},"product_brand":[],"product_cat":[283,275],"product_tag":[],"class_list":{"0":"post-2189","1":"product","2":"type-product","3":"status-publish","4":"has-post-thumbnail","6":"product_cat-metrische-schrauben","7":"product_cat-schrauben-de","9":"first","10":"instock","11":"product-type-simple"},"acf":[],"_links":{"self":[{"href":"https:\/\/magazzinimanzanesi.it\/de\/wp-json\/wp\/v2\/product\/2189","targetHints":{"allow":["GET"]}}],"collection":[{"href":"https:\/\/magazzinimanzanesi.it\/de\/wp-json\/wp\/v2\/product"}],"about":[{"href":"https:\/\/magazzinimanzanesi.it\/de\/wp-json\/wp\/v2\/types\/product"}],"replies":[{"embeddable":true,"href":"https:\/\/magazzinimanzanesi.it\/de\/wp-json\/wp\/v2\/comments?post=2189"}],"wp:featuredmedia":[{"embeddable":true,"href":"https:\/\/magazzinimanzanesi.it\/de\/wp-json\/wp\/v2\/media\/5200"}],"wp:attachment":[{"href":"https:\/\/magazzinimanzanesi.it\/de\/wp-json\/wp\/v2\/media?parent=2189"}],"wp:term":[{"taxonomy":"product_brand","embeddable":true,"href":"https:\/\/magazzinimanzanesi.it\/de\/wp-json\/wp\/v2\/product_brand?post=2189"},{"taxonomy":"product_cat","embeddable":true,"href":"https:\/\/magazzinimanzanesi.it\/de\/wp-json\/wp\/v2\/product_cat?post=2189"},{"taxonomy":"product_tag","embeddable":true,"href":"https:\/\/magazzinimanzanesi.it\/de\/wp-json\/wp\/v2\/product_tag?post=2189"}],"curies":[{"name":"wp","href":"https:\/\/api.w.org\/{rel}","templated":true}]}}