{"id":2190,"date":"2022-03-01T14:22:49","date_gmt":"2022-03-01T14:22:49","guid":{"rendered":"https:\/\/magazzinimanzanesi.overpx.com\/catalogo\/unkategorisiert\/holzgewinde-schraube-4-8\/"},"modified":"2026-04-02T13:16:19","modified_gmt":"2026-04-02T13:16:19","slug":"holzgewinde-schraube-4-8","status":"publish","type":"product","link":"https:\/\/magazzinimanzanesi.it\/de\/katalog\/schrauben-de\/schrauben-fuer-holz\/holzgewinde-schraube-4-8\/","title":{"rendered":"TCCE-Holzschraube"},"content":{"rendered":"<h1>Zylinderschraube mit Innensechskant f\u00fcr Holzgewinde<\/h1>\n<p>&nbsp;<\/p>\n<h2>Zylinderschraube mit Innensechskant f\u00fcr Holzgewinde: f\u00fcr vorgebohrte Elemente<\/h2>\n<p>Schraube mit zylindrischem Kopf aus Stahl der Festigkeitsklasse 4.8 und Innensechskant, speziell f\u00fcr Holzgewinde ausgelegt. Geeignet f\u00fcr schwere Holzverbindungen, insbesondere bei vorgebohrten Teilen.<\/p>\n<p>&nbsp;<\/p>\n<h3>Zylinderschraube \u2013 Ma\u00dfe:<\/h3>\n<p>Durchmesser 6 mm, L\u00e4ngen 30\u201390 mm<\/p>\n<p>&nbsp;<\/p>\n<p>&nbsp;<\/p>\n","protected":false},"excerpt":{"rendered":"<p>Zylinderschraube mit Innensechskant f\u00fcr Holzgewinde &nbsp; Zylinderschraube mit Innensechskant f\u00fcr Holzgewinde: f\u00fcr vorgebohrte Elemente Schraube mit zylindrischem Kopf aus Stahl der Festigkeitsklasse 4.8 und Innensechskant, speziell f\u00fcr Holzgewinde ausgelegt. Geeignet f\u00fcr schwere Holzverbindungen, insbesondere bei vorgebohrten Teilen. &nbsp; Zylinderschraube \u2013 Ma\u00dfe: Durchmesser 6 mm, L\u00e4ngen 30\u201390 mm &nbsp; &nbsp;<\/p>\n","protected":false},"featured_media":5190,"comment_status":"open","ping_status":"closed","template":"","meta":{"_acf_changed":false},"product_brand":[],"product_cat":[275,284],"product_tag":[],"class_list":{"0":"post-2190","1":"product","2":"type-product","3":"status-publish","4":"has-post-thumbnail","6":"product_cat-schrauben-de","7":"product_cat-schrauben-fuer-holz","9":"first","10":"instock","11":"product-type-simple"},"acf":[],"_links":{"self":[{"href":"https:\/\/magazzinimanzanesi.it\/de\/wp-json\/wp\/v2\/product\/2190","targetHints":{"allow":["GET"]}}],"collection":[{"href":"https:\/\/magazzinimanzanesi.it\/de\/wp-json\/wp\/v2\/product"}],"about":[{"href":"https:\/\/magazzinimanzanesi.it\/de\/wp-json\/wp\/v2\/types\/product"}],"replies":[{"embeddable":true,"href":"https:\/\/magazzinimanzanesi.it\/de\/wp-json\/wp\/v2\/comments?post=2190"}],"wp:featuredmedia":[{"embeddable":true,"href":"https:\/\/magazzinimanzanesi.it\/de\/wp-json\/wp\/v2\/media\/5190"}],"wp:attachment":[{"href":"https:\/\/magazzinimanzanesi.it\/de\/wp-json\/wp\/v2\/media?parent=2190"}],"wp:term":[{"taxonomy":"product_brand","embeddable":true,"href":"https:\/\/magazzinimanzanesi.it\/de\/wp-json\/wp\/v2\/product_brand?post=2190"},{"taxonomy":"product_cat","embeddable":true,"href":"https:\/\/magazzinimanzanesi.it\/de\/wp-json\/wp\/v2\/product_cat?post=2190"},{"taxonomy":"product_tag","embeddable":true,"href":"https:\/\/magazzinimanzanesi.it\/de\/wp-json\/wp\/v2\/product_tag?post=2190"}],"curies":[{"name":"wp","href":"https:\/\/api.w.org\/{rel}","templated":true}]}}