{"id":2194,"date":"2022-03-01T14:22:49","date_gmt":"2022-03-01T14:22:49","guid":{"rendered":"https:\/\/magazzinimanzanesi.overpx.com\/catalogo\/unkategorisiert\/rundkopfschraube-2\/"},"modified":"2026-04-02T12:41:52","modified_gmt":"2026-04-02T12:41:52","slug":"rundkopfschraube-2","status":"publish","type":"product","link":"https:\/\/magazzinimanzanesi.it\/de\/katalog\/schrauben-de\/metrische-schrauben\/rundkopfschraube-2\/","title":{"rendered":"Schrauben TBCE 48"},"content":{"rendered":"<h1>Linsenkopfschraube 4.8<\/h1>\n<p>&nbsp;<\/p>\n<h2><strong>Linsenkopfschraube 4.8: Innensechskant f\u00fcr stabile Verbindungen<\/h2>\n<p>Schraube mit halbrundem Kopf und Innensechskant aus Eisen der Festigkeitsklasse 4.8. Sie eignet sich f\u00fcr stabile Verbindungen dank der gro\u00dfen Auflagefl\u00e4che des Linsenkopfes.<\/p>\n<p>&nbsp;<\/p>\n<h3><strong>Linsenkopfschraube 4.8 \u2013 Ma\u00dfe:<\/strong><\/h3>\n<p>M5\u00d710 mm \u2013 M10\u00d7120 mm <\/p>\n<p>Weitere Abmessungen auf Anfrage<\/p>\n<p>&nbsp;<\/p>\n","protected":false},"excerpt":{"rendered":"<p>Linsenkopfschraube 4.8 &nbsp; Linsenkopfschraube 4.8: Innensechskant f\u00fcr stabile Verbindungen Schraube mit halbrundem Kopf und Innensechskant aus Eisen der Festigkeitsklasse 4.8. Sie eignet sich f\u00fcr stabile Verbindungen dank der gro\u00dfen Auflagefl\u00e4che des Linsenkopfes. &nbsp; Linsenkopfschraube 4.8 \u2013 Ma\u00dfe: M5\u00d710 mm \u2013 M10\u00d7120 mm Weitere Abmessungen auf Anfrage &nbsp;<\/p>\n","protected":false},"featured_media":5235,"comment_status":"open","ping_status":"closed","template":"","meta":{"_acf_changed":false},"product_brand":[],"product_cat":[283,275],"product_tag":[],"class_list":{"0":"post-2194","1":"product","2":"type-product","3":"status-publish","4":"has-post-thumbnail","6":"product_cat-metrische-schrauben","7":"product_cat-schrauben-de","9":"first","10":"instock","11":"product-type-simple"},"acf":[],"_links":{"self":[{"href":"https:\/\/magazzinimanzanesi.it\/de\/wp-json\/wp\/v2\/product\/2194","targetHints":{"allow":["GET"]}}],"collection":[{"href":"https:\/\/magazzinimanzanesi.it\/de\/wp-json\/wp\/v2\/product"}],"about":[{"href":"https:\/\/magazzinimanzanesi.it\/de\/wp-json\/wp\/v2\/types\/product"}],"replies":[{"embeddable":true,"href":"https:\/\/magazzinimanzanesi.it\/de\/wp-json\/wp\/v2\/comments?post=2194"}],"wp:featuredmedia":[{"embeddable":true,"href":"https:\/\/magazzinimanzanesi.it\/de\/wp-json\/wp\/v2\/media\/5235"}],"wp:attachment":[{"href":"https:\/\/magazzinimanzanesi.it\/de\/wp-json\/wp\/v2\/media?parent=2194"}],"wp:term":[{"taxonomy":"product_brand","embeddable":true,"href":"https:\/\/magazzinimanzanesi.it\/de\/wp-json\/wp\/v2\/product_brand?post=2194"},{"taxonomy":"product_cat","embeddable":true,"href":"https:\/\/magazzinimanzanesi.it\/de\/wp-json\/wp\/v2\/product_cat?post=2194"},{"taxonomy":"product_tag","embeddable":true,"href":"https:\/\/magazzinimanzanesi.it\/de\/wp-json\/wp\/v2\/product_tag?post=2194"}],"curies":[{"name":"wp","href":"https:\/\/api.w.org\/{rel}","templated":true}]}}