{"id":2197,"date":"2022-03-01T14:22:46","date_gmt":"2022-03-01T14:22:46","guid":{"rendered":"https:\/\/magazzinimanzanesi.overpx.com\/catalogo\/unkategorisiert\/bit-1-4\/"},"modified":"2026-04-02T11:59:00","modified_gmt":"2026-04-02T11:59:00","slug":"bit-1-4","status":"publish","type":"product","link":"https:\/\/magazzinimanzanesi.it\/de\/katalog\/schrauben-de\/einsaetze-fuer-schrauber\/bit-1-4\/","title":{"rendered":"Sechskant-Einsatz"},"content":{"rendered":"<h1>Inbus\u2011Bit<\/h1>\n<p>&nbsp;<\/p>\n<h2>Inbus\u2011Bit: f\u00fcr Sechskantaufnahmen<\/h2>\n<p>Bit mit 1\/4\u2033\u2011Aufnahme f\u00fcr Schrauben mit Sechskantaufnahme.  Erh\u00e4ltlich in verschiedenen Gr\u00f6\u00dfen (3\u00d725 mm, 4\u00d750 mm, 5\u00d750 mm, 6\u00d750 mm, 8\u00d770 mm usw.).<\/p>\n<p>&nbsp;<\/p>\n<h3>Inbus\u2011Bit \u2013 Ma\u00dfe:<\/h3>\n<p>3\u00d725 mm, 4\u00d750 mm, 5\u00d750 mm, 6\u00d750 mm, 8\u00d770 mm (weitere Gr\u00f6\u00dfen auf Anfrage)<\/p>\n<p>&nbsp;<\/p>\n","protected":false},"excerpt":{"rendered":"<p>Inbus\u2011Bit &nbsp; Inbus\u2011Bit: f\u00fcr Sechskantaufnahmen Bit mit 1\/4\u2033\u2011Aufnahme f\u00fcr Schrauben mit Sechskantaufnahme. Erh\u00e4ltlich in verschiedenen Gr\u00f6\u00dfen (3\u00d725 mm, 4\u00d750 mm, 5\u00d750 mm, 6\u00d750 mm, 8\u00d770 mm usw.). &nbsp; Inbus\u2011Bit \u2013 Ma\u00dfe: 3\u00d725 mm, 4\u00d750 mm, 5\u00d750 mm, 6\u00d750 mm, 8\u00d770 mm (weitere Gr\u00f6\u00dfen auf Anfrage) &nbsp;<\/p>\n","protected":false},"featured_media":4845,"comment_status":"open","ping_status":"closed","template":"","meta":{"_acf_changed":false},"product_brand":[],"product_cat":[279,275],"product_tag":[],"class_list":{"0":"post-2197","1":"product","2":"type-product","3":"status-publish","4":"has-post-thumbnail","6":"product_cat-einsaetze-fuer-schrauber","7":"product_cat-schrauben-de","9":"first","10":"instock","11":"product-type-simple"},"acf":[],"_links":{"self":[{"href":"https:\/\/magazzinimanzanesi.it\/de\/wp-json\/wp\/v2\/product\/2197","targetHints":{"allow":["GET"]}}],"collection":[{"href":"https:\/\/magazzinimanzanesi.it\/de\/wp-json\/wp\/v2\/product"}],"about":[{"href":"https:\/\/magazzinimanzanesi.it\/de\/wp-json\/wp\/v2\/types\/product"}],"replies":[{"embeddable":true,"href":"https:\/\/magazzinimanzanesi.it\/de\/wp-json\/wp\/v2\/comments?post=2197"}],"wp:featuredmedia":[{"embeddable":true,"href":"https:\/\/magazzinimanzanesi.it\/de\/wp-json\/wp\/v2\/media\/4845"}],"wp:attachment":[{"href":"https:\/\/magazzinimanzanesi.it\/de\/wp-json\/wp\/v2\/media?parent=2197"}],"wp:term":[{"taxonomy":"product_brand","embeddable":true,"href":"https:\/\/magazzinimanzanesi.it\/de\/wp-json\/wp\/v2\/product_brand?post=2197"},{"taxonomy":"product_cat","embeddable":true,"href":"https:\/\/magazzinimanzanesi.it\/de\/wp-json\/wp\/v2\/product_cat?post=2197"},{"taxonomy":"product_tag","embeddable":true,"href":"https:\/\/magazzinimanzanesi.it\/de\/wp-json\/wp\/v2\/product_tag?post=2197"}],"curies":[{"name":"wp","href":"https:\/\/api.w.org\/{rel}","templated":true}]}}