{"id":2198,"date":"2022-03-01T14:22:46","date_gmt":"2022-03-01T14:22:46","guid":{"rendered":"https:\/\/magazzinimanzanesi.overpx.com\/catalogo\/unkategorisiert\/bithalter\/"},"modified":"2026-04-02T12:01:22","modified_gmt":"2026-04-02T12:01:22","slug":"bithalter","status":"publish","type":"product","link":"https:\/\/magazzinimanzanesi.it\/de\/katalog\/schrauben-de\/einsaetze-fuer-schrauber\/bithalter\/","title":{"rendered":"Magnetischer Einsatzhalter"},"content":{"rendered":"<h1>Magnetischer Bithalter<\/h1>\n<p>&nbsp;<\/p>\n<h2>Magnetischer Bithalter: einfache Handhabung<\/h2>\n<p>Bithalter mit 1\/4\u2033\u2011Aufnahme und integriertem Permanentmagnet.  In verschiedenen L\u00e4ngen erh\u00e4ltlich; h\u00e4lt die Schraube sicher und erleichtert die Montage.<\/p>\n<p>&nbsp;<\/p>\n<h3>Magnetischer Bithalter \u2013 Ma\u00dfe:<\/h3>\n<p>L\u00e4ngen 45\u2013150 mm (je nach Ausf\u00fchrung)<\/p>\n","protected":false},"excerpt":{"rendered":"<p>Magnetischer Bithalter &nbsp; Magnetischer Bithalter: einfache Handhabung Bithalter mit 1\/4\u2033\u2011Aufnahme und integriertem Permanentmagnet. In verschiedenen L\u00e4ngen erh\u00e4ltlich; h\u00e4lt die Schraube sicher und erleichtert die Montage. &nbsp; Magnetischer Bithalter \u2013 Ma\u00dfe: L\u00e4ngen 45\u2013150 mm (je nach Ausf\u00fchrung)<\/p>\n","protected":false},"featured_media":5005,"comment_status":"open","ping_status":"closed","template":"","meta":{"_acf_changed":false},"product_brand":[],"product_cat":[279,275],"product_tag":[],"class_list":{"0":"post-2198","1":"product","2":"type-product","3":"status-publish","4":"has-post-thumbnail","6":"product_cat-einsaetze-fuer-schrauber","7":"product_cat-schrauben-de","9":"first","10":"instock","11":"product-type-simple"},"acf":[],"_links":{"self":[{"href":"https:\/\/magazzinimanzanesi.it\/de\/wp-json\/wp\/v2\/product\/2198","targetHints":{"allow":["GET"]}}],"collection":[{"href":"https:\/\/magazzinimanzanesi.it\/de\/wp-json\/wp\/v2\/product"}],"about":[{"href":"https:\/\/magazzinimanzanesi.it\/de\/wp-json\/wp\/v2\/types\/product"}],"replies":[{"embeddable":true,"href":"https:\/\/magazzinimanzanesi.it\/de\/wp-json\/wp\/v2\/comments?post=2198"}],"wp:featuredmedia":[{"embeddable":true,"href":"https:\/\/magazzinimanzanesi.it\/de\/wp-json\/wp\/v2\/media\/5005"}],"wp:attachment":[{"href":"https:\/\/magazzinimanzanesi.it\/de\/wp-json\/wp\/v2\/media?parent=2198"}],"wp:term":[{"taxonomy":"product_brand","embeddable":true,"href":"https:\/\/magazzinimanzanesi.it\/de\/wp-json\/wp\/v2\/product_brand?post=2198"},{"taxonomy":"product_cat","embeddable":true,"href":"https:\/\/magazzinimanzanesi.it\/de\/wp-json\/wp\/v2\/product_cat?post=2198"},{"taxonomy":"product_tag","embeddable":true,"href":"https:\/\/magazzinimanzanesi.it\/de\/wp-json\/wp\/v2\/product_tag?post=2198"}],"curies":[{"name":"wp","href":"https:\/\/api.w.org\/{rel}","templated":true}]}}