{"id":2200,"date":"2022-03-01T14:22:46","date_gmt":"2022-03-01T14:22:46","guid":{"rendered":"https:\/\/magazzinimanzanesi.overpx.com\/catalogo\/unkategorisiert\/bit-1-4-2\/"},"modified":"2026-04-02T12:03:05","modified_gmt":"2026-04-02T12:03:05","slug":"bit-1-4-2","status":"publish","type":"product","link":"https:\/\/magazzinimanzanesi.it\/de\/katalog\/schrauben-de\/einsaetze-fuer-schrauber\/bit-1-4-2\/","title":{"rendered":"Kreuzf\u00f6rmiger Einsatz PHPZ"},"content":{"rendered":"<h1>Kreuzschlitz\u2011Bit PH\/PZ<\/h1>\n<p>&nbsp;<\/p>\n<h2>Kreuzschlitz\u2011Bit PH\/PZ: Qualit\u00e4t und Langlebigkeit<\/h2>\n<p>Bit mit 1\/4\u2033\u2011Aufnahme und Kreuzschlitzprofil PH (Phillips) oder PZ (Pozidriv).  Erh\u00e4ltlich in den Gr\u00f6\u00dfen PH0\u2013PH3 und PZ1\u2013PZ3 sowie L\u00e4ngen von 25 mm bis 150 mm.<\/p>\n<p>&nbsp;<\/p>\n<h3>Kreuzschlitz\u2011Bit \u2013 Ma\u00dfe:<\/h3>\n<p>PH0\u2013PH3, PZ1\u2013PZ3  <\/p>\n<p>L\u00e4ngen 25\u2013150 mm<\/p>\n","protected":false},"excerpt":{"rendered":"<p>Kreuzschlitz\u2011Bit PH\/PZ &nbsp; Kreuzschlitz\u2011Bit PH\/PZ: Qualit\u00e4t und Langlebigkeit Bit mit 1\/4\u2033\u2011Aufnahme und Kreuzschlitzprofil PH (Phillips) oder PZ (Pozidriv). Erh\u00e4ltlich in den Gr\u00f6\u00dfen PH0\u2013PH3 und PZ1\u2013PZ3 sowie L\u00e4ngen von 25 mm bis 150 mm. &nbsp; Kreuzschlitz\u2011Bit \u2013 Ma\u00dfe: PH0\u2013PH3, PZ1\u2013PZ3 L\u00e4ngen 25\u2013150 mm<\/p>\n","protected":false},"featured_media":4860,"comment_status":"open","ping_status":"closed","template":"","meta":{"_acf_changed":false},"product_brand":[],"product_cat":[279,275],"product_tag":[],"class_list":{"0":"post-2200","1":"product","2":"type-product","3":"status-publish","4":"has-post-thumbnail","6":"product_cat-einsaetze-fuer-schrauber","7":"product_cat-schrauben-de","9":"first","10":"instock","11":"product-type-simple"},"acf":[],"_links":{"self":[{"href":"https:\/\/magazzinimanzanesi.it\/de\/wp-json\/wp\/v2\/product\/2200","targetHints":{"allow":["GET"]}}],"collection":[{"href":"https:\/\/magazzinimanzanesi.it\/de\/wp-json\/wp\/v2\/product"}],"about":[{"href":"https:\/\/magazzinimanzanesi.it\/de\/wp-json\/wp\/v2\/types\/product"}],"replies":[{"embeddable":true,"href":"https:\/\/magazzinimanzanesi.it\/de\/wp-json\/wp\/v2\/comments?post=2200"}],"wp:featuredmedia":[{"embeddable":true,"href":"https:\/\/magazzinimanzanesi.it\/de\/wp-json\/wp\/v2\/media\/4860"}],"wp:attachment":[{"href":"https:\/\/magazzinimanzanesi.it\/de\/wp-json\/wp\/v2\/media?parent=2200"}],"wp:term":[{"taxonomy":"product_brand","embeddable":true,"href":"https:\/\/magazzinimanzanesi.it\/de\/wp-json\/wp\/v2\/product_brand?post=2200"},{"taxonomy":"product_cat","embeddable":true,"href":"https:\/\/magazzinimanzanesi.it\/de\/wp-json\/wp\/v2\/product_cat?post=2200"},{"taxonomy":"product_tag","embeddable":true,"href":"https:\/\/magazzinimanzanesi.it\/de\/wp-json\/wp\/v2\/product_tag?post=2200"}],"curies":[{"name":"wp","href":"https:\/\/api.w.org\/{rel}","templated":true}]}}