{"id":2214,"date":"2022-03-01T14:22:45","date_gmt":"2022-03-01T14:22:45","guid":{"rendered":"https:\/\/magazzinimanzanesi.overpx.com\/catalogo\/unkategorisiert\/holzfeuchtigkeits-messgerat-lg6ng\/"},"modified":"2026-04-06T17:36:04","modified_gmt":"2026-04-06T17:36:04","slug":"holzfeuchtigkeits-messgerat-lg6ng","status":"publish","type":"product","link":"https:\/\/magazzinimanzanesi.it\/de\/katalog\/werkzeug-de\/mase\/holzfeuchtigkeits-messgerat-lg6ng\/","title":{"rendered":"Kontakt-Holzfeuchtemessger\u00e4t"},"content":{"rendered":"<h1>Kontakt-Feuchtigkeitsmesser<\/h1>\n<p>&nbsp;<\/p>\n<h2>Kontakt-Holzfeuchtemessger\u00e4t: F\u00fcr Messungen ohne Besch\u00e4digung der Oberfl\u00e4che<\/h2>\n<p>Messger\u00e4t mit 7 Skalen zur Messung von Holz nach Dichteklassen. Es erm\u00f6glicht schnelle Tiefenmessungen an gelagertem oder getrocknetem Holz, ohne das Material zu besch\u00e4digen. Lieferumfang: Ledertasche, Alkalibatterie, Bedienungsanleitung. Zus\u00e4tzliche Funktionen: automatische Abschaltung beim Loslassen der Messtaste, Anzeige bei niedriger Batteriespannung.<\/p>\n<p>&nbsp;<\/p>\n<h3><strong>Kontakt-Holzfeuchtemessger\u00e4t \u2013 Ma\u00dfe:<\/strong><\/h3>\n<p>\u2022 Empfohlener Messbereich: 2 \u2013 99,9 %<br \/>\n\u2022 Holzgruppen: 12<br \/>\n\u2022 \u00dcber 400 Holzarten enthalten<br \/>\n\u2022 Messtiefe: 15 \u2013 30 mm<br \/>\n\u2022 Stromversorgung: 3 \u00d7 AAA (LR03) Alkalibatterien<br \/>\n\u2022 Autonomie: 60 h<br \/>\n\u2022 Abmessungen: 150 \u00d7 70 \u00d7 31 mm<br \/>\n\u2022 Gewicht: 208 g<\/p>\n","protected":false},"excerpt":{"rendered":"<p>Kontakt-Feuchtigkeitsmesser &nbsp; Kontakt-Holzfeuchtemessger\u00e4t: F\u00fcr Messungen ohne Besch\u00e4digung der Oberfl\u00e4che Messger\u00e4t mit 7 Skalen zur Messung von Holz nach Dichteklassen. Es erm\u00f6glicht schnelle Tiefenmessungen an gelagertem oder getrocknetem Holz, ohne das Material zu besch\u00e4digen. Lieferumfang: Ledertasche, Alkalibatterie, Bedienungsanleitung. Zus\u00e4tzliche Funktionen: automatische Abschaltung beim Loslassen der Messtaste, Anzeige bei niedriger Batteriespannung. &nbsp; Kontakt-Holzfeuchtemessger\u00e4t \u2013 Ma\u00dfe: \u2022 Empfohlener [&hellip;]<\/p>\n","protected":false},"featured_media":6347,"comment_status":"open","ping_status":"closed","template":"","meta":{"_acf_changed":false},"product_brand":[],"product_cat":[242,236],"product_tag":[],"class_list":{"0":"post-2214","1":"product","2":"type-product","3":"status-publish","4":"has-post-thumbnail","6":"product_cat-mase","7":"product_cat-werkzeug-de","9":"first","10":"instock","11":"product-type-simple"},"acf":[],"_links":{"self":[{"href":"https:\/\/magazzinimanzanesi.it\/de\/wp-json\/wp\/v2\/product\/2214","targetHints":{"allow":["GET"]}}],"collection":[{"href":"https:\/\/magazzinimanzanesi.it\/de\/wp-json\/wp\/v2\/product"}],"about":[{"href":"https:\/\/magazzinimanzanesi.it\/de\/wp-json\/wp\/v2\/types\/product"}],"replies":[{"embeddable":true,"href":"https:\/\/magazzinimanzanesi.it\/de\/wp-json\/wp\/v2\/comments?post=2214"}],"wp:featuredmedia":[{"embeddable":true,"href":"https:\/\/magazzinimanzanesi.it\/de\/wp-json\/wp\/v2\/media\/6347"}],"wp:attachment":[{"href":"https:\/\/magazzinimanzanesi.it\/de\/wp-json\/wp\/v2\/media?parent=2214"}],"wp:term":[{"taxonomy":"product_brand","embeddable":true,"href":"https:\/\/magazzinimanzanesi.it\/de\/wp-json\/wp\/v2\/product_brand?post=2214"},{"taxonomy":"product_cat","embeddable":true,"href":"https:\/\/magazzinimanzanesi.it\/de\/wp-json\/wp\/v2\/product_cat?post=2214"},{"taxonomy":"product_tag","embeddable":true,"href":"https:\/\/magazzinimanzanesi.it\/de\/wp-json\/wp\/v2\/product_tag?post=2214"}],"curies":[{"name":"wp","href":"https:\/\/api.w.org\/{rel}","templated":true}]}}