{"id":2221,"date":"2022-03-01T14:22:45","date_gmt":"2022-03-01T14:22:45","guid":{"rendered":"https:\/\/magazzinimanzanesi.overpx.com\/catalogo\/unkategorisiert\/rac-180-olpneumatisch-fur-blindniete\/"},"modified":"2026-04-04T10:16:56","modified_gmt":"2026-04-04T10:16:56","slug":"rac-180-olpneumatisch-fur-blindniete","status":"publish","type":"product","link":"https:\/\/magazzinimanzanesi.it\/de\/katalog\/werkzeug-de\/pneumatische-geraete\/rac-180-olpneumatisch-fur-blindniete\/","title":{"rendered":"Oleopneumatische Blindnietmaschine RAC 180"},"content":{"rendered":"<h1>Oleopneumatische Nietmaschine<\/h1>\n<p>Rac 180 oleopneumatica per rivetti \u00d8 2,4 \u00f7 6.<\/p>\n<h3>Oleopneumatische Blindnietmaschine RAC 180: F\u00fcr Blindniete \u00d8 2,4 bis 6 mm<\/p>\n<h3\/>\nPer rivetti \u00d8 6<strong> solo in alluminio.<\/strong><\/p>\n<p>&nbsp;<\/p>\n","protected":false},"excerpt":{"rendered":"<p>Oleopneumatische Nietmaschine Rac 180 oleopneumatica per rivetti \u00d8 2,4 \u00f7 6. Oleopneumatische Blindnietmaschine RAC 180: F\u00fcr Blindniete \u00d8 2,4 bis 6 mm Per rivetti \u00d8 6 solo in alluminio. &nbsp;<\/p>\n","protected":false},"featured_media":5060,"comment_status":"open","ping_status":"closed","template":"","meta":{"_acf_changed":false},"product_brand":[],"product_cat":[238,236],"product_tag":[],"class_list":{"0":"post-2221","1":"product","2":"type-product","3":"status-publish","4":"has-post-thumbnail","6":"product_cat-pneumatische-geraete","7":"product_cat-werkzeug-de","9":"first","10":"instock","11":"product-type-simple"},"acf":[],"_links":{"self":[{"href":"https:\/\/magazzinimanzanesi.it\/de\/wp-json\/wp\/v2\/product\/2221","targetHints":{"allow":["GET"]}}],"collection":[{"href":"https:\/\/magazzinimanzanesi.it\/de\/wp-json\/wp\/v2\/product"}],"about":[{"href":"https:\/\/magazzinimanzanesi.it\/de\/wp-json\/wp\/v2\/types\/product"}],"replies":[{"embeddable":true,"href":"https:\/\/magazzinimanzanesi.it\/de\/wp-json\/wp\/v2\/comments?post=2221"}],"wp:featuredmedia":[{"embeddable":true,"href":"https:\/\/magazzinimanzanesi.it\/de\/wp-json\/wp\/v2\/media\/5060"}],"wp:attachment":[{"href":"https:\/\/magazzinimanzanesi.it\/de\/wp-json\/wp\/v2\/media?parent=2221"}],"wp:term":[{"taxonomy":"product_brand","embeddable":true,"href":"https:\/\/magazzinimanzanesi.it\/de\/wp-json\/wp\/v2\/product_brand?post=2221"},{"taxonomy":"product_cat","embeddable":true,"href":"https:\/\/magazzinimanzanesi.it\/de\/wp-json\/wp\/v2\/product_cat?post=2221"},{"taxonomy":"product_tag","embeddable":true,"href":"https:\/\/magazzinimanzanesi.it\/de\/wp-json\/wp\/v2\/product_tag?post=2221"}],"curies":[{"name":"wp","href":"https:\/\/api.w.org\/{rel}","templated":true}]}}