{"id":2222,"date":"2022-03-01T14:22:45","date_gmt":"2022-03-01T14:22:45","guid":{"rendered":"https:\/\/magazzinimanzanesi.overpx.com\/catalogo\/unkategorisiert\/rac-83ax-pneumatisch-fur-blindniete\/"},"modified":"2026-04-04T11:10:09","modified_gmt":"2026-04-04T11:10:09","slug":"rac-83ax-pneumatisch-fur-blindniete","status":"publish","type":"product","link":"https:\/\/magazzinimanzanesi.it\/de\/katalog\/werkzeug-de\/pneumatische-geraete\/rac-83ax-pneumatisch-fur-blindniete\/","title":{"rendered":"Pneumatische Blindnietmaschine RAC 83AX"},"content":{"rendered":"<h1>Pneumatische Nietmaschine<\/h1>\n<p>&nbsp;<\/p>\n<p>Pneumatische Blindnietmaschine RAC 83AX: F\u00fcr Blindniete \u00d8 2,4 bis 4,8 mm<br \/>\nPneumatische Blindnietmaschine f\u00fcr Blindniete von \u00d8 2,4 bis 4,8 mm; \u00d8 4,8 nur f\u00fcr Blindniete aus Aluminium. Geeignet f\u00fcr schnelle und wiederholte Montagearbeiten mit hoher Prozesssicherheit.<\/p>\n<p>&nbsp;<\/p>\n<h3>Pneumatische Blindnietmaschine RAC 83AX \u2013 Ma\u00dfe:<\/h3>\n<p>Blindniete: \u00d8 2,4 bis 4,8 mm<\/p>\n<p>\u00d8 4,8 nur f\u00fcr Alu-Blindniete<\/p>\n","protected":false},"excerpt":{"rendered":"<p>Pneumatische Nietmaschine &nbsp; Pneumatische Blindnietmaschine RAC 83AX: F\u00fcr Blindniete \u00d8 2,4 bis 4,8 mm Pneumatische Blindnietmaschine f\u00fcr Blindniete von \u00d8 2,4 bis 4,8 mm; \u00d8 4,8 nur f\u00fcr Blindniete aus Aluminium. Geeignet f\u00fcr schnelle und wiederholte Montagearbeiten mit hoher Prozesssicherheit. &nbsp; Pneumatische Blindnietmaschine RAC 83AX \u2013 Ma\u00dfe: Blindniete: \u00d8 2,4 bis 4,8 mm \u00d8 4,8 [&hellip;]<\/p>\n","protected":false},"featured_media":5055,"comment_status":"open","ping_status":"closed","template":"","meta":{"_acf_changed":false},"product_brand":[],"product_cat":[238,236],"product_tag":[],"class_list":{"0":"post-2222","1":"product","2":"type-product","3":"status-publish","4":"has-post-thumbnail","6":"product_cat-pneumatische-geraete","7":"product_cat-werkzeug-de","9":"first","10":"instock","11":"product-type-simple"},"acf":[],"_links":{"self":[{"href":"https:\/\/magazzinimanzanesi.it\/de\/wp-json\/wp\/v2\/product\/2222","targetHints":{"allow":["GET"]}}],"collection":[{"href":"https:\/\/magazzinimanzanesi.it\/de\/wp-json\/wp\/v2\/product"}],"about":[{"href":"https:\/\/magazzinimanzanesi.it\/de\/wp-json\/wp\/v2\/types\/product"}],"replies":[{"embeddable":true,"href":"https:\/\/magazzinimanzanesi.it\/de\/wp-json\/wp\/v2\/comments?post=2222"}],"wp:featuredmedia":[{"embeddable":true,"href":"https:\/\/magazzinimanzanesi.it\/de\/wp-json\/wp\/v2\/media\/5055"}],"wp:attachment":[{"href":"https:\/\/magazzinimanzanesi.it\/de\/wp-json\/wp\/v2\/media?parent=2222"}],"wp:term":[{"taxonomy":"product_brand","embeddable":true,"href":"https:\/\/magazzinimanzanesi.it\/de\/wp-json\/wp\/v2\/product_brand?post=2222"},{"taxonomy":"product_cat","embeddable":true,"href":"https:\/\/magazzinimanzanesi.it\/de\/wp-json\/wp\/v2\/product_cat?post=2222"},{"taxonomy":"product_tag","embeddable":true,"href":"https:\/\/magazzinimanzanesi.it\/de\/wp-json\/wp\/v2\/product_tag?post=2222"}],"curies":[{"name":"wp","href":"https:\/\/api.w.org\/{rel}","templated":true}]}}