{"id":2229,"date":"2022-03-01T14:22:45","date_gmt":"2022-03-01T14:22:45","guid":{"rendered":"https:\/\/magazzinimanzanesi.overpx.com\/catalogo\/unkategorisiert\/stemmbohrer\/"},"modified":"2026-04-06T17:18:48","modified_gmt":"2026-04-06T17:18:48","slug":"stemmbohrer","status":"publish","type":"product","link":"https:\/\/magazzinimanzanesi.it\/de\/katalog\/werkzeug-de\/bohren\/stemmbohrer\/","title":{"rendered":"Hohlmei\u00dfelbohrer aus HSS-Stahl"},"content":{"rendered":"<h1>Oszillierender Bohrer<\/h1>\n<p>&nbsp;<\/p>\n<h2>Hohlmei\u00dfelbohrer aus HSS-Stahl: Zum Bohren und Fr\u00e4sen<\/h2>\n<p>Hohlmei\u00dfelbohrer aus HSS-Stahl mit zylindrischem Schaft \u00d8 16 f\u00fcr Bohr- und Fr\u00e4sarbeiten.<\/p>\n<p>&nbsp;<\/p>\n<h3>Hohlmei\u00dfelbohrer aus HSS-Stahl \u2013 Ma\u00dfe:<\/h3>\n<p>2 Schneiden: von \u00d8 4\u00d7110 mm bis \u00d8 20\u00d7110 mm<\/p>\n<p>4 Schneiden: von \u00d8 8\u00d7110 mm bis \u00d8 16\u00d7110 mm<\/p>\n<p>Auch in Extralang-Ausf\u00fchrung mit 140 mm erh\u00e4ltlich.<\/p>\n<p>&nbsp;<\/p>\n<p>&nbsp;<\/p>\n","protected":false},"excerpt":{"rendered":"<p>Oszillierender Bohrer &nbsp; Hohlmei\u00dfelbohrer aus HSS-Stahl: Zum Bohren und Fr\u00e4sen Hohlmei\u00dfelbohrer aus HSS-Stahl mit zylindrischem Schaft \u00d8 16 f\u00fcr Bohr- und Fr\u00e4sarbeiten. &nbsp; Hohlmei\u00dfelbohrer aus HSS-Stahl \u2013 Ma\u00dfe: 2 Schneiden: von \u00d8 4\u00d7110 mm bis \u00d8 20\u00d7110 mm 4 Schneiden: von \u00d8 8\u00d7110 mm bis \u00d8 16\u00d7110 mm Auch in Extralang-Ausf\u00fchrung mit 140 mm erh\u00e4ltlich. [&hellip;]<\/p>\n","protected":false},"featured_media":5040,"comment_status":"open","ping_status":"closed","template":"","meta":{"_acf_changed":false},"product_brand":[],"product_cat":[240,236],"product_tag":[],"class_list":{"0":"post-2229","1":"product","2":"type-product","3":"status-publish","4":"has-post-thumbnail","6":"product_cat-bohren","7":"product_cat-werkzeug-de","9":"first","10":"instock","11":"product-type-simple"},"acf":[],"_links":{"self":[{"href":"https:\/\/magazzinimanzanesi.it\/de\/wp-json\/wp\/v2\/product\/2229","targetHints":{"allow":["GET"]}}],"collection":[{"href":"https:\/\/magazzinimanzanesi.it\/de\/wp-json\/wp\/v2\/product"}],"about":[{"href":"https:\/\/magazzinimanzanesi.it\/de\/wp-json\/wp\/v2\/types\/product"}],"replies":[{"embeddable":true,"href":"https:\/\/magazzinimanzanesi.it\/de\/wp-json\/wp\/v2\/comments?post=2229"}],"wp:featuredmedia":[{"embeddable":true,"href":"https:\/\/magazzinimanzanesi.it\/de\/wp-json\/wp\/v2\/media\/5040"}],"wp:attachment":[{"href":"https:\/\/magazzinimanzanesi.it\/de\/wp-json\/wp\/v2\/media?parent=2229"}],"wp:term":[{"taxonomy":"product_brand","embeddable":true,"href":"https:\/\/magazzinimanzanesi.it\/de\/wp-json\/wp\/v2\/product_brand?post=2229"},{"taxonomy":"product_cat","embeddable":true,"href":"https:\/\/magazzinimanzanesi.it\/de\/wp-json\/wp\/v2\/product_cat?post=2229"},{"taxonomy":"product_tag","embeddable":true,"href":"https:\/\/magazzinimanzanesi.it\/de\/wp-json\/wp\/v2\/product_tag?post=2229"}],"curies":[{"name":"wp","href":"https:\/\/api.w.org\/{rel}","templated":true}]}}