{"id":2237,"date":"2022-03-01T14:22:44","date_gmt":"2022-03-01T14:22:44","guid":{"rendered":"https:\/\/magazzinimanzanesi.overpx.com\/catalogo\/unkategorisiert\/klebstoff-dosieranlage\/"},"modified":"2026-04-04T11:18:52","modified_gmt":"2026-04-04T11:18:52","slug":"klebstoff-dosieranlage","status":"publish","type":"product","link":"https:\/\/magazzinimanzanesi.it\/de\/katalog\/werkzeug-de\/leimspender\/klebstoff-dosieranlage\/","title":{"rendered":"Leimdosierer aus Edelstahl"},"content":{"rendered":"<h1>Leimbeh\u00e4lter<\/h1>\n<h2>Leimdosierer aus Edelstahl: Praktisch und wirtschaftlich<\/h2>\n<p>Kompletter Leimdosierer mit Druckregler, Schlauch und Pistole mit Sicherheitsventil, kalibriert auf 5 Atmosph\u00e4ren. Der Dosierer ist aus Edelstahl gefertigt und f\u00fcr pr\u00e4zise industrielle Leimabgabe ausgelegt.<\/p>\n<h3>Leimdosierer aus Edelstahl \u2013 Ma\u00dfe:<\/h3>\n<p><strong>Verf\u00fcgbare Versionen:<\/strong><br \/>\nmit 10-l-Beh\u00e4lter, H\u00f6he 34 cm<br \/>\nmit 20-l-Beh\u00e4lter, H\u00f6he 57 cm<\/p>\n<p><strong>Ausstattung des Beh\u00e4lters:<\/strong><br \/>\n1 Druckminderer<br \/>\n1 Manometer<\/p>\n<p><strong>Komplettset:<\/strong><\/p>\n<p>1 Leimpistole<br \/>\n1 Schlauch, L\u00e4nge 3 m<\/p>\n<p>Bei besonderen Anforderungen auch mit 2 Pistolen lieferbar.<\/p>\n","protected":false},"excerpt":{"rendered":"<p>Leimbeh\u00e4lter Leimdosierer aus Edelstahl: Praktisch und wirtschaftlich Kompletter Leimdosierer mit Druckregler, Schlauch und Pistole mit Sicherheitsventil, kalibriert auf 5 Atmosph\u00e4ren. Der Dosierer ist aus Edelstahl gefertigt und f\u00fcr pr\u00e4zise industrielle Leimabgabe ausgelegt. Leimdosierer aus Edelstahl \u2013 Ma\u00dfe: Verf\u00fcgbare Versionen: mit 10-l-Beh\u00e4lter, H\u00f6he 34 cm mit 20-l-Beh\u00e4lter, H\u00f6he 57 cm Ausstattung des Beh\u00e4lters: 1 Druckminderer 1 [&hellip;]<\/p>\n","protected":false},"featured_media":4710,"comment_status":"closed","ping_status":"closed","template":"","meta":{"_acf_changed":false},"product_brand":[],"product_cat":[239,236],"product_tag":[],"class_list":{"0":"post-2237","1":"product","2":"type-product","3":"status-publish","4":"has-post-thumbnail","6":"product_cat-leimspender","7":"product_cat-werkzeug-de","9":"first","10":"instock","11":"shipping-taxable","12":"product-type-simple"},"acf":[],"_links":{"self":[{"href":"https:\/\/magazzinimanzanesi.it\/de\/wp-json\/wp\/v2\/product\/2237","targetHints":{"allow":["GET"]}}],"collection":[{"href":"https:\/\/magazzinimanzanesi.it\/de\/wp-json\/wp\/v2\/product"}],"about":[{"href":"https:\/\/magazzinimanzanesi.it\/de\/wp-json\/wp\/v2\/types\/product"}],"replies":[{"embeddable":true,"href":"https:\/\/magazzinimanzanesi.it\/de\/wp-json\/wp\/v2\/comments?post=2237"}],"wp:featuredmedia":[{"embeddable":true,"href":"https:\/\/magazzinimanzanesi.it\/de\/wp-json\/wp\/v2\/media\/4710"}],"wp:attachment":[{"href":"https:\/\/magazzinimanzanesi.it\/de\/wp-json\/wp\/v2\/media?parent=2237"}],"wp:term":[{"taxonomy":"product_brand","embeddable":true,"href":"https:\/\/magazzinimanzanesi.it\/de\/wp-json\/wp\/v2\/product_brand?post=2237"},{"taxonomy":"product_cat","embeddable":true,"href":"https:\/\/magazzinimanzanesi.it\/de\/wp-json\/wp\/v2\/product_cat?post=2237"},{"taxonomy":"product_tag","embeddable":true,"href":"https:\/\/magazzinimanzanesi.it\/de\/wp-json\/wp\/v2\/product_tag?post=2237"}],"curies":[{"name":"wp","href":"https:\/\/api.w.org\/{rel}","templated":true}]}}