{"id":2239,"date":"2022-03-01T14:22:45","date_gmt":"2022-03-01T14:22:45","guid":{"rendered":"https:\/\/magazzinimanzanesi.overpx.com\/catalogo\/unkategorisiert\/lochbohreransatz-2\/"},"modified":"2026-04-06T17:27:42","modified_gmt":"2026-04-06T17:27:42","slug":"lochbohreransatz-2","status":"publish","type":"product","link":"https:\/\/magazzinimanzanesi.it\/de\/katalog\/werkzeug-de\/bohren\/lochbohreransatz-2\/","title":{"rendered":"Bohrer f\u00fcr Mehrspindel-Bohrmaschinen aus HSS-Stahl mit Ompec-Aufnahme"},"content":{"rendered":"<h1>Bohrer f\u00fcr Mehrspindel-Bohrmaschinen mit Kegelaufnahme<\/h1>\n<p>&nbsp;<\/p>\n<h2>Bohrer f\u00fcr Mehrspindel-Bohrmaschinen aus HSS-Stahl mit Ompec-Aufnahme: F\u00fcr Serienbearbeitungen<\/h2>\n<p>Bohrer f\u00fcr Mehrspindel-Bohrmaschinen aus HSS-Stahl mit 10MA-Aufnahme, rechts- und linkslaufend, Ompec-kompatibel.<\/p>\n<p>&nbsp;<\/p>\n<h2>Bohrer f\u00fcr Mehrspindel-Bohrmaschinen aus HSS-Stahl mit Ompec-Aufnahme \u2013 Ma\u00dfe:<\/h2>\n<p>Von \u00d86x30mm bis \u00d86x60mm<\/p>\n<p>Von \u00d88x30mm bis \u00d88x60mm<\/p>\n<p>Von \u00d810x30mm bis \u00d810x60mm<\/p>\n<p>Von \u00d812x30mm bis \u00d812x60mm<\/p>\n<p>Von \u00d814x30mm bis \u00d814x60mm<\/p>\n<p>Von \u00d816x30mm bis \u00d816x60mm<\/p>\n<p>Da \u00d818x30mm bis \u00d818x60mm<\/p>\n<p>Da \u00d820x30mm bis \u00d820x60mm<\/p>\n<p>&nbsp;<\/p>\n","protected":false},"excerpt":{"rendered":"<p>Bohrer f\u00fcr Mehrspindel-Bohrmaschinen mit Kegelaufnahme &nbsp; Bohrer f\u00fcr Mehrspindel-Bohrmaschinen aus HSS-Stahl mit Ompec-Aufnahme: F\u00fcr Serienbearbeitungen Bohrer f\u00fcr Mehrspindel-Bohrmaschinen aus HSS-Stahl mit 10MA-Aufnahme, rechts- und linkslaufend, Ompec-kompatibel. &nbsp; Bohrer f\u00fcr Mehrspindel-Bohrmaschinen aus HSS-Stahl mit Ompec-Aufnahme \u2013 Ma\u00dfe: Von \u00d86x30mm bis \u00d86x60mm Von \u00d88x30mm bis \u00d88x60mm Von \u00d810x30mm bis \u00d810x60mm Von \u00d812x30mm bis \u00d812x60mm Von \u00d814x30mm bis [&hellip;]<\/p>\n","protected":false},"featured_media":5030,"comment_status":"open","ping_status":"closed","template":"","meta":{"_acf_changed":false},"product_brand":[],"product_cat":[240,236],"product_tag":[],"class_list":{"0":"post-2239","1":"product","2":"type-product","3":"status-publish","4":"has-post-thumbnail","6":"product_cat-bohren","7":"product_cat-werkzeug-de","9":"first","10":"instock","11":"product-type-simple"},"acf":[],"_links":{"self":[{"href":"https:\/\/magazzinimanzanesi.it\/de\/wp-json\/wp\/v2\/product\/2239","targetHints":{"allow":["GET"]}}],"collection":[{"href":"https:\/\/magazzinimanzanesi.it\/de\/wp-json\/wp\/v2\/product"}],"about":[{"href":"https:\/\/magazzinimanzanesi.it\/de\/wp-json\/wp\/v2\/types\/product"}],"replies":[{"embeddable":true,"href":"https:\/\/magazzinimanzanesi.it\/de\/wp-json\/wp\/v2\/comments?post=2239"}],"wp:featuredmedia":[{"embeddable":true,"href":"https:\/\/magazzinimanzanesi.it\/de\/wp-json\/wp\/v2\/media\/5030"}],"wp:attachment":[{"href":"https:\/\/magazzinimanzanesi.it\/de\/wp-json\/wp\/v2\/media?parent=2239"}],"wp:term":[{"taxonomy":"product_brand","embeddable":true,"href":"https:\/\/magazzinimanzanesi.it\/de\/wp-json\/wp\/v2\/product_brand?post=2239"},{"taxonomy":"product_cat","embeddable":true,"href":"https:\/\/magazzinimanzanesi.it\/de\/wp-json\/wp\/v2\/product_cat?post=2239"},{"taxonomy":"product_tag","embeddable":true,"href":"https:\/\/magazzinimanzanesi.it\/de\/wp-json\/wp\/v2\/product_tag?post=2239"}],"curies":[{"name":"wp","href":"https:\/\/api.w.org\/{rel}","templated":true}]}}