{"id":7870,"date":"2025-01-30T15:22:34","date_gmt":"2025-01-30T15:22:34","guid":{"rendered":"https:\/\/magazzinimanzanesi.it\/?post_type=product&#038;p=7870"},"modified":"2026-04-13T10:15:20","modified_gmt":"2026-04-13T10:15:20","slug":"beschlage-verpackung-copia","status":"publish","type":"product","link":"https:\/\/magazzinimanzanesi.it\/de\/katalog\/serviceleistung\/beschlage-verpackung-copia\/","title":{"rendered":"Fertigung nach Zeichnung"},"content":{"rendered":"<h1>Herstellung nach kundenspezifischer Zeichnung<\/h1>\n<h2>Fertigung nach Zeichnung: Ma\u00dfgeschneiderte L\u00f6sungen<\/h2>\n<p>Service zur Herstellung von Komponenten nach Zeichnung oder kundenspezifischer technischer Vorgabe, ausgelegt f\u00fcr ma\u00dfgeschneiderte Anforderungen au\u00dferhalb des Standardkatalogs.<\/p>\n<h3>Fertigung nach Zeichnung \u2013 Ma\u00dfe:<\/h3>\n<p>Nach Zeichnung.<\/p>\n","protected":false},"excerpt":{"rendered":"<p>Herstellung nach kundenspezifischer Zeichnung Fertigung nach Zeichnung: Ma\u00dfgeschneiderte L\u00f6sungen Service zur Herstellung von Komponenten nach Zeichnung oder kundenspezifischer technischer Vorgabe, ausgelegt f\u00fcr ma\u00dfgeschneiderte Anforderungen au\u00dferhalb des Standardkatalogs. Fertigung nach Zeichnung \u2013 Ma\u00dfe: Nach Zeichnung.<\/p>\n","protected":false},"featured_media":7867,"comment_status":"open","ping_status":"closed","template":"","meta":{"_acf_changed":false},"product_brand":[],"product_cat":[261],"product_tag":[],"class_list":{"0":"post-7870","1":"product","2":"type-product","3":"status-publish","4":"has-post-thumbnail","6":"product_cat-serviceleistung","8":"first","9":"instock","10":"product-type-simple"},"acf":[],"_links":{"self":[{"href":"https:\/\/magazzinimanzanesi.it\/de\/wp-json\/wp\/v2\/product\/7870","targetHints":{"allow":["GET"]}}],"collection":[{"href":"https:\/\/magazzinimanzanesi.it\/de\/wp-json\/wp\/v2\/product"}],"about":[{"href":"https:\/\/magazzinimanzanesi.it\/de\/wp-json\/wp\/v2\/types\/product"}],"replies":[{"embeddable":true,"href":"https:\/\/magazzinimanzanesi.it\/de\/wp-json\/wp\/v2\/comments?post=7870"}],"wp:featuredmedia":[{"embeddable":true,"href":"https:\/\/magazzinimanzanesi.it\/de\/wp-json\/wp\/v2\/media\/7867"}],"wp:attachment":[{"href":"https:\/\/magazzinimanzanesi.it\/de\/wp-json\/wp\/v2\/media?parent=7870"}],"wp:term":[{"taxonomy":"product_brand","embeddable":true,"href":"https:\/\/magazzinimanzanesi.it\/de\/wp-json\/wp\/v2\/product_brand?post=7870"},{"taxonomy":"product_cat","embeddable":true,"href":"https:\/\/magazzinimanzanesi.it\/de\/wp-json\/wp\/v2\/product_cat?post=7870"},{"taxonomy":"product_tag","embeddable":true,"href":"https:\/\/magazzinimanzanesi.it\/de\/wp-json\/wp\/v2\/product_tag?post=7870"}],"curies":[{"name":"wp","href":"https:\/\/api.w.org\/{rel}","templated":true}]}}