{"id":7875,"date":"2025-01-31T12:58:14","date_gmt":"2025-01-31T12:58:14","guid":{"rendered":"https:\/\/magazzinimanzanesi.it\/?post_type=product&#038;p=7875"},"modified":"2026-04-02T13:38:35","modified_gmt":"2026-04-02T13:38:35","slug":"verschluss-copia","status":"publish","type":"product","link":"https:\/\/magazzinimanzanesi.it\/de\/katalog\/fur-tische\/angleichung-und-abschluss\/verschluss-copia\/","title":{"rendered":"Federhebelverschluss"},"content":{"rendered":"<h1>Federhebelverschluss mit integrierter Feder<\/h1>\n<p>&nbsp;<\/p>\n<h2>Federhebelverschluss: Schnelles Schlie\u00dfsystem<\/h2>\n<p>Federhebelverschluss aus tropikalisiertem Stahl mit integrierter Feder, konzipiert f\u00fcr die Verbindung von ausziehbaren Tischplatten. Die Feder h\u00e4lt den Hebel in der verriegelten Position und verhindert ein unbeabsichtigtes \u00d6ffnen.<\/p>\n<p>&nbsp;<\/p>\n<h3>Federhebelverschluss \u2013 Ma\u00dfe:<\/h3>\n<p>Ausf\u00fchrungen und Abmessungen auf Anfrage<\/p>\n","protected":false},"excerpt":{"rendered":"<p>Federhebelverschluss mit integrierter Feder &nbsp; Federhebelverschluss: Schnelles Schlie\u00dfsystem Federhebelverschluss aus tropikalisiertem Stahl mit integrierter Feder, konzipiert f\u00fcr die Verbindung von ausziehbaren Tischplatten. Die Feder h\u00e4lt den Hebel in der verriegelten Position und verhindert ein unbeabsichtigtes \u00d6ffnen. &nbsp; Federhebelverschluss \u2013 Ma\u00dfe: Ausf\u00fchrungen und Abmessungen auf Anfrage<\/p>\n","protected":false},"featured_media":7882,"comment_status":"open","ping_status":"closed","template":"","meta":{"_acf_changed":false},"product_brand":[],"product_cat":[267,265],"product_tag":[671],"class_list":{"0":"post-7875","1":"product","2":"type-product","3":"status-publish","4":"has-post-thumbnail","6":"product_cat-angleichung-und-abschluss","7":"product_cat-fur-tische","8":"product_tag-federschloss","10":"first","11":"instock","12":"product-type-simple"},"acf":[],"_links":{"self":[{"href":"https:\/\/magazzinimanzanesi.it\/de\/wp-json\/wp\/v2\/product\/7875","targetHints":{"allow":["GET"]}}],"collection":[{"href":"https:\/\/magazzinimanzanesi.it\/de\/wp-json\/wp\/v2\/product"}],"about":[{"href":"https:\/\/magazzinimanzanesi.it\/de\/wp-json\/wp\/v2\/types\/product"}],"replies":[{"embeddable":true,"href":"https:\/\/magazzinimanzanesi.it\/de\/wp-json\/wp\/v2\/comments?post=7875"}],"wp:featuredmedia":[{"embeddable":true,"href":"https:\/\/magazzinimanzanesi.it\/de\/wp-json\/wp\/v2\/media\/7882"}],"wp:attachment":[{"href":"https:\/\/magazzinimanzanesi.it\/de\/wp-json\/wp\/v2\/media?parent=7875"}],"wp:term":[{"taxonomy":"product_brand","embeddable":true,"href":"https:\/\/magazzinimanzanesi.it\/de\/wp-json\/wp\/v2\/product_brand?post=7875"},{"taxonomy":"product_cat","embeddable":true,"href":"https:\/\/magazzinimanzanesi.it\/de\/wp-json\/wp\/v2\/product_cat?post=7875"},{"taxonomy":"product_tag","embeddable":true,"href":"https:\/\/magazzinimanzanesi.it\/de\/wp-json\/wp\/v2\/product_tag?post=7875"}],"curies":[{"name":"wp","href":"https:\/\/api.w.org\/{rel}","templated":true}]}}