{"id":7944,"date":"2022-07-15T09:04:22","date_gmt":"2022-07-15T09:04:22","guid":{"rendered":"https:\/\/magazzinimanzanesi.it\/catalogo\/uncategorized\/conbugne-verstaerkte-winkelkonsole\/"},"modified":"2026-04-02T13:55:43","modified_gmt":"2026-04-02T13:55:43","slug":"conbugne-verstaerkte-winkelkonsole","status":"publish","type":"product","link":"https:\/\/magazzinimanzanesi.it\/de\/katalog\/fur-tische\/winkel\/conbugne-verstaerkte-winkelkonsole\/","title":{"rendered":"Verst\u00e4rkter Winkelbeschlag mit Sicken"},"content":{"rendered":"<h1>Verst\u00e4rkter Innenwinkel aus Eisen mit Sicken<\/h1>\n<h2>Verst\u00e4rkter Winkelbeschlag mit Sicken: F\u00fcr Tischbeine<\/h2>\n<p>Verst\u00e4rkter Innenwinkel aus Eisen in der Gr\u00f6\u00dfe 70\u00d758 mm mit gepr\u00e4gten Sicken zur Montage der Tischbeine am Tischgestell.<\/p>\n<h3>Verst\u00e4rkter Winkelbeschlag \u2013 Ma\u00dfe:<\/h3>\n<p>70\u00d758\u00d743 mm  <\/p>\n<p>Oberfl\u00e4chenbehandlungen auf Anfrage.<\/p>\n","protected":false},"excerpt":{"rendered":"<p>Verst\u00e4rkter Innenwinkel aus Eisen mit Sicken Verst\u00e4rkter Winkelbeschlag mit Sicken: F\u00fcr Tischbeine Verst\u00e4rkter Innenwinkel aus Eisen in der Gr\u00f6\u00dfe 70\u00d758 mm mit gepr\u00e4gten Sicken zur Montage der Tischbeine am Tischgestell. Verst\u00e4rkter Winkelbeschlag \u2013 Ma\u00dfe: 70\u00d758\u00d743 mm Oberfl\u00e4chenbehandlungen auf Anfrage.<\/p>\n","protected":false},"featured_media":6530,"comment_status":"open","ping_status":"closed","template":"","meta":{"_acf_changed":false},"product_brand":[],"product_cat":[265,268],"product_tag":[669],"class_list":{"0":"post-7944","1":"product","2":"type-product","3":"status-publish","4":"has-post-thumbnail","6":"product_cat-fur-tische","7":"product_cat-winkel","8":"product_tag-conbugne-verstarkte-winkelkonsole","10":"first","11":"instock","12":"shipping-taxable","13":"product-type-simple"},"acf":[],"_links":{"self":[{"href":"https:\/\/magazzinimanzanesi.it\/de\/wp-json\/wp\/v2\/product\/7944","targetHints":{"allow":["GET"]}}],"collection":[{"href":"https:\/\/magazzinimanzanesi.it\/de\/wp-json\/wp\/v2\/product"}],"about":[{"href":"https:\/\/magazzinimanzanesi.it\/de\/wp-json\/wp\/v2\/types\/product"}],"replies":[{"embeddable":true,"href":"https:\/\/magazzinimanzanesi.it\/de\/wp-json\/wp\/v2\/comments?post=7944"}],"wp:featuredmedia":[{"embeddable":true,"href":"https:\/\/magazzinimanzanesi.it\/de\/wp-json\/wp\/v2\/media\/6530"}],"wp:attachment":[{"href":"https:\/\/magazzinimanzanesi.it\/de\/wp-json\/wp\/v2\/media?parent=7944"}],"wp:term":[{"taxonomy":"product_brand","embeddable":true,"href":"https:\/\/magazzinimanzanesi.it\/de\/wp-json\/wp\/v2\/product_brand?post=7944"},{"taxonomy":"product_cat","embeddable":true,"href":"https:\/\/magazzinimanzanesi.it\/de\/wp-json\/wp\/v2\/product_cat?post=7944"},{"taxonomy":"product_tag","embeddable":true,"href":"https:\/\/magazzinimanzanesi.it\/de\/wp-json\/wp\/v2\/product_tag?post=7944"}],"curies":[{"name":"wp","href":"https:\/\/api.w.org\/{rel}","templated":true}]}}