{"id":7955,"date":"2023-03-06T13:45:10","date_gmt":"2023-03-06T13:45:10","guid":{"rendered":"https:\/\/magazzinimanzanesi.it\/catalogo\/uncategorized\/tpei-eisenkopf-breitkopf\/"},"modified":"2026-04-03T12:20:51","modified_gmt":"2026-04-03T12:20:51","slug":"tpei-eisenkopf-breitkopf","status":"publish","type":"product","link":"https:\/\/magazzinimanzanesi.it\/de\/katalog\/fur-mobel\/kopfe\/tpei-eisenkopf-breitkopf\/","title":{"rendered":"Flachkopf-H\u00fclse aus Eisen mit breitem Kopf und Innensechskant"},"content":{"rendered":"<p>&#8221;<\/p>\n<h1>Blindbuchse mit breitem Flachkopf und Innensechskant<\/h1>\n<h2>Flachkopf-H\u00fclse aus Eisen mit breitem Kopf e impronta esagonale: Breiter Flachkopf<\/h2>\n<p>Blindbuchse aus verzinktem Eisen mit breitem Flachkopf und Innensechskant. Dank des innen metrisch nach ISO genormten Gewindes und der glatten Au\u00dfenfl\u00e4che eignet sie sich f\u00fcr Einlassverbindungen, bei denen sichere Klemmung und ein sauberes Erscheinungsbild gefragt sind. Typischerweise wird sie als Alternative zur Mutter verwendet.<\/p>\n<h3>Flachkopf-H\u00fclse aus Eisen mit breitem Kopf \u2013 Ma\u00dfe:<\/h3>\n<p>\u2022 Kopfdurchmesser: 19 mm \/ 23 mm<br \/>\n\u2022 Schaftdurchmesser: 10 mm \/ 13 mm<br \/>\n\u2022 Schaftl\u00e4nge: 17 mm<br \/>\n\u2022 Gewinde: M8 \/ M10<br \/>\n\u2022 Innensechskant: 5 mm \/ 6 mm<br \/>\nAuf Anfrage auch in M6 erh\u00e4ltlich. Oberfl\u00e4chen auf Anfrage:<br \/>\n\u2022 br\u00fcniert<br \/>\n\u2022 wei\u00df verzinkt<br \/>\n\u2022 gelb verzinkt<br \/>\n\u2022 schwarz verzinkt<br \/>\n\u2022 vernickelt<\/p>\n","protected":false},"excerpt":{"rendered":"<p>&#8221; Blindbuchse mit breitem Flachkopf und Innensechskant Flachkopf-H\u00fclse aus Eisen mit breitem Kopf e impronta esagonale: Breiter Flachkopf Blindbuchse aus verzinktem Eisen mit breitem Flachkopf und Innensechskant. Dank des innen metrisch nach ISO genormten Gewindes und der glatten Au\u00dfenfl\u00e4che eignet sie sich f\u00fcr Einlassverbindungen, bei denen sichere Klemmung und ein sauberes Erscheinungsbild gefragt sind. Typischerweise [&hellip;]<\/p>\n","protected":false},"featured_media":5734,"comment_status":"open","ping_status":"closed","template":"","meta":{"_acf_changed":false},"product_brand":[],"product_cat":[250,264],"product_tag":[684],"class_list":{"0":"post-7955","1":"product","2":"type-product","3":"status-publish","4":"has-post-thumbnail","6":"product_cat-fur-mobel","7":"product_cat-kopfe","8":"product_tag-tpei-eisenkopf-breitkopf","10":"first","11":"instock","12":"shipping-taxable","13":"product-type-simple"},"acf":[],"_links":{"self":[{"href":"https:\/\/magazzinimanzanesi.it\/de\/wp-json\/wp\/v2\/product\/7955","targetHints":{"allow":["GET"]}}],"collection":[{"href":"https:\/\/magazzinimanzanesi.it\/de\/wp-json\/wp\/v2\/product"}],"about":[{"href":"https:\/\/magazzinimanzanesi.it\/de\/wp-json\/wp\/v2\/types\/product"}],"replies":[{"embeddable":true,"href":"https:\/\/magazzinimanzanesi.it\/de\/wp-json\/wp\/v2\/comments?post=7955"}],"wp:featuredmedia":[{"embeddable":true,"href":"https:\/\/magazzinimanzanesi.it\/de\/wp-json\/wp\/v2\/media\/5734"}],"wp:attachment":[{"href":"https:\/\/magazzinimanzanesi.it\/de\/wp-json\/wp\/v2\/media?parent=7955"}],"wp:term":[{"taxonomy":"product_brand","embeddable":true,"href":"https:\/\/magazzinimanzanesi.it\/de\/wp-json\/wp\/v2\/product_brand?post=7955"},{"taxonomy":"product_cat","embeddable":true,"href":"https:\/\/magazzinimanzanesi.it\/de\/wp-json\/wp\/v2\/product_cat?post=7955"},{"taxonomy":"product_tag","embeddable":true,"href":"https:\/\/magazzinimanzanesi.it\/de\/wp-json\/wp\/v2\/product_tag?post=7955"}],"curies":[{"name":"wp","href":"https:\/\/api.w.org\/{rel}","templated":true}]}}