{"id":7959,"date":"2023-03-06T13:41:04","date_gmt":"2023-03-06T13:41:04","guid":{"rendered":"https:\/\/magazzinimanzanesi.it\/catalogo\/uncategorized\/tbce-eisen-kopf-breit-kopf\/"},"modified":"2026-04-03T13:08:39","modified_gmt":"2026-04-03T13:08:39","slug":"tbce-eisen-kopf-breit-kopf","status":"publish","type":"product","link":"https:\/\/magazzinimanzanesi.it\/de\/katalog\/fur-mobel\/kopfe\/tbce-eisen-kopf-breit-kopf\/","title":{"rendered":"Bombierte H\u00fclse aus Eisen mit breitem Kopf und Innensechskant"},"content":{"rendered":"<h1>Blindbuchse mit breitem bombiertem Kopf und Innensechskant<\/h1>\n<p>&nbsp;<\/p>\n<h2>Bombierte H\u00fclse aus Eisen mit breitem Kopf: Breiter bombierter Kopf<\/h2>\n<p>Blindbuchse aus verzinktem Eisen mit breitem bombiertem Kopf und Innensechskant. Die vergr\u00f6\u00dferte Kopfauflage verbessert Stabilit\u00e4t und Optik der Verbindung.<\/p>\n<p>&nbsp;<\/p>\n<h3>Bombierte H\u00fclse aus Eisen mit breitem Kopf \u2013 Ma\u00dfe:<\/h3>\n<p>\u2022 Kopfdurchmesser: 20 mm<br \/>\n\u2022 Schaftdurchmesser: 9 mm<br \/>\n\u2022 Schaftl\u00e4nge: 20 mm<br \/>\n\u2022 Gewinde: M6<br \/>\n\u2022 Innensechskant: 5 mm<br \/>\nOberfl\u00e4chen auf Anfrage:<br \/>\n\u2022 br\u00fcniert<br \/>\n\u2022 wei\u00df verzinkt<br \/>\n\u2022 gelb verzinkt<br \/>\n\u2022 schwarz verzinkt<br \/>\n\u2022 vernickelt<\/p>\n<p>&nbsp;<\/p>\n<p><strong>Oberfl\u00e4chen auf Anfrage:<\/strong><br \/>\n\u2022 br\u00fcniert<br \/>\n\u2022 wei\u00df verzinkt<br \/>\n\u2022 verzinkt gelb<br \/>\n\u2022 verzinkt schwarz<br \/>\n\u2022 vernickelt<\/p>\n<p>&nbsp;<\/p>\n<p>Auf Anfrage auch in M8-Ausf\u00fchrung erh\u00e4ltlich.<\/p>\n","protected":false},"excerpt":{"rendered":"<p>Blindbuchse mit breitem bombiertem Kopf und Innensechskant &nbsp; Bombierte H\u00fclse aus Eisen mit breitem Kopf: Breiter bombierter Kopf Blindbuchse aus verzinktem Eisen mit breitem bombiertem Kopf und Innensechskant. Die vergr\u00f6\u00dferte Kopfauflage verbessert Stabilit\u00e4t und Optik der Verbindung. &nbsp; Bombierte H\u00fclse aus Eisen mit breitem Kopf \u2013 Ma\u00dfe: \u2022 Kopfdurchmesser: 20 mm \u2022 Schaftdurchmesser: 9 mm [&hellip;]<\/p>\n","protected":false},"featured_media":5769,"comment_status":"open","ping_status":"closed","template":"","meta":{"_acf_changed":false},"product_brand":[],"product_cat":[250,264],"product_tag":[688],"class_list":{"0":"post-7959","1":"product","2":"type-product","3":"status-publish","4":"has-post-thumbnail","6":"product_cat-fur-mobel","7":"product_cat-kopfe","8":"product_tag-tbce-eisen-kopf-breit-kopf","10":"first","11":"instock","12":"shipping-taxable","13":"product-type-simple"},"acf":[],"_links":{"self":[{"href":"https:\/\/magazzinimanzanesi.it\/de\/wp-json\/wp\/v2\/product\/7959","targetHints":{"allow":["GET"]}}],"collection":[{"href":"https:\/\/magazzinimanzanesi.it\/de\/wp-json\/wp\/v2\/product"}],"about":[{"href":"https:\/\/magazzinimanzanesi.it\/de\/wp-json\/wp\/v2\/types\/product"}],"replies":[{"embeddable":true,"href":"https:\/\/magazzinimanzanesi.it\/de\/wp-json\/wp\/v2\/comments?post=7959"}],"wp:featuredmedia":[{"embeddable":true,"href":"https:\/\/magazzinimanzanesi.it\/de\/wp-json\/wp\/v2\/media\/5769"}],"wp:attachment":[{"href":"https:\/\/magazzinimanzanesi.it\/de\/wp-json\/wp\/v2\/media?parent=7959"}],"wp:term":[{"taxonomy":"product_brand","embeddable":true,"href":"https:\/\/magazzinimanzanesi.it\/de\/wp-json\/wp\/v2\/product_brand?post=7959"},{"taxonomy":"product_cat","embeddable":true,"href":"https:\/\/magazzinimanzanesi.it\/de\/wp-json\/wp\/v2\/product_cat?post=7959"},{"taxonomy":"product_tag","embeddable":true,"href":"https:\/\/magazzinimanzanesi.it\/de\/wp-json\/wp\/v2\/product_tag?post=7959"}],"curies":[{"name":"wp","href":"https:\/\/api.w.org\/{rel}","templated":true}]}}