{"id":7977,"date":"2023-03-06T13:31:09","date_gmt":"2023-03-06T13:31:09","guid":{"rendered":"https:\/\/magazzinimanzanesi.it\/catalogo\/uncategorized\/teflon-ptfe-puffer-mit-schraube\/"},"modified":"2026-04-04T09:48:10","modified_gmt":"2026-04-04T09:48:10","slug":"teflon-ptfe-puffer-mit-schraube","status":"publish","type":"product","link":"https:\/\/magazzinimanzanesi.it\/de\/katalog\/stosspolster-und-fuesse\/pfte-stosfanger\/teflon-ptfe-puffer-mit-schraube\/","title":{"rendered":"Teflon (PTFE) Puffer mit Schraube"},"content":{"rendered":"<h1>Teflonpuffer mit Schraube<\/h1>\n<p>&nbsp;<\/p>\n<h2>Teflon (PTFE) Puffer mit Schraube: Die Sicherheit der Schraube<\/h2>\n<p>Ideal auf allen glatten Oberfl\u00e4chen, auch in Situationen, in denen ein leiser Untergrund erforderlich ist. Ausgestattet mit selbstnivellierendem Gummi.<br \/>\nDieser Teflon-Pufferfu\u00df mit Schraube eignet sich besonders als Unterlage f\u00fcr Sitzm\u00f6bel und M\u00f6bel.<br \/>\nDank seines hohen Qualit\u00e4tsniveaus ist er ideal f\u00fcr alle Arten von Bodenbel\u00e4gen.<\/p>\n<p>&nbsp;<\/p>\n<h3><strong>Teflon (PTFE)-Puffer mit Schraube &#8211; Gr\u00f6\u00dfen:<\/strong><\/h3>\n<p>\u2022 \u00d8 19mm bis 38mm<br \/>\n\u2022 Schraubenloch \u00d8 3,5 mm<br \/>\n\u2022 Gesamth\u00f6he 7mm<\/p>\n","protected":false},"excerpt":{"rendered":"<p>Teflonpuffer mit Schraube &nbsp; Teflon (PTFE) Puffer mit Schraube: Die Sicherheit der Schraube Ideal auf allen glatten Oberfl\u00e4chen, auch in Situationen, in denen ein leiser Untergrund erforderlich ist. Ausgestattet mit selbstnivellierendem Gummi. Dieser Teflon-Pufferfu\u00df mit Schraube eignet sich besonders als Unterlage f\u00fcr Sitzm\u00f6bel und M\u00f6bel. Dank seines hohen Qualit\u00e4tsniveaus ist er ideal f\u00fcr alle Arten [&hellip;]<\/p>\n","protected":false},"featured_media":5709,"comment_status":"open","ping_status":"closed","template":"","meta":{"_acf_changed":false},"product_brand":[],"product_cat":[246,243],"product_tag":[703],"class_list":{"0":"post-7977","1":"product","2":"type-product","3":"status-publish","4":"has-post-thumbnail","6":"product_cat-pfte-stosfanger","7":"product_cat-stosspolster-und-fuesse","8":"product_tag-teflon-ptfe-puffer-mit-schraube","10":"first","11":"instock","12":"shipping-taxable","13":"product-type-simple"},"acf":[],"_links":{"self":[{"href":"https:\/\/magazzinimanzanesi.it\/de\/wp-json\/wp\/v2\/product\/7977","targetHints":{"allow":["GET"]}}],"collection":[{"href":"https:\/\/magazzinimanzanesi.it\/de\/wp-json\/wp\/v2\/product"}],"about":[{"href":"https:\/\/magazzinimanzanesi.it\/de\/wp-json\/wp\/v2\/types\/product"}],"replies":[{"embeddable":true,"href":"https:\/\/magazzinimanzanesi.it\/de\/wp-json\/wp\/v2\/comments?post=7977"}],"wp:featuredmedia":[{"embeddable":true,"href":"https:\/\/magazzinimanzanesi.it\/de\/wp-json\/wp\/v2\/media\/5709"}],"wp:attachment":[{"href":"https:\/\/magazzinimanzanesi.it\/de\/wp-json\/wp\/v2\/media?parent=7977"}],"wp:term":[{"taxonomy":"product_brand","embeddable":true,"href":"https:\/\/magazzinimanzanesi.it\/de\/wp-json\/wp\/v2\/product_brand?post=7977"},{"taxonomy":"product_cat","embeddable":true,"href":"https:\/\/magazzinimanzanesi.it\/de\/wp-json\/wp\/v2\/product_cat?post=7977"},{"taxonomy":"product_tag","embeddable":true,"href":"https:\/\/magazzinimanzanesi.it\/de\/wp-json\/wp\/v2\/product_tag?post=7977"}],"curies":[{"name":"wp","href":"https:\/\/api.w.org\/{rel}","templated":true}]}}