{"id":7985,"date":"2025-02-03T07:53:38","date_gmt":"2025-02-03T07:53:38","guid":{"rendered":"https:\/\/magazzinimanzanesi.it\/catalogo\/uncategorized\/klebepistole\/"},"modified":"2026-04-04T11:13:14","modified_gmt":"2026-04-04T11:13:14","slug":"klebepistole","status":"publish","type":"product","link":"https:\/\/magazzinimanzanesi.it\/de\/katalog\/werkzeug-de\/leimspender\/klebepistole\/","title":{"rendered":"Klebepistole"},"content":{"rendered":"<h1>Leimauftragsger\u00e4t<\/h1>\n<p>&nbsp;<\/p>\n<h2>Klebepistole: Praktisch und vielseitig<\/h2>\n<p>Klebepistole zum Auftragen von Vinyl-Kleber, komplett mit D\u00fcse. Dank ihrer einfachen Konstruktion aus Kunststoff und Aluminium ist sie leicht zu zerlegen und zu reinigen und gew\u00e4hrleistet eine konstante Effizienz und eine lange Lebensdauer.<\/p>\n","protected":false},"excerpt":{"rendered":"<p>Leimauftragsger\u00e4t &nbsp; Klebepistole: Praktisch und vielseitig Klebepistole zum Auftragen von Vinyl-Kleber, komplett mit D\u00fcse. Dank ihrer einfachen Konstruktion aus Kunststoff und Aluminium ist sie leicht zu zerlegen und zu reinigen und gew\u00e4hrleistet eine konstante Effizienz und eine lange Lebensdauer.<\/p>\n","protected":false},"featured_media":7414,"comment_status":"closed","ping_status":"closed","template":"","meta":{"_acf_changed":false},"product_brand":[],"product_cat":[239,236],"product_tag":[711],"class_list":{"0":"post-7985","1":"product","2":"type-product","3":"status-publish","4":"has-post-thumbnail","6":"product_cat-leimspender","7":"product_cat-werkzeug-de","8":"product_tag-klebepistole","10":"first","11":"instock","12":"shipping-taxable","13":"product-type-simple"},"acf":[],"_links":{"self":[{"href":"https:\/\/magazzinimanzanesi.it\/de\/wp-json\/wp\/v2\/product\/7985","targetHints":{"allow":["GET"]}}],"collection":[{"href":"https:\/\/magazzinimanzanesi.it\/de\/wp-json\/wp\/v2\/product"}],"about":[{"href":"https:\/\/magazzinimanzanesi.it\/de\/wp-json\/wp\/v2\/types\/product"}],"replies":[{"embeddable":true,"href":"https:\/\/magazzinimanzanesi.it\/de\/wp-json\/wp\/v2\/comments?post=7985"}],"wp:featuredmedia":[{"embeddable":true,"href":"https:\/\/magazzinimanzanesi.it\/de\/wp-json\/wp\/v2\/media\/7414"}],"wp:attachment":[{"href":"https:\/\/magazzinimanzanesi.it\/de\/wp-json\/wp\/v2\/media?parent=7985"}],"wp:term":[{"taxonomy":"product_brand","embeddable":true,"href":"https:\/\/magazzinimanzanesi.it\/de\/wp-json\/wp\/v2\/product_brand?post=7985"},{"taxonomy":"product_cat","embeddable":true,"href":"https:\/\/magazzinimanzanesi.it\/de\/wp-json\/wp\/v2\/product_cat?post=7985"},{"taxonomy":"product_tag","embeddable":true,"href":"https:\/\/magazzinimanzanesi.it\/de\/wp-json\/wp\/v2\/product_tag?post=7985"}],"curies":[{"name":"wp","href":"https:\/\/api.w.org\/{rel}","templated":true}]}}