{"id":7989,"date":"2023-04-19T12:24:10","date_gmt":"2023-04-19T12:24:10","guid":{"rendered":"https:\/\/magazzinimanzanesi.it\/catalogo\/uncategorized\/vinyl-klebepistole\/"},"modified":"2023-04-19T12:24:10","modified_gmt":"2023-04-19T12:24:10","slug":"vinyl-klebepistole","status":"publish","type":"product","link":"https:\/\/magazzinimanzanesi.it\/de\/katalog\/werkzeug-de\/leimspender\/vinyl-klebepistole\/","title":{"rendered":"Vinyl-Klebepistole"},"content":{"rendered":"<h1>Klebepistole<\/h1>\n<p>&nbsp;<\/p>\n<h2>Vinyl-Klebepistole: Praktisch und vielseitig<\/h2>\n<p>Pneumatische Klebepistole f\u00fcr Vinyl-Klebepistolen, komplett mit D\u00fcse. Dank ihrer einfachen Konstruktion aus Kunststoff und Aluminium ist sie leicht zu zerlegen und zu reinigen und gew\u00e4hrleistet eine konstante Effizienz und eine lange Lebensdauer.<\/p>\n","protected":false},"excerpt":{"rendered":"<p>Klebepistole &nbsp; Vinyl-Klebepistole: Praktisch und vielseitig Pneumatische Klebepistole f\u00fcr Vinyl-Klebepistolen, komplett mit D\u00fcse. Dank ihrer einfachen Konstruktion aus Kunststoff und Aluminium ist sie leicht zu zerlegen und zu reinigen und gew\u00e4hrleistet eine konstante Effizienz und eine lange Lebensdauer.<\/p>\n","protected":false},"featured_media":6105,"comment_status":"closed","ping_status":"closed","template":"","meta":{"_acf_changed":false},"product_brand":[],"product_cat":[239,236],"product_tag":[715],"class_list":{"0":"post-7989","1":"product","2":"type-product","3":"status-publish","4":"has-post-thumbnail","6":"product_cat-leimspender","7":"product_cat-werkzeug-de","8":"product_tag-vinyl-klebepistole","10":"first","11":"instock","12":"shipping-taxable","13":"product-type-simple"},"acf":[],"_links":{"self":[{"href":"https:\/\/magazzinimanzanesi.it\/de\/wp-json\/wp\/v2\/product\/7989","targetHints":{"allow":["GET"]}}],"collection":[{"href":"https:\/\/magazzinimanzanesi.it\/de\/wp-json\/wp\/v2\/product"}],"about":[{"href":"https:\/\/magazzinimanzanesi.it\/de\/wp-json\/wp\/v2\/types\/product"}],"replies":[{"embeddable":true,"href":"https:\/\/magazzinimanzanesi.it\/de\/wp-json\/wp\/v2\/comments?post=7989"}],"wp:featuredmedia":[{"embeddable":true,"href":"https:\/\/magazzinimanzanesi.it\/de\/wp-json\/wp\/v2\/media\/6105"}],"wp:attachment":[{"href":"https:\/\/magazzinimanzanesi.it\/de\/wp-json\/wp\/v2\/media?parent=7989"}],"wp:term":[{"taxonomy":"product_brand","embeddable":true,"href":"https:\/\/magazzinimanzanesi.it\/de\/wp-json\/wp\/v2\/product_brand?post=7989"},{"taxonomy":"product_cat","embeddable":true,"href":"https:\/\/magazzinimanzanesi.it\/de\/wp-json\/wp\/v2\/product_cat?post=7989"},{"taxonomy":"product_tag","embeddable":true,"href":"https:\/\/magazzinimanzanesi.it\/de\/wp-json\/wp\/v2\/product_tag?post=7989"}],"curies":[{"name":"wp","href":"https:\/\/api.w.org\/{rel}","templated":true}]}}