{"id":8083,"date":"2025-04-08T14:50:50","date_gmt":"2025-04-08T14:50:50","guid":{"rendered":"https:\/\/magazzinimanzanesi.it\/?post_type=product&#038;p=8083"},"modified":"2026-04-03T13:54:52","modified_gmt":"2026-04-03T13:54:52","slug":"winkel-copia-copia","status":"publish","type":"product","link":"https:\/\/magazzinimanzanesi.it\/de\/katalog\/fur-mobel\/klammern\/winkel-copia-copia\/","title":{"rendered":"Eisenwinkel mit 4 L\u00f6chern"},"content":{"rendered":"<h1>Eisenb\u00fcgel mit 4 L\u00f6chern<\/h1>\n<p>&nbsp;<\/p>\n<h2>Eisenwinkel mit 4 L\u00f6chern: Solide und widerstandsf\u00e4hig<\/h2>\n<p>Eisenwinkel mit 4 L\u00f6chern, geeignet f\u00fcr die Befestigung von senkrechten Tischplatten.<\/p>\n<h3><\/h3>\n<h3>Eisenwinkel mit 4 L\u00f6chern &#8211; Abmessungen:<\/h3>\n<ul>\n<li>30x30x30mm<\/li>\n<li>40x40x30mm<\/li>\n<li>50x50x30mm<\/li>\n<\/ul>\n<p>&nbsp;<\/p>\n<p>Andere Gr\u00f6\u00dfen und galvanische Behandlungen auf Anfrage.<\/p>\n","protected":false},"excerpt":{"rendered":"<p>Eisenb\u00fcgel mit 4 L\u00f6chern &nbsp; Eisenwinkel mit 4 L\u00f6chern: Solide und widerstandsf\u00e4hig Eisenwinkel mit 4 L\u00f6chern, geeignet f\u00fcr die Befestigung von senkrechten Tischplatten. Eisenwinkel mit 4 L\u00f6chern &#8211; Abmessungen: 30x30x30mm 40x40x30mm 50x50x30mm &nbsp; Andere Gr\u00f6\u00dfen und galvanische Behandlungen auf Anfrage.<\/p>\n","protected":false},"featured_media":8070,"comment_status":"open","ping_status":"closed","template":"","meta":{"_acf_changed":false},"product_brand":[],"product_cat":[250,263],"product_tag":[834],"class_list":{"0":"post-8083","1":"product","2":"type-product","3":"status-publish","4":"has-post-thumbnail","6":"product_cat-fur-mobel","7":"product_cat-klammern","8":"product_tag-eisenwinkel-mit-4-lochern","10":"first","11":"instock","12":"product-type-simple"},"acf":[],"_links":{"self":[{"href":"https:\/\/magazzinimanzanesi.it\/de\/wp-json\/wp\/v2\/product\/8083","targetHints":{"allow":["GET"]}}],"collection":[{"href":"https:\/\/magazzinimanzanesi.it\/de\/wp-json\/wp\/v2\/product"}],"about":[{"href":"https:\/\/magazzinimanzanesi.it\/de\/wp-json\/wp\/v2\/types\/product"}],"replies":[{"embeddable":true,"href":"https:\/\/magazzinimanzanesi.it\/de\/wp-json\/wp\/v2\/comments?post=8083"}],"wp:featuredmedia":[{"embeddable":true,"href":"https:\/\/magazzinimanzanesi.it\/de\/wp-json\/wp\/v2\/media\/8070"}],"wp:attachment":[{"href":"https:\/\/magazzinimanzanesi.it\/de\/wp-json\/wp\/v2\/media?parent=8083"}],"wp:term":[{"taxonomy":"product_brand","embeddable":true,"href":"https:\/\/magazzinimanzanesi.it\/de\/wp-json\/wp\/v2\/product_brand?post=8083"},{"taxonomy":"product_cat","embeddable":true,"href":"https:\/\/magazzinimanzanesi.it\/de\/wp-json\/wp\/v2\/product_cat?post=8083"},{"taxonomy":"product_tag","embeddable":true,"href":"https:\/\/magazzinimanzanesi.it\/de\/wp-json\/wp\/v2\/product_tag?post=8083"}],"curies":[{"name":"wp","href":"https:\/\/api.w.org\/{rel}","templated":true}]}}