{"id":8172,"date":"2025-06-09T08:00:37","date_gmt":"2025-06-09T08:00:37","guid":{"rendered":"https:\/\/magazzinimanzanesi.it\/?post_type=product&#038;p=8172"},"modified":"2026-04-04T11:12:40","modified_gmt":"2026-04-04T11:12:40","slug":"klebepistole-copia","status":"publish","type":"product","link":"https:\/\/magazzinimanzanesi.it\/de\/katalog\/werkzeug-de\/leimspender\/klebepistole-copia\/","title":{"rendered":"Eco-Klebstoffpistole"},"content":{"rendered":"<h1>Kosteng\u00fcnstiger Klebstoffapplikator<\/h1>\n<p>&nbsp;<\/p>\n<h2>Eco-Klebstoffpistole: Praktisch und vielseitig<\/h2>\n<p>Eco-Klebstoffpistole f\u00fcr Vinylklebstoffdosierer, komplett mit D\u00fcse. Diese kosteng\u00fcnstige Klebstoffpistole aus Aluminiumdruckguss wurde entwickelt, um den Wartungsaufwand auf ein Minimum zu reduzieren.<\/p>\n","protected":false},"excerpt":{"rendered":"<p>Kosteng\u00fcnstiger Klebstoffapplikator &nbsp; Eco-Klebstoffpistole: Praktisch und vielseitig Eco-Klebstoffpistole f\u00fcr Vinylklebstoffdosierer, komplett mit D\u00fcse. Diese kosteng\u00fcnstige Klebstoffpistole aus Aluminiumdruckguss wurde entwickelt, um den Wartungsaufwand auf ein Minimum zu reduzieren.<\/p>\n","protected":false},"featured_media":8169,"comment_status":"closed","ping_status":"closed","template":"","meta":{"_acf_changed":false},"product_brand":[],"product_cat":[239,236],"product_tag":[],"class_list":{"0":"post-8172","1":"product","2":"type-product","3":"status-publish","4":"has-post-thumbnail","6":"product_cat-leimspender","7":"product_cat-werkzeug-de","9":"first","10":"instock","11":"shipping-taxable","12":"product-type-simple"},"acf":[],"_links":{"self":[{"href":"https:\/\/magazzinimanzanesi.it\/de\/wp-json\/wp\/v2\/product\/8172","targetHints":{"allow":["GET"]}}],"collection":[{"href":"https:\/\/magazzinimanzanesi.it\/de\/wp-json\/wp\/v2\/product"}],"about":[{"href":"https:\/\/magazzinimanzanesi.it\/de\/wp-json\/wp\/v2\/types\/product"}],"replies":[{"embeddable":true,"href":"https:\/\/magazzinimanzanesi.it\/de\/wp-json\/wp\/v2\/comments?post=8172"}],"wp:featuredmedia":[{"embeddable":true,"href":"https:\/\/magazzinimanzanesi.it\/de\/wp-json\/wp\/v2\/media\/8169"}],"wp:attachment":[{"href":"https:\/\/magazzinimanzanesi.it\/de\/wp-json\/wp\/v2\/media?parent=8172"}],"wp:term":[{"taxonomy":"product_brand","embeddable":true,"href":"https:\/\/magazzinimanzanesi.it\/de\/wp-json\/wp\/v2\/product_brand?post=8172"},{"taxonomy":"product_cat","embeddable":true,"href":"https:\/\/magazzinimanzanesi.it\/de\/wp-json\/wp\/v2\/product_cat?post=8172"},{"taxonomy":"product_tag","embeddable":true,"href":"https:\/\/magazzinimanzanesi.it\/de\/wp-json\/wp\/v2\/product_tag?post=8172"}],"curies":[{"name":"wp","href":"https:\/\/api.w.org\/{rel}","templated":true}]}}