{"id":8220,"date":"2025-06-09T14:54:07","date_gmt":"2025-06-09T14:54:07","guid":{"rendered":"https:\/\/magazzinimanzanesi.it\/?post_type=product&#038;p=8220"},"modified":"2026-04-01T16:41:08","modified_gmt":"2026-04-01T16:41:08","slug":"sechskantmutter-uni-5587-copia","status":"publish","type":"product","link":"https:\/\/magazzinimanzanesi.it\/de\/katalog\/schrauben-de\/schraubenmuttern\/sechskantmutter-uni-5587-copia\/","title":{"rendered":"Verl\u00e4ngerte Sechskantmutter UNI 5535"},"content":{"rendered":"<h1>Verbindungsmutter<\/h1>\n<p>&nbsp;<\/p>\n<h2>Lange Sechskantmutter UNI 5535: Maximales Anzugsmoment<\/h2>\n<p>Lange Sechskantmutter UNI 5535 aus verzinktem Stahl der Festigkeitsklasse 8.8 mit metrischem ISO\u2011Gewinde.  Ideal f\u00fcr Anwendungen, bei denen ein Verbindungselement erforderlich ist.<\/p>\n<h3>Lange Sechskantmutter \u2013 Ma\u00dfe:<\/h3>\n<p>Erh\u00e4ltlich in den Gr\u00f6\u00dfen M6, M8, M10 und M12<br \/>\nL\u00e4ngen: 20 mm, 36 mm, 40 mm, 45 mm<\/p>\n","protected":false},"excerpt":{"rendered":"<p>Verbindungsmutter &nbsp; Lange Sechskantmutter UNI 5535: Maximales Anzugsmoment Lange Sechskantmutter UNI 5535 aus verzinktem Stahl der Festigkeitsklasse 8.8 mit metrischem ISO\u2011Gewinde. Ideal f\u00fcr Anwendungen, bei denen ein Verbindungselement erforderlich ist. Lange Sechskantmutter \u2013 Ma\u00dfe: Erh\u00e4ltlich in den Gr\u00f6\u00dfen M6, M8, M10 und M12 L\u00e4ngen: 20 mm, 36 mm, 40 mm, 45 mm<\/p>\n","protected":false},"featured_media":8119,"comment_status":"closed","ping_status":"closed","template":"","meta":{"_acf_changed":false},"product_brand":[],"product_cat":[275,278],"product_tag":[],"class_list":{"0":"post-8220","1":"product","2":"type-product","3":"status-publish","4":"has-post-thumbnail","6":"product_cat-schrauben-de","7":"product_cat-schraubenmuttern","9":"first","10":"instock","11":"product-type-simple"},"acf":[],"_links":{"self":[{"href":"https:\/\/magazzinimanzanesi.it\/de\/wp-json\/wp\/v2\/product\/8220","targetHints":{"allow":["GET"]}}],"collection":[{"href":"https:\/\/magazzinimanzanesi.it\/de\/wp-json\/wp\/v2\/product"}],"about":[{"href":"https:\/\/magazzinimanzanesi.it\/de\/wp-json\/wp\/v2\/types\/product"}],"replies":[{"embeddable":true,"href":"https:\/\/magazzinimanzanesi.it\/de\/wp-json\/wp\/v2\/comments?post=8220"}],"wp:featuredmedia":[{"embeddable":true,"href":"https:\/\/magazzinimanzanesi.it\/de\/wp-json\/wp\/v2\/media\/8119"}],"wp:attachment":[{"href":"https:\/\/magazzinimanzanesi.it\/de\/wp-json\/wp\/v2\/media?parent=8220"}],"wp:term":[{"taxonomy":"product_brand","embeddable":true,"href":"https:\/\/magazzinimanzanesi.it\/de\/wp-json\/wp\/v2\/product_brand?post=8220"},{"taxonomy":"product_cat","embeddable":true,"href":"https:\/\/magazzinimanzanesi.it\/de\/wp-json\/wp\/v2\/product_cat?post=8220"},{"taxonomy":"product_tag","embeddable":true,"href":"https:\/\/magazzinimanzanesi.it\/de\/wp-json\/wp\/v2\/product_tag?post=8220"}],"curies":[{"name":"wp","href":"https:\/\/api.w.org\/{rel}","templated":true}]}}