{"id":8316,"date":"2025-07-08T15:06:44","date_gmt":"2025-07-08T15:06:44","guid":{"rendered":"https:\/\/magazzinimanzanesi.it\/?post_type=product&#038;p=8316"},"modified":"2026-04-04T09:34:40","modified_gmt":"2026-04-04T09:34:40","slug":"stossfaenger-mit-kunststoffnagel-und-rundem-filz","status":"publish","type":"product","link":"https:\/\/magazzinimanzanesi.it\/de\/katalog\/stosspolster-und-fuesse\/stosstange-mit-nagel\/stossfaenger-mit-kunststoffnagel-und-rundem-filz\/","title":{"rendered":"Sto\u00dff\u00e4nger mit Kunststoffnagel und rundem Filz"},"content":{"rendered":"<h1>F\u00fc\u00dfe aus Kunststoff und Filz mit rundem Nagel<\/h1>\n<p>&nbsp;<\/p>\n<h2>Sto\u00dff\u00e4nger mit Kunststoffnagel und rundem Filz: Weich und ger\u00e4uscharm<\/h2>\n<p>Die Sto\u00dff\u00e4ngerf\u00fc\u00dfe mit Kunststoffnagel und rundem Filz eignen sich besonders als Unterlage f\u00fcr St\u00fchle und M\u00f6bel, die auf empfindlichen B\u00f6den wie Holzb\u00f6den stehen, oder f\u00fcr Oberfl\u00e4chen, die besondere Aufmerksamkeit erfordern. Bei der Herstellung des Fu\u00dfes wird der Filz in den Kunststoff eingeschmolzen und nicht geklebt. Dadurch wird verhindert, dass sich die beiden Teile voneinander l\u00f6sen k\u00f6nnen, was eine hohe Widerstandsf\u00e4higkeit und eine sehr lange Lebensdauer gew\u00e4hrleistet.<\/p>\n<p>&nbsp;<\/p>\n<h3>Sto\u00dfschutz mit Kunststoffnagel und rundem Filz \u2013 Ma\u00dfe:<\/h3>\n<p>\u2022 \u00d8 Kunststoff von 16 mm bis 31 mm<br \/>\n\u2022 \u00d8 Filz von 14 mm bis 28 mm<br \/>\n\u2022 Gesamth\u00f6he 8 mm<br \/>\n\u2022 Filzst\u00e4rke 5 mm<br \/>\n\u2022 Nagell\u00e4nge 13 mm<\/p>\n<p>&nbsp;<\/p>\n<p><strong>Verf\u00fcgbare Farben::<\/strong><br \/>\n\u2022 Wei\u00df mit wei\u00dfem Filz<br \/>\n\u2022 Braun mit braunem Filz<br \/>\n\u2022 Schwarz mit braunem Filz<\/p>\n<p>\u2022 Wei\u00df mit wei\u00dfem Filz<\/p>\n<p>\u2022 Braun mit braunem Filz<\/p>\n<p>\u2022 Schwarz mit braunem Filz<\/p>\n","protected":false},"excerpt":{"rendered":"<p>F\u00fc\u00dfe aus Kunststoff und Filz mit rundem Nagel &nbsp; Sto\u00dff\u00e4nger mit Kunststoffnagel und rundem Filz: Weich und ger\u00e4uscharm Die Sto\u00dff\u00e4ngerf\u00fc\u00dfe mit Kunststoffnagel und rundem Filz eignen sich besonders als Unterlage f\u00fcr St\u00fchle und M\u00f6bel, die auf empfindlichen B\u00f6den wie Holzb\u00f6den stehen, oder f\u00fcr Oberfl\u00e4chen, die besondere Aufmerksamkeit erfordern. Bei der Herstellung des Fu\u00dfes wird der [&hellip;]<\/p>\n","protected":false},"featured_media":8293,"comment_status":"closed","ping_status":"closed","template":"","meta":{"_acf_changed":false},"product_brand":[],"product_cat":[244,243],"product_tag":[],"class_list":{"0":"post-8316","1":"product","2":"type-product","3":"status-publish","4":"has-post-thumbnail","6":"product_cat-stosstange-mit-nagel","7":"product_cat-stosspolster-und-fuesse","9":"first","10":"instock","11":"product-type-simple"},"acf":[],"_links":{"self":[{"href":"https:\/\/magazzinimanzanesi.it\/de\/wp-json\/wp\/v2\/product\/8316","targetHints":{"allow":["GET"]}}],"collection":[{"href":"https:\/\/magazzinimanzanesi.it\/de\/wp-json\/wp\/v2\/product"}],"about":[{"href":"https:\/\/magazzinimanzanesi.it\/de\/wp-json\/wp\/v2\/types\/product"}],"replies":[{"embeddable":true,"href":"https:\/\/magazzinimanzanesi.it\/de\/wp-json\/wp\/v2\/comments?post=8316"}],"wp:featuredmedia":[{"embeddable":true,"href":"https:\/\/magazzinimanzanesi.it\/de\/wp-json\/wp\/v2\/media\/8293"}],"wp:attachment":[{"href":"https:\/\/magazzinimanzanesi.it\/de\/wp-json\/wp\/v2\/media?parent=8316"}],"wp:term":[{"taxonomy":"product_brand","embeddable":true,"href":"https:\/\/magazzinimanzanesi.it\/de\/wp-json\/wp\/v2\/product_brand?post=8316"},{"taxonomy":"product_cat","embeddable":true,"href":"https:\/\/magazzinimanzanesi.it\/de\/wp-json\/wp\/v2\/product_cat?post=8316"},{"taxonomy":"product_tag","embeddable":true,"href":"https:\/\/magazzinimanzanesi.it\/de\/wp-json\/wp\/v2\/product_tag?post=8316"}],"curies":[{"name":"wp","href":"https:\/\/api.w.org\/{rel}","templated":true}]}}