{"id":8321,"date":"2025-07-09T07:15:49","date_gmt":"2025-07-09T07:15:49","guid":{"rendered":"https:\/\/magazzinimanzanesi.it\/?post_type=product&#038;p=8321"},"modified":"2026-04-04T09:38:35","modified_gmt":"2026-04-04T09:38:35","slug":"kunststoff-und-filzfuesse-mit-schraube","status":"publish","type":"product","link":"https:\/\/magazzinimanzanesi.it\/de\/katalog\/stosspolster-und-fuesse\/stosstange-mit-schraube\/kunststoff-und-filzfuesse-mit-schraube\/","title":{"rendered":"Kunststoff-Filz-Gleiter mit Schraube"},"content":{"rendered":"<h1>Kunststoff- und Filzf\u00fc\u00dfe mit Schraube<\/h1>\n<p>&nbsp;<\/p>\n<h2>Kunststoff- und Filzgleiter mit Schraube: Widerstandsf\u00e4hig und schonend<\/h2>\n<p>Kunststoff- und Filzgleiter mit Schraube (PZ1). Die Kunststoffstruktur macht diesen Fu\u00df leicht und widerstandsf\u00e4hig, w\u00e4hrend er dank seiner Filzbasis ideal f\u00fcr den Einsatz auf empfindlichen Oberfl\u00e4chen wie Parkett ist.<\/p>\n<p>Stabiler und dauerhafter Schutz f\u00fcr M\u00f6bel und empfindliche Oberfl\u00e4chen.<br \/>\nWiderstandsf\u00e4hig, einfach zu installieren und praktisch auszutauschen.<\/p>\n<p>&nbsp;<\/p>\n<h3>Kunststoff- und Filzgleiter mit Schraube \u2013 Ma\u00dfe:<\/h3>\n<p>Kunststoff: H 2 mm<\/p>\n<p>Filz: H 6 mm<\/p>\n<p>Schraube: PZ1<\/p>\n<p>&nbsp;<\/p>\n","protected":false},"excerpt":{"rendered":"<p>Kunststoff- und Filzf\u00fc\u00dfe mit Schraube &nbsp; Kunststoff- und Filzgleiter mit Schraube: Widerstandsf\u00e4hig und schonend Kunststoff- und Filzgleiter mit Schraube (PZ1). Die Kunststoffstruktur macht diesen Fu\u00df leicht und widerstandsf\u00e4hig, w\u00e4hrend er dank seiner Filzbasis ideal f\u00fcr den Einsatz auf empfindlichen Oberfl\u00e4chen wie Parkett ist. Stabiler und dauerhafter Schutz f\u00fcr M\u00f6bel und empfindliche Oberfl\u00e4chen. Widerstandsf\u00e4hig, einfach zu [&hellip;]<\/p>\n","protected":false},"featured_media":8338,"comment_status":"closed","ping_status":"closed","template":"","meta":{"_acf_changed":false},"product_brand":[],"product_cat":[245,243],"product_tag":[874],"class_list":{"0":"post-8321","1":"product","2":"type-product","3":"status-publish","4":"has-post-thumbnail","6":"product_cat-stosstange-mit-schraube","7":"product_cat-stosspolster-und-fuesse","8":"product_tag-scivoli-plastica-e-feltro-con-vite-de","10":"first","11":"instock","12":"shipping-taxable","13":"product-type-simple"},"acf":[],"_links":{"self":[{"href":"https:\/\/magazzinimanzanesi.it\/de\/wp-json\/wp\/v2\/product\/8321","targetHints":{"allow":["GET"]}}],"collection":[{"href":"https:\/\/magazzinimanzanesi.it\/de\/wp-json\/wp\/v2\/product"}],"about":[{"href":"https:\/\/magazzinimanzanesi.it\/de\/wp-json\/wp\/v2\/types\/product"}],"replies":[{"embeddable":true,"href":"https:\/\/magazzinimanzanesi.it\/de\/wp-json\/wp\/v2\/comments?post=8321"}],"wp:featuredmedia":[{"embeddable":true,"href":"https:\/\/magazzinimanzanesi.it\/de\/wp-json\/wp\/v2\/media\/8338"}],"wp:attachment":[{"href":"https:\/\/magazzinimanzanesi.it\/de\/wp-json\/wp\/v2\/media?parent=8321"}],"wp:term":[{"taxonomy":"product_brand","embeddable":true,"href":"https:\/\/magazzinimanzanesi.it\/de\/wp-json\/wp\/v2\/product_brand?post=8321"},{"taxonomy":"product_cat","embeddable":true,"href":"https:\/\/magazzinimanzanesi.it\/de\/wp-json\/wp\/v2\/product_cat?post=8321"},{"taxonomy":"product_tag","embeddable":true,"href":"https:\/\/magazzinimanzanesi.it\/de\/wp-json\/wp\/v2\/product_tag?post=8321"}],"curies":[{"name":"wp","href":"https:\/\/api.w.org\/{rel}","templated":true}]}}