{"id":8341,"date":"2025-07-09T08:19:05","date_gmt":"2025-07-09T08:19:05","guid":{"rendered":"https:\/\/magazzinimanzanesi.it\/?post_type=product&#038;p=8341"},"modified":"2025-08-14T07:06:47","modified_gmt":"2025-08-14T07:06:47","slug":"kunststoffgleiter-und-runde-filzgleiter-mit-schraube","status":"publish","type":"product","link":"https:\/\/magazzinimanzanesi.it\/de\/katalog\/stosspolster-und-fuesse\/stosstange-mit-schraube\/kunststoffgleiter-und-runde-filzgleiter-mit-schraube\/","title":{"rendered":"Kunststoffgleiter und runde Filzgleiter mit Schraube"},"content":{"rendered":"<h1>Kunststofff\u00fc\u00dfe und runde Filzgleiter mit Schraube<\/h1>\n<p>&nbsp;<\/p>\n<h2>Kunststoffgleiter und runde Filzgleiter mit Schraube: Widerstandsf\u00e4hig und schonend<\/h2>\n<p>Kunststoffgleiter und runde Filzgleiter mit Schraube (PZ1). Die Kunststoffstruktur macht diesen Gleiter leicht und widerstandsf\u00e4hig, w\u00e4hrend er dank der runden Filzbasis ideal f\u00fcr den Einsatz an schr\u00e4gen Beinen ist.<\/p>\n<p>Stabiler und dauerhafter Schutz f\u00fcr empfindliche M\u00f6bel und Oberfl\u00e4chen.<br \/>\nWiderstandsf\u00e4hig, einfach zu montieren und praktisch auszutauschen<\/p>\n<p>&nbsp;<\/p>\n<h3>Kunststoff- und Filzgleiter mit Schraube \u2013 Ma\u00dfe:<\/h3>\n<p>Kunststoff: H 2 mm<\/p>\n<p>Filz: H 10 mm<\/p>\n<p>Schraube: PZ1<\/p>\n<p>&nbsp;<\/p>\n","protected":false},"excerpt":{"rendered":"<p>Kunststofff\u00fc\u00dfe und runde Filzgleiter mit Schraube &nbsp; Kunststoffgleiter und runde Filzgleiter mit Schraube: Widerstandsf\u00e4hig und schonend Kunststoffgleiter und runde Filzgleiter mit Schraube (PZ1). Die Kunststoffstruktur macht diesen Gleiter leicht und widerstandsf\u00e4hig, w\u00e4hrend er dank der runden Filzbasis ideal f\u00fcr den Einsatz an schr\u00e4gen Beinen ist. Stabiler und dauerhafter Schutz f\u00fcr empfindliche M\u00f6bel und Oberfl\u00e4chen. Widerstandsf\u00e4hig, [&hellip;]<\/p>\n","protected":false},"featured_media":8333,"comment_status":"closed","ping_status":"closed","template":"","meta":{"_acf_changed":false},"product_brand":[],"product_cat":[245,243],"product_tag":[875],"class_list":{"0":"post-8341","1":"product","2":"type-product","3":"status-publish","4":"has-post-thumbnail","6":"product_cat-stosstange-mit-schraube","7":"product_cat-stosspolster-und-fuesse","8":"product_tag-scivoli-plastica-e-feltro-tondo-con-vite-de","10":"first","11":"instock","12":"shipping-taxable","13":"product-type-simple"},"acf":[],"_links":{"self":[{"href":"https:\/\/magazzinimanzanesi.it\/de\/wp-json\/wp\/v2\/product\/8341","targetHints":{"allow":["GET"]}}],"collection":[{"href":"https:\/\/magazzinimanzanesi.it\/de\/wp-json\/wp\/v2\/product"}],"about":[{"href":"https:\/\/magazzinimanzanesi.it\/de\/wp-json\/wp\/v2\/types\/product"}],"replies":[{"embeddable":true,"href":"https:\/\/magazzinimanzanesi.it\/de\/wp-json\/wp\/v2\/comments?post=8341"}],"wp:featuredmedia":[{"embeddable":true,"href":"https:\/\/magazzinimanzanesi.it\/de\/wp-json\/wp\/v2\/media\/8333"}],"wp:attachment":[{"href":"https:\/\/magazzinimanzanesi.it\/de\/wp-json\/wp\/v2\/media?parent=8341"}],"wp:term":[{"taxonomy":"product_brand","embeddable":true,"href":"https:\/\/magazzinimanzanesi.it\/de\/wp-json\/wp\/v2\/product_brand?post=8341"},{"taxonomy":"product_cat","embeddable":true,"href":"https:\/\/magazzinimanzanesi.it\/de\/wp-json\/wp\/v2\/product_cat?post=8341"},{"taxonomy":"product_tag","embeddable":true,"href":"https:\/\/magazzinimanzanesi.it\/de\/wp-json\/wp\/v2\/product_tag?post=8341"}],"curies":[{"name":"wp","href":"https:\/\/api.w.org\/{rel}","templated":true}]}}