{"id":8346,"date":"2025-07-09T08:47:42","date_gmt":"2025-07-09T08:47:42","guid":{"rendered":"https:\/\/magazzinimanzanesi.it\/?post_type=product&#038;p=8346"},"modified":"2026-04-04T09:58:14","modified_gmt":"2026-04-04T09:58:14","slug":"zehenkappen-und-einlegesohlen-mit-filz-copia","status":"publish","type":"product","link":"https:\/\/magazzinimanzanesi.it\/de\/katalog\/stosspolster-und-fuesse\/metallschutz-und-moebeluntersetzer\/zehenkappen-und-einlegesohlen-mit-filz-copia\/","title":{"rendered":"Kappe mit rundem Filz"},"content":{"rendered":"<h1>Kunststoffkappe mit rundem Filz<\/h1>\n<p>&nbsp;<\/p>\n<h2>Kappe mit rundem Filz: F\u00fcr geneigte Rohrbeine<\/h2>\n<p>Kappen mit rundem Filz sind die passende L\u00f6sung als Basis f\u00fcr Sitzm\u00f6bel und M\u00f6belst\u00fccke, die eine Einlassauflage f\u00fcr geneigte Beine ben\u00f6tigen. Das gerippte Profil des Schafts erm\u00f6glicht eine schnelle Montage und sorgt zugleich f\u00fcr ausgezeichneten Halt im Rohr. Der runde Filz an der Basis macht sie ideal f\u00fcr empfindliche Oberfl\u00e4chen wie Parkett.<\/p>\n","protected":false},"excerpt":{"rendered":"<p>Kunststoffkappe mit rundem Filz &nbsp; Kappe mit rundem Filz: F\u00fcr geneigte Rohrbeine Kappen mit rundem Filz sind die passende L\u00f6sung als Basis f\u00fcr Sitzm\u00f6bel und M\u00f6belst\u00fccke, die eine Einlassauflage f\u00fcr geneigte Beine ben\u00f6tigen. Das gerippte Profil des Schafts erm\u00f6glicht eine schnelle Montage und sorgt zugleich f\u00fcr ausgezeichneten Halt im Rohr. Der runde Filz an der [&hellip;]<\/p>\n","protected":false},"featured_media":8278,"comment_status":"closed","ping_status":"closed","template":"","meta":{"_acf_changed":false},"product_brand":[],"product_cat":[248,243],"product_tag":[],"class_list":{"0":"post-8346","1":"product","2":"type-product","3":"status-publish","4":"has-post-thumbnail","6":"product_cat-metallschutz-und-moebeluntersetzer","7":"product_cat-stosspolster-und-fuesse","9":"first","10":"instock","11":"shipping-taxable","12":"product-type-simple"},"acf":[],"_links":{"self":[{"href":"https:\/\/magazzinimanzanesi.it\/de\/wp-json\/wp\/v2\/product\/8346","targetHints":{"allow":["GET"]}}],"collection":[{"href":"https:\/\/magazzinimanzanesi.it\/de\/wp-json\/wp\/v2\/product"}],"about":[{"href":"https:\/\/magazzinimanzanesi.it\/de\/wp-json\/wp\/v2\/types\/product"}],"replies":[{"embeddable":true,"href":"https:\/\/magazzinimanzanesi.it\/de\/wp-json\/wp\/v2\/comments?post=8346"}],"wp:featuredmedia":[{"embeddable":true,"href":"https:\/\/magazzinimanzanesi.it\/de\/wp-json\/wp\/v2\/media\/8278"}],"wp:attachment":[{"href":"https:\/\/magazzinimanzanesi.it\/de\/wp-json\/wp\/v2\/media?parent=8346"}],"wp:term":[{"taxonomy":"product_brand","embeddable":true,"href":"https:\/\/magazzinimanzanesi.it\/de\/wp-json\/wp\/v2\/product_brand?post=8346"},{"taxonomy":"product_cat","embeddable":true,"href":"https:\/\/magazzinimanzanesi.it\/de\/wp-json\/wp\/v2\/product_cat?post=8346"},{"taxonomy":"product_tag","embeddable":true,"href":"https:\/\/magazzinimanzanesi.it\/de\/wp-json\/wp\/v2\/product_tag?post=8346"}],"curies":[{"name":"wp","href":"https:\/\/api.w.org\/{rel}","templated":true}]}}