{"id":8557,"date":"2022-07-15T08:57:33","date_gmt":"2022-07-15T08:57:33","guid":{"rendered":"https:\/\/magazzinimanzanesi.it\/catalogo\/uncategorized\/bedruckter-saum-unter-dem-saum\/"},"modified":"2022-07-15T08:57:33","modified_gmt":"2022-07-15T08:57:33","slug":"bedruckter-saum-unter-dem-saum","status":"publish","type":"product","link":"https:\/\/magazzinimanzanesi.it\/de\/katalog\/schrauben-de\/rosetten\/bedruckter-saum-unter-dem-saum\/","title":{"rendered":"Bedruckter Saum unter dem Saum"},"content":{"rendered":"<h1>Unterkopfscheibe (gepresst) f\u00fcr Spanplattenschrauben<\/h1>\n<p>&nbsp;<\/p>\n<h2>Unterkopfscheibe (gepresst) f\u00fcr Spanplattenschrauben: f\u00fcr Holzschrauben<\/h2>\n<p>Gepresste Unterkopfscheibe aus Metall (vernickelt oder messingfarben) mit Durchmessern 13\u201320 mm.  Sie verleiht der Schraubverbindung ein dekoratives Aussehen und verteilt den Druck gleichm\u00e4\u00dfig.<\/p>\n<p>&nbsp;<\/p>\n<h3>Unterkopfscheibe \u2013 Ma\u00dfe:<\/h3>\n<p>\u00d8 13 mm \u2013 \u00d8 20 mm<\/p>\n","protected":false},"excerpt":{"rendered":"<p>Unterkopfscheibe (gepresst) f\u00fcr Spanplattenschrauben &nbsp; Unterkopfscheibe (gepresst) f\u00fcr Spanplattenschrauben: f\u00fcr Holzschrauben Gepresste Unterkopfscheibe aus Metall (vernickelt oder messingfarben) mit Durchmessern 13\u201320 mm. Sie verleiht der Schraubverbindung ein dekoratives Aussehen und verteilt den Druck gleichm\u00e4\u00dfig. &nbsp; Unterkopfscheibe \u2013 Ma\u00dfe: \u00d8 13 mm \u2013 \u00d8 20 mm<\/p>\n","protected":false},"featured_media":5900,"comment_status":"open","ping_status":"closed","template":"","meta":{"_acf_changed":false},"product_brand":[],"product_cat":[280,275],"product_tag":[],"class_list":{"0":"post-8557","1":"product","2":"type-product","3":"status-publish","4":"has-post-thumbnail","6":"product_cat-rosetten","7":"product_cat-schrauben-de","9":"first","10":"instock","11":"shipping-taxable","12":"product-type-simple"},"acf":[],"_links":{"self":[{"href":"https:\/\/magazzinimanzanesi.it\/de\/wp-json\/wp\/v2\/product\/8557","targetHints":{"allow":["GET"]}}],"collection":[{"href":"https:\/\/magazzinimanzanesi.it\/de\/wp-json\/wp\/v2\/product"}],"about":[{"href":"https:\/\/magazzinimanzanesi.it\/de\/wp-json\/wp\/v2\/types\/product"}],"replies":[{"embeddable":true,"href":"https:\/\/magazzinimanzanesi.it\/de\/wp-json\/wp\/v2\/comments?post=8557"}],"wp:featuredmedia":[{"embeddable":true,"href":"https:\/\/magazzinimanzanesi.it\/de\/wp-json\/wp\/v2\/media\/5900"}],"wp:attachment":[{"href":"https:\/\/magazzinimanzanesi.it\/de\/wp-json\/wp\/v2\/media?parent=8557"}],"wp:term":[{"taxonomy":"product_brand","embeddable":true,"href":"https:\/\/magazzinimanzanesi.it\/de\/wp-json\/wp\/v2\/product_brand?post=8557"},{"taxonomy":"product_cat","embeddable":true,"href":"https:\/\/magazzinimanzanesi.it\/de\/wp-json\/wp\/v2\/product_cat?post=8557"},{"taxonomy":"product_tag","embeddable":true,"href":"https:\/\/magazzinimanzanesi.it\/de\/wp-json\/wp\/v2\/product_tag?post=8557"}],"curies":[{"name":"wp","href":"https:\/\/api.w.org\/{rel}","templated":true}]}}