{"id":8560,"date":"2025-02-03T07:51:24","date_gmt":"2025-02-03T07:51:24","guid":{"rendered":"https:\/\/magazzinimanzanesi.it\/catalogo\/uncategorized\/buchse-fuer-geringe-materialstaerken\/"},"modified":"2025-02-03T07:51:24","modified_gmt":"2025-02-03T07:51:24","slug":"buchse-fuer-geringe-materialstaerken","status":"publish","type":"product","link":"https:\/\/magazzinimanzanesi.it\/de\/katalog\/fur-mobel\/buchsen-und-bolzen\/buchse-fuer-geringe-materialstaerken\/","title":{"rendered":"Buchse f\u00fcr geringe Materialst\u00e4rken"},"content":{"rendered":"<h1>Gewindebuchse f\u00fcr Holz und Holzwerkstoffe<\/h1>\n<p>&nbsp;<\/p>\n<h2>Buchse f\u00fcr geringe Materialst\u00e4rken: Sackloch-Ausf\u00fchrung<\/h2>\n<p>Buchse f\u00fcr geringe Materialst\u00e4rken aus Zamak mit Sackloch, Au\u00dfengewinde f\u00fcr Holz und metrischem ISO-Innengewinde. Ideal f\u00fcr Befestigungen in Holz und Holzwerkstoffen.<\/p>\n<p>&nbsp;<\/p>\n<h3>Buchse f\u00fcr geringe Materialst\u00e4rken \u2013 Ma\u00dfe:<\/h3>\n<p>M6 x 7 mm<\/p>\n","protected":false},"excerpt":{"rendered":"<p>Gewindebuchse f\u00fcr Holz und Holzwerkstoffe &nbsp; Buchse f\u00fcr geringe Materialst\u00e4rken: Sackloch-Ausf\u00fchrung Buchse f\u00fcr geringe Materialst\u00e4rken aus Zamak mit Sackloch, Au\u00dfengewinde f\u00fcr Holz und metrischem ISO-Innengewinde. Ideal f\u00fcr Befestigungen in Holz und Holzwerkstoffen. &nbsp; Buchse f\u00fcr geringe Materialst\u00e4rken \u2013 Ma\u00dfe: M6 x 7 mm<\/p>\n","protected":false},"featured_media":7599,"comment_status":"closed","ping_status":"closed","template":"","meta":{"_acf_changed":false},"product_brand":[],"product_cat":[251,250],"product_tag":[],"class_list":{"0":"post-8560","1":"product","2":"type-product","3":"status-publish","4":"has-post-thumbnail","6":"product_cat-buchsen-und-bolzen","7":"product_cat-fur-mobel","9":"first","10":"instock","11":"shipping-taxable","12":"product-type-simple"},"acf":[],"_links":{"self":[{"href":"https:\/\/magazzinimanzanesi.it\/de\/wp-json\/wp\/v2\/product\/8560","targetHints":{"allow":["GET"]}}],"collection":[{"href":"https:\/\/magazzinimanzanesi.it\/de\/wp-json\/wp\/v2\/product"}],"about":[{"href":"https:\/\/magazzinimanzanesi.it\/de\/wp-json\/wp\/v2\/types\/product"}],"replies":[{"embeddable":true,"href":"https:\/\/magazzinimanzanesi.it\/de\/wp-json\/wp\/v2\/comments?post=8560"}],"wp:featuredmedia":[{"embeddable":true,"href":"https:\/\/magazzinimanzanesi.it\/de\/wp-json\/wp\/v2\/media\/7599"}],"wp:attachment":[{"href":"https:\/\/magazzinimanzanesi.it\/de\/wp-json\/wp\/v2\/media?parent=8560"}],"wp:term":[{"taxonomy":"product_brand","embeddable":true,"href":"https:\/\/magazzinimanzanesi.it\/de\/wp-json\/wp\/v2\/product_brand?post=8560"},{"taxonomy":"product_cat","embeddable":true,"href":"https:\/\/magazzinimanzanesi.it\/de\/wp-json\/wp\/v2\/product_cat?post=8560"},{"taxonomy":"product_tag","embeddable":true,"href":"https:\/\/magazzinimanzanesi.it\/de\/wp-json\/wp\/v2\/product_tag?post=8560"}],"curies":[{"name":"wp","href":"https:\/\/api.w.org\/{rel}","templated":true}]}}