{"id":8571,"date":"2025-01-28T08:57:31","date_gmt":"2025-01-28T08:57:31","guid":{"rendered":"https:\/\/magazzinimanzanesi.it\/catalogo\/uncategorized\/flachriemen\/"},"modified":"2025-01-28T08:57:31","modified_gmt":"2025-01-28T08:57:31","slug":"flachriemen","status":"publish","type":"product","link":"https:\/\/magazzinimanzanesi.it\/de\/katalog\/ubertragung\/flachriemen\/","title":{"rendered":"Flachriemen"},"content":{"rendered":"<h1>Flachriemen<\/h1>\n<p>&nbsp;<\/p>\n<h2><strong>Flachriemen: Nach Ma\u00df gefertigt<\/strong><\/h2>\n<p>Flachriemen aus schwarzem Neopren und Polyester, nach Ma\u00df zugeschnitten. Formgepresst und nahtlos hergestellt, ideal f\u00fcr die Leistungs\u00fcbertragung auch bei hohen Geschwindigkeiten.<\/p>\n<p>&nbsp;<\/p>\n<h3><strong>Flachriemen \u2013 Ma\u00dfe:<\/strong><\/h3>\n<p>Entwicklung: von 240 mm bis 3100 mm<\/p>\n<p>H\u00f6he: auf Anfrage.<\/p>\n","protected":false},"excerpt":{"rendered":"<p>Flachriemen &nbsp; Flachriemen: Nach Ma\u00df gefertigt Flachriemen aus schwarzem Neopren und Polyester, nach Ma\u00df zugeschnitten. Formgepresst und nahtlos hergestellt, ideal f\u00fcr die Leistungs\u00fcbertragung auch bei hohen Geschwindigkeiten. &nbsp; Flachriemen \u2013 Ma\u00dfe: Entwicklung: von 240 mm bis 3100 mm H\u00f6he: auf Anfrage.<\/p>\n","protected":false},"featured_media":7001,"comment_status":"closed","ping_status":"closed","template":"","meta":{"_acf_changed":false},"product_brand":[],"product_cat":[860],"product_tag":[],"class_list":{"0":"post-8571","1":"product","2":"type-product","3":"status-publish","4":"has-post-thumbnail","6":"product_cat-ubertragung","8":"first","9":"instock","10":"shipping-taxable","11":"product-type-simple"},"acf":[],"_links":{"self":[{"href":"https:\/\/magazzinimanzanesi.it\/de\/wp-json\/wp\/v2\/product\/8571","targetHints":{"allow":["GET"]}}],"collection":[{"href":"https:\/\/magazzinimanzanesi.it\/de\/wp-json\/wp\/v2\/product"}],"about":[{"href":"https:\/\/magazzinimanzanesi.it\/de\/wp-json\/wp\/v2\/types\/product"}],"replies":[{"embeddable":true,"href":"https:\/\/magazzinimanzanesi.it\/de\/wp-json\/wp\/v2\/comments?post=8571"}],"wp:featuredmedia":[{"embeddable":true,"href":"https:\/\/magazzinimanzanesi.it\/de\/wp-json\/wp\/v2\/media\/7001"}],"wp:attachment":[{"href":"https:\/\/magazzinimanzanesi.it\/de\/wp-json\/wp\/v2\/media?parent=8571"}],"wp:term":[{"taxonomy":"product_brand","embeddable":true,"href":"https:\/\/magazzinimanzanesi.it\/de\/wp-json\/wp\/v2\/product_brand?post=8571"},{"taxonomy":"product_cat","embeddable":true,"href":"https:\/\/magazzinimanzanesi.it\/de\/wp-json\/wp\/v2\/product_cat?post=8571"},{"taxonomy":"product_tag","embeddable":true,"href":"https:\/\/magazzinimanzanesi.it\/de\/wp-json\/wp\/v2\/product_tag?post=8571"}],"curies":[{"name":"wp","href":"https:\/\/api.w.org\/{rel}","templated":true}]}}