{"id":8573,"date":"2025-01-28T08:52:56","date_gmt":"2025-01-28T08:52:56","guid":{"rendered":"https:\/\/magazzinimanzanesi.it\/catalogo\/uncategorized\/ucfl-lagereinheit-fytb\/"},"modified":"2026-04-07T12:56:33","modified_gmt":"2026-04-07T12:56:33","slug":"ucfl-lagereinheit-fytb","status":"publish","type":"product","link":"https:\/\/magazzinimanzanesi.it\/de\/katalog\/ubertragung\/ucfl-lagereinheit-fytb\/","title":{"rendered":"UCFL-Lagereinheit (FYTB)"},"content":{"rendered":"<h1><strong>Ovales Lagergeh\u00e4use<\/strong><\/h1>\n<h2><strong>UCFL-Lagereinheit (FYTB): Ovale Ausf\u00fchrung<\/strong><\/h2>\n<p>UCFL-Lagereinheit (FYTB), ideal zur Abst\u00fctzung einer rotierenden Welle in einem \u00dcbertragungssystem.<\/p>\n<p>&nbsp;<\/p>\n<h3><strong>UCFL-Lagereinheit (FYTB) \u2013 Ma\u00dfe:<\/strong><\/h3>\n<p>F\u00fcr Wellen-\u00d8 von 20 mm bis 50 mm<\/p>\n<p>&nbsp;<\/p>\n","protected":false},"excerpt":{"rendered":"<p>Ovales Lagergeh\u00e4use UCFL-Lagereinheit (FYTB): Ovale Ausf\u00fchrung UCFL-Lagereinheit (FYTB), ideal zur Abst\u00fctzung einer rotierenden Welle in einem \u00dcbertragungssystem. &nbsp; UCFL-Lagereinheit (FYTB) \u2013 Ma\u00dfe: F\u00fcr Wellen-\u00d8 von 20 mm bis 50 mm &nbsp;<\/p>\n","protected":false},"featured_media":7091,"comment_status":"closed","ping_status":"closed","template":"","meta":{"_acf_changed":false},"product_brand":[],"product_cat":[860],"product_tag":[],"class_list":{"0":"post-8573","1":"product","2":"type-product","3":"status-publish","4":"has-post-thumbnail","6":"product_cat-ubertragung","8":"first","9":"instock","10":"shipping-taxable","11":"product-type-simple"},"acf":[],"_links":{"self":[{"href":"https:\/\/magazzinimanzanesi.it\/de\/wp-json\/wp\/v2\/product\/8573","targetHints":{"allow":["GET"]}}],"collection":[{"href":"https:\/\/magazzinimanzanesi.it\/de\/wp-json\/wp\/v2\/product"}],"about":[{"href":"https:\/\/magazzinimanzanesi.it\/de\/wp-json\/wp\/v2\/types\/product"}],"replies":[{"embeddable":true,"href":"https:\/\/magazzinimanzanesi.it\/de\/wp-json\/wp\/v2\/comments?post=8573"}],"wp:featuredmedia":[{"embeddable":true,"href":"https:\/\/magazzinimanzanesi.it\/de\/wp-json\/wp\/v2\/media\/7091"}],"wp:attachment":[{"href":"https:\/\/magazzinimanzanesi.it\/de\/wp-json\/wp\/v2\/media?parent=8573"}],"wp:term":[{"taxonomy":"product_brand","embeddable":true,"href":"https:\/\/magazzinimanzanesi.it\/de\/wp-json\/wp\/v2\/product_brand?post=8573"},{"taxonomy":"product_cat","embeddable":true,"href":"https:\/\/magazzinimanzanesi.it\/de\/wp-json\/wp\/v2\/product_cat?post=8573"},{"taxonomy":"product_tag","embeddable":true,"href":"https:\/\/magazzinimanzanesi.it\/de\/wp-json\/wp\/v2\/product_tag?post=8573"}],"curies":[{"name":"wp","href":"https:\/\/api.w.org\/{rel}","templated":true}]}}