{"id":8574,"date":"2025-01-28T08:52:41","date_gmt":"2025-01-28T08:52:41","guid":{"rendered":"https:\/\/magazzinimanzanesi.it\/catalogo\/uncategorized\/up-lagereinheit-sy\/"},"modified":"2025-01-28T08:52:41","modified_gmt":"2025-01-28T08:52:41","slug":"up-lagereinheit-sy","status":"publish","type":"product","link":"https:\/\/magazzinimanzanesi.it\/de\/katalog\/ubertragung\/up-lagereinheit-sy\/","title":{"rendered":"UP-Lagereinheit (SY)"},"content":{"rendered":"<h1><strong>Stehlagergeh\u00e4use<\/strong><\/h1>\n<h2><strong>UP-Lagereinheit (SY): Stehende Ausf\u00fchrung<\/strong><\/h2>\n<p>UP-Lagereinheit (SY), geeignet zur Abst\u00fctzung einer rotierenden Welle in einem \u00dcbertragungssystem. Der Artikel ist in der Cuscinetti-Kategorie als eigener Produkttyp zwischen UCFL und dem Rillenkugellager aufgef\u00fchrt.<\/p>\n<p>&nbsp;<\/p>\n<h3><strong>UP-Lagereinheit (SY) \u2013 Ma\u00dfe:<\/strong><\/h3>\n<p>Achsdurchmesser von 20 mm bis 50 mm<\/p>\n","protected":false},"excerpt":{"rendered":"<p>Stehlagergeh\u00e4use UP-Lagereinheit (SY): Stehende Ausf\u00fchrung UP-Lagereinheit (SY), geeignet zur Abst\u00fctzung einer rotierenden Welle in einem \u00dcbertragungssystem. Der Artikel ist in der Cuscinetti-Kategorie als eigener Produkttyp zwischen UCFL und dem Rillenkugellager aufgef\u00fchrt. &nbsp; UP-Lagereinheit (SY) \u2013 Ma\u00dfe: Achsdurchmesser von 20 mm bis 50 mm<\/p>\n","protected":false},"featured_media":7101,"comment_status":"closed","ping_status":"closed","template":"","meta":{"_acf_changed":false},"product_brand":[],"product_cat":[860],"product_tag":[],"class_list":{"0":"post-8574","1":"product","2":"type-product","3":"status-publish","4":"has-post-thumbnail","6":"product_cat-ubertragung","8":"first","9":"instock","10":"shipping-taxable","11":"product-type-simple"},"acf":[],"_links":{"self":[{"href":"https:\/\/magazzinimanzanesi.it\/de\/wp-json\/wp\/v2\/product\/8574","targetHints":{"allow":["GET"]}}],"collection":[{"href":"https:\/\/magazzinimanzanesi.it\/de\/wp-json\/wp\/v2\/product"}],"about":[{"href":"https:\/\/magazzinimanzanesi.it\/de\/wp-json\/wp\/v2\/types\/product"}],"replies":[{"embeddable":true,"href":"https:\/\/magazzinimanzanesi.it\/de\/wp-json\/wp\/v2\/comments?post=8574"}],"wp:featuredmedia":[{"embeddable":true,"href":"https:\/\/magazzinimanzanesi.it\/de\/wp-json\/wp\/v2\/media\/7101"}],"wp:attachment":[{"href":"https:\/\/magazzinimanzanesi.it\/de\/wp-json\/wp\/v2\/media?parent=8574"}],"wp:term":[{"taxonomy":"product_brand","embeddable":true,"href":"https:\/\/magazzinimanzanesi.it\/de\/wp-json\/wp\/v2\/product_brand?post=8574"},{"taxonomy":"product_cat","embeddable":true,"href":"https:\/\/magazzinimanzanesi.it\/de\/wp-json\/wp\/v2\/product_cat?post=8574"},{"taxonomy":"product_tag","embeddable":true,"href":"https:\/\/magazzinimanzanesi.it\/de\/wp-json\/wp\/v2\/product_tag?post=8574"}],"curies":[{"name":"wp","href":"https:\/\/api.w.org\/{rel}","templated":true}]}}