{"id":8577,"date":"2025-01-28T08:33:37","date_gmt":"2025-01-28T08:33:37","guid":{"rendered":"https:\/\/magazzinimanzanesi.it\/catalogo\/uncategorized\/schraegkugellager\/"},"modified":"2025-01-28T08:33:37","modified_gmt":"2025-01-28T08:33:37","slug":"schraegkugellager","status":"publish","type":"product","link":"https:\/\/magazzinimanzanesi.it\/de\/katalog\/ubertragung\/schraegkugellager\/","title":{"rendered":"Schr\u00e4gkugellager"},"content":{"rendered":"<h1><strong>Schr\u00e4glager<\/strong><\/h1>\n<h2><strong>Schr\u00e4gkugellager: F\u00fcr kombinierte Belastungen<\/strong><\/h2>\n<p>Schr\u00e4gkugellager, geeignet zur Aufnahme kombinierter Belastungen, die gleichzeitig radial und axial wirken. Auch in hochpr\u00e4ziser Ausf\u00fchrung f\u00fcr den Einsatz auf Pantografen und Fr\u00e4smaschinen erh\u00e4ltlich.<\/p>\n<p>&nbsp;<\/p>\n<h3><strong>Schr\u00e4gkugellager \u2013 Ma\u00dfe:<\/strong><\/h3>\n<p>Ausf\u00fchrungen und Ma\u00dfe auf Anfrage.<\/p>\n","protected":false},"excerpt":{"rendered":"<p>Schr\u00e4glager Schr\u00e4gkugellager: F\u00fcr kombinierte Belastungen Schr\u00e4gkugellager, geeignet zur Aufnahme kombinierter Belastungen, die gleichzeitig radial und axial wirken. Auch in hochpr\u00e4ziser Ausf\u00fchrung f\u00fcr den Einsatz auf Pantografen und Fr\u00e4smaschinen erh\u00e4ltlich. &nbsp; Schr\u00e4gkugellager \u2013 Ma\u00dfe: Ausf\u00fchrungen und Ma\u00dfe auf Anfrage.<\/p>\n","protected":false},"featured_media":7026,"comment_status":"closed","ping_status":"closed","template":"","meta":{"_acf_changed":false},"product_brand":[],"product_cat":[860],"product_tag":[],"class_list":{"0":"post-8577","1":"product","2":"type-product","3":"status-publish","4":"has-post-thumbnail","6":"product_cat-ubertragung","8":"first","9":"instock","10":"shipping-taxable","11":"product-type-simple"},"acf":[],"_links":{"self":[{"href":"https:\/\/magazzinimanzanesi.it\/de\/wp-json\/wp\/v2\/product\/8577","targetHints":{"allow":["GET"]}}],"collection":[{"href":"https:\/\/magazzinimanzanesi.it\/de\/wp-json\/wp\/v2\/product"}],"about":[{"href":"https:\/\/magazzinimanzanesi.it\/de\/wp-json\/wp\/v2\/types\/product"}],"replies":[{"embeddable":true,"href":"https:\/\/magazzinimanzanesi.it\/de\/wp-json\/wp\/v2\/comments?post=8577"}],"wp:featuredmedia":[{"embeddable":true,"href":"https:\/\/magazzinimanzanesi.it\/de\/wp-json\/wp\/v2\/media\/7026"}],"wp:attachment":[{"href":"https:\/\/magazzinimanzanesi.it\/de\/wp-json\/wp\/v2\/media?parent=8577"}],"wp:term":[{"taxonomy":"product_brand","embeddable":true,"href":"https:\/\/magazzinimanzanesi.it\/de\/wp-json\/wp\/v2\/product_brand?post=8577"},{"taxonomy":"product_cat","embeddable":true,"href":"https:\/\/magazzinimanzanesi.it\/de\/wp-json\/wp\/v2\/product_cat?post=8577"},{"taxonomy":"product_tag","embeddable":true,"href":"https:\/\/magazzinimanzanesi.it\/de\/wp-json\/wp\/v2\/product_tag?post=8577"}],"curies":[{"name":"wp","href":"https:\/\/api.w.org\/{rel}","templated":true}]}}