{"id":8578,"date":"2025-01-28T08:56:50","date_gmt":"2025-01-28T08:56:50","guid":{"rendered":"https:\/\/magazzinimanzanesi.it\/catalogo\/uncategorized\/riemenscheibe\/"},"modified":"2025-01-28T08:56:50","modified_gmt":"2025-01-28T08:56:50","slug":"riemenscheibe","status":"publish","type":"product","link":"https:\/\/magazzinimanzanesi.it\/de\/katalog\/ubertragung\/riemenscheibe\/","title":{"rendered":"Riemenscheibe"},"content":{"rendered":"<h1><strong>Riemenscheibe aus Gusseisen<\/strong><\/h1>\n<h2><strong>Riemenscheibe: Trapezprofil<\/strong><\/h2>\n<p>Riemenscheibe aus Gusseisen mit Keilriemenprofil Typ SPA und SPB, ideal f\u00fcr die Kraft\u00fcbertragung mittels Riemen. Mit Zentrierung zur Ausf\u00fchrung der Bohrung nach Bedarf.<\/p>\n<p>&nbsp;<\/p>\n<h3><strong>Riemenscheibe \u2013 Ma\u00dfe:<\/strong><\/h3>\n<p>Profil:<\/p>\n<ul>\n<li>SPA<\/li>\n<li>SPB<\/li>\n<\/ul>\n<p>&nbsp;<\/p>\n<p>Anzahl der Rillen:<\/p>\n<p>\u25cf\tvon 1 bis 4<\/p>\n<p>&nbsp;<\/p>\n<p>Abmessungen:<\/p>\n<p>\u25cf\tvon \u00d8 60 mm bis \u00d8 200 mm<\/p>\n","protected":false},"excerpt":{"rendered":"<p>Riemenscheibe aus Gusseisen Riemenscheibe: Trapezprofil Riemenscheibe aus Gusseisen mit Keilriemenprofil Typ SPA und SPB, ideal f\u00fcr die Kraft\u00fcbertragung mittels Riemen. Mit Zentrierung zur Ausf\u00fchrung der Bohrung nach Bedarf. &nbsp; Riemenscheibe \u2013 Ma\u00dfe: Profil: SPA SPB &nbsp; Anzahl der Rillen: \u25cf von 1 bis 4 &nbsp; Abmessungen: \u25cf von \u00d8 60 mm bis \u00d8 200 mm<\/p>\n","protected":false},"featured_media":7066,"comment_status":"closed","ping_status":"closed","template":"","meta":{"_acf_changed":false},"product_brand":[],"product_cat":[860],"product_tag":[],"class_list":{"0":"post-8578","1":"product","2":"type-product","3":"status-publish","4":"has-post-thumbnail","6":"product_cat-ubertragung","8":"first","9":"instock","10":"shipping-taxable","11":"product-type-simple"},"acf":[],"_links":{"self":[{"href":"https:\/\/magazzinimanzanesi.it\/de\/wp-json\/wp\/v2\/product\/8578","targetHints":{"allow":["GET"]}}],"collection":[{"href":"https:\/\/magazzinimanzanesi.it\/de\/wp-json\/wp\/v2\/product"}],"about":[{"href":"https:\/\/magazzinimanzanesi.it\/de\/wp-json\/wp\/v2\/types\/product"}],"replies":[{"embeddable":true,"href":"https:\/\/magazzinimanzanesi.it\/de\/wp-json\/wp\/v2\/comments?post=8578"}],"wp:featuredmedia":[{"embeddable":true,"href":"https:\/\/magazzinimanzanesi.it\/de\/wp-json\/wp\/v2\/media\/7066"}],"wp:attachment":[{"href":"https:\/\/magazzinimanzanesi.it\/de\/wp-json\/wp\/v2\/media?parent=8578"}],"wp:term":[{"taxonomy":"product_brand","embeddable":true,"href":"https:\/\/magazzinimanzanesi.it\/de\/wp-json\/wp\/v2\/product_brand?post=8578"},{"taxonomy":"product_cat","embeddable":true,"href":"https:\/\/magazzinimanzanesi.it\/de\/wp-json\/wp\/v2\/product_cat?post=8578"},{"taxonomy":"product_tag","embeddable":true,"href":"https:\/\/magazzinimanzanesi.it\/de\/wp-json\/wp\/v2\/product_tag?post=8578"}],"curies":[{"name":"wp","href":"https:\/\/api.w.org\/{rel}","templated":true}]}}