{"id":8580,"date":"2025-01-28T10:47:48","date_gmt":"2025-01-28T10:47:48","guid":{"rendered":"https:\/\/magazzinimanzanesi.it\/catalogo\/uncategorized\/abgebundener-pinsel\/"},"modified":"2025-01-28T10:47:48","modified_gmt":"2025-01-28T10:47:48","slug":"abgebundener-pinsel","status":"publish","type":"product","link":"https:\/\/magazzinimanzanesi.it\/de\/katalog\/restaurierung\/abgebundener-pinsel\/","title":{"rendered":"Abgebundener Pinsel"},"content":{"rendered":"<h1><strong>Pinsel mit heller Borste<\/strong><\/h1>\n<h2><strong>Abgebundener Pinsel: Ideal zum Auftragen von Leim<\/strong><\/h2>\n<p>Abgebundener Pinsel mit heller Borste und Nickelzwinge. Ideal zum Auftragen von Leim und f\u00fcr kleine Retuschierarbeiten.<\/p>\n<p>&nbsp;<\/p>\n<h3><strong>Abgebundener Pinsel \u2013 Ma\u00dfe:<\/strong><\/h3>\n<p>Von \u00d86 mm bis \u00d824 mm<\/p>\n","protected":false},"excerpt":{"rendered":"<p>Pinsel mit heller Borste Abgebundener Pinsel: Ideal zum Auftragen von Leim Abgebundener Pinsel mit heller Borste und Nickelzwinge. Ideal zum Auftragen von Leim und f\u00fcr kleine Retuschierarbeiten. &nbsp; Abgebundener Pinsel \u2013 Ma\u00dfe: Von \u00d86 mm bis \u00d824 mm<\/p>\n","protected":false},"featured_media":7061,"comment_status":"closed","ping_status":"closed","template":"","meta":{"_acf_changed":false},"product_brand":[],"product_cat":[868],"product_tag":[],"class_list":{"0":"post-8580","1":"product","2":"type-product","3":"status-publish","4":"has-post-thumbnail","6":"product_cat-restaurierung","8":"first","9":"instock","10":"shipping-taxable","11":"product-type-simple"},"acf":[],"_links":{"self":[{"href":"https:\/\/magazzinimanzanesi.it\/de\/wp-json\/wp\/v2\/product\/8580","targetHints":{"allow":["GET"]}}],"collection":[{"href":"https:\/\/magazzinimanzanesi.it\/de\/wp-json\/wp\/v2\/product"}],"about":[{"href":"https:\/\/magazzinimanzanesi.it\/de\/wp-json\/wp\/v2\/types\/product"}],"replies":[{"embeddable":true,"href":"https:\/\/magazzinimanzanesi.it\/de\/wp-json\/wp\/v2\/comments?post=8580"}],"wp:featuredmedia":[{"embeddable":true,"href":"https:\/\/magazzinimanzanesi.it\/de\/wp-json\/wp\/v2\/media\/7061"}],"wp:attachment":[{"href":"https:\/\/magazzinimanzanesi.it\/de\/wp-json\/wp\/v2\/media?parent=8580"}],"wp:term":[{"taxonomy":"product_brand","embeddable":true,"href":"https:\/\/magazzinimanzanesi.it\/de\/wp-json\/wp\/v2\/product_brand?post=8580"},{"taxonomy":"product_cat","embeddable":true,"href":"https:\/\/magazzinimanzanesi.it\/de\/wp-json\/wp\/v2\/product_cat?post=8580"},{"taxonomy":"product_tag","embeddable":true,"href":"https:\/\/magazzinimanzanesi.it\/de\/wp-json\/wp\/v2\/product_tag?post=8580"}],"curies":[{"name":"wp","href":"https:\/\/api.w.org\/{rel}","templated":true}]}}