{"id":8582,"date":"2025-01-28T10:46:34","date_gmt":"2025-01-28T10:46:34","guid":{"rendered":"https:\/\/magazzinimanzanesi.it\/catalogo\/uncategorized\/ovalpinsel\/"},"modified":"2025-01-28T10:46:34","modified_gmt":"2025-01-28T10:46:34","slug":"ovalpinsel","status":"publish","type":"product","link":"https:\/\/magazzinimanzanesi.it\/de\/katalog\/restaurierung\/ovalpinsel\/","title":{"rendered":"Ovalpinsel"},"content":{"rendered":"<h1><strong>Ovaler Pinsel aus Naturborste<\/strong><\/h1>\n<h2><strong>Ovalpinsel: Ideal f\u00fcr Retuschen<\/strong><\/h2>\n<p>Ovalpinsel aus reiner heller Naturborste mit Nickelzwinge. Ideal zum Auftragen von Wasserfarben und Lacken.<\/p>\n<p>&nbsp;<\/p>\n<h3><strong>Ovalpinsel \u2013 Ma\u00dfe:<\/strong><\/h3>\n<p>Von \u00d82 mm bis \u00d816 mm<\/p>\n","protected":false},"excerpt":{"rendered":"<p>Ovaler Pinsel aus Naturborste Ovalpinsel: Ideal f\u00fcr Retuschen Ovalpinsel aus reiner heller Naturborste mit Nickelzwinge. Ideal zum Auftragen von Wasserfarben und Lacken. &nbsp; Ovalpinsel \u2013 Ma\u00dfe: Von \u00d82 mm bis \u00d816 mm<\/p>\n","protected":false},"featured_media":7051,"comment_status":"closed","ping_status":"closed","template":"","meta":{"_acf_changed":false},"product_brand":[],"product_cat":[868],"product_tag":[],"class_list":{"0":"post-8582","1":"product","2":"type-product","3":"status-publish","4":"has-post-thumbnail","6":"product_cat-restaurierung","8":"first","9":"instock","10":"shipping-taxable","11":"product-type-simple"},"acf":[],"_links":{"self":[{"href":"https:\/\/magazzinimanzanesi.it\/de\/wp-json\/wp\/v2\/product\/8582","targetHints":{"allow":["GET"]}}],"collection":[{"href":"https:\/\/magazzinimanzanesi.it\/de\/wp-json\/wp\/v2\/product"}],"about":[{"href":"https:\/\/magazzinimanzanesi.it\/de\/wp-json\/wp\/v2\/types\/product"}],"replies":[{"embeddable":true,"href":"https:\/\/magazzinimanzanesi.it\/de\/wp-json\/wp\/v2\/comments?post=8582"}],"wp:featuredmedia":[{"embeddable":true,"href":"https:\/\/magazzinimanzanesi.it\/de\/wp-json\/wp\/v2\/media\/7051"}],"wp:attachment":[{"href":"https:\/\/magazzinimanzanesi.it\/de\/wp-json\/wp\/v2\/media?parent=8582"}],"wp:term":[{"taxonomy":"product_brand","embeddable":true,"href":"https:\/\/magazzinimanzanesi.it\/de\/wp-json\/wp\/v2\/product_brand?post=8582"},{"taxonomy":"product_cat","embeddable":true,"href":"https:\/\/magazzinimanzanesi.it\/de\/wp-json\/wp\/v2\/product_cat?post=8582"},{"taxonomy":"product_tag","embeddable":true,"href":"https:\/\/magazzinimanzanesi.it\/de\/wp-json\/wp\/v2\/product_tag?post=8582"}],"curies":[{"name":"wp","href":"https:\/\/api.w.org\/{rel}","templated":true}]}}