{"id":8585,"date":"2025-01-28T11:28:36","date_gmt":"2025-01-28T11:28:36","guid":{"rendered":"https:\/\/magazzinimanzanesi.it\/catalogo\/uncategorized\/schnellspachtel\/"},"modified":"2025-01-28T11:28:36","modified_gmt":"2025-01-28T11:28:36","slug":"schnellspachtel","status":"publish","type":"product","link":"https:\/\/magazzinimanzanesi.it\/de\/katalog\/restaurierung\/schnellspachtel\/","title":{"rendered":"Schnellspachtel"},"content":{"rendered":"<h1><strong>Weicher Wachsstift<\/strong><\/h1>\n<p>&nbsp;<\/p>\n<h2><strong>Schnellspachtel: \u00dcberlackierbar und unbedenklich<\/strong><\/h2>\n<p>Weicher Schnellspachtel in Stiftform f\u00fcr die Retusche lackierter Holzoberfl\u00e4chen. Auf Basis von Mineralpigmenten und nat\u00fcrlichen Wachsen.<\/p>\n<p>&nbsp;<\/p>\n<h3><strong>Schnellspachtel \u2013 Farbt\u00f6ne:<\/strong><\/h3>\n<ul>\n<li>Wei\u00df<\/li>\n<li>Kirsche<\/li>\n<li>Buche<\/li>\n<li>Esche<\/li>\n<li>Mahagoni<\/li>\n<li>Schwarz<\/li>\n<li>Hellnuss<\/li>\n<li>Mittelnuss<\/li>\n<li>Dunkelnuss<\/li>\n<li>Rustikale Eiche<\/li>\n<li>Helleiche<\/li>\n<li>Teak<\/li>\n<li>Wenge<\/li>\n<\/ul>\n<p>Weitere Farbt\u00f6ne auf Anfrage erh\u00e4ltlich.<\/p>\n","protected":false},"excerpt":{"rendered":"<p>Weicher Wachsstift &nbsp; Schnellspachtel: \u00dcberlackierbar und unbedenklich Weicher Schnellspachtel in Stiftform f\u00fcr die Retusche lackierter Holzoberfl\u00e4chen. Auf Basis von Mineralpigmenten und nat\u00fcrlichen Wachsen. &nbsp; Schnellspachtel \u2013 Farbt\u00f6ne: Wei\u00df Kirsche Buche Esche Mahagoni Schwarz Hellnuss Mittelnuss Dunkelnuss Rustikale Eiche Helleiche Teak Wenge Weitere Farbt\u00f6ne auf Anfrage erh\u00e4ltlich.<\/p>\n","protected":false},"featured_media":7166,"comment_status":"closed","ping_status":"closed","template":"","meta":{"_acf_changed":false},"product_brand":[],"product_cat":[868],"product_tag":[],"class_list":{"0":"post-8585","1":"product","2":"type-product","3":"status-publish","4":"has-post-thumbnail","6":"product_cat-restaurierung","8":"first","9":"instock","10":"shipping-taxable","11":"product-type-simple"},"acf":[],"_links":{"self":[{"href":"https:\/\/magazzinimanzanesi.it\/de\/wp-json\/wp\/v2\/product\/8585","targetHints":{"allow":["GET"]}}],"collection":[{"href":"https:\/\/magazzinimanzanesi.it\/de\/wp-json\/wp\/v2\/product"}],"about":[{"href":"https:\/\/magazzinimanzanesi.it\/de\/wp-json\/wp\/v2\/types\/product"}],"replies":[{"embeddable":true,"href":"https:\/\/magazzinimanzanesi.it\/de\/wp-json\/wp\/v2\/comments?post=8585"}],"wp:featuredmedia":[{"embeddable":true,"href":"https:\/\/magazzinimanzanesi.it\/de\/wp-json\/wp\/v2\/media\/7166"}],"wp:attachment":[{"href":"https:\/\/magazzinimanzanesi.it\/de\/wp-json\/wp\/v2\/media?parent=8585"}],"wp:term":[{"taxonomy":"product_brand","embeddable":true,"href":"https:\/\/magazzinimanzanesi.it\/de\/wp-json\/wp\/v2\/product_brand?post=8585"},{"taxonomy":"product_cat","embeddable":true,"href":"https:\/\/magazzinimanzanesi.it\/de\/wp-json\/wp\/v2\/product_cat?post=8585"},{"taxonomy":"product_tag","embeddable":true,"href":"https:\/\/magazzinimanzanesi.it\/de\/wp-json\/wp\/v2\/product_tag?post=8585"}],"curies":[{"name":"wp","href":"https:\/\/api.w.org\/{rel}","templated":true}]}}