{"id":8587,"date":"2025-01-28T11:28:17","date_gmt":"2025-01-28T11:28:17","guid":{"rendered":"https:\/\/magazzinimanzanesi.it\/catalogo\/uncategorized\/holzspachtel-auf-loesungsmittelbasis-2\/"},"modified":"2025-01-28T11:28:17","modified_gmt":"2025-01-28T11:28:17","slug":"holzspachtel-auf-loesungsmittelbasis-2","status":"publish","type":"product","link":"https:\/\/magazzinimanzanesi.it\/de\/katalog\/restaurierung\/holzspachtel-auf-loesungsmittelbasis-2\/","title":{"rendered":"Holzspachtel auf L\u00f6sungsmittelbasis"},"content":{"rendered":"<h1><strong>Schnelltrocknender Holzspachtel<\/strong><\/h1>\n<p>&nbsp;<\/p>\n<h2><strong>Holzspachtel auf L\u00f6sungsmittelbasis: F\u00fcr die Restaurierung von Holz<\/strong><\/h2>\n<p>Holzspachtel auf L\u00f6sungsmittelbasis und Holzmehl, ideal f\u00fcr die Restaurierung besch\u00e4digter H\u00f6lzer. Nach dem Auftragen und Trocknen kann er wie nat\u00fcrliches Holz bearbeitet werden.<\/p>\n<p>&nbsp;<\/p>\n<h3><strong>Holzspachtel auf L\u00f6sungsmittelbasis \u2013 Farbt\u00f6ne:<\/strong><\/h3>\n<ul>\n<li>Kirsche<\/li>\n<li>Buche<\/li>\n<li>Esche<\/li>\n<li>Naturholz<\/li>\n<li>Mahagoni<\/li>\n<li>Hellnuss<\/li>\n<li>Dunkelnuss<\/li>\n<li>Pappel<\/li>\n<li>Eiche<\/li>\n<\/ul>\n<h4><strong>Verf\u00fcgbare Versionen:<\/strong><\/h4>\n<p>\u2022\u00a0 250 ml<br \/>\n\u2022\u00a0 750 ml<\/p>\n<p>&nbsp;<\/p>\n<p>Weitere Farbt\u00f6ne auf Anfrage erh\u00e4ltlich.<\/p>\n","protected":false},"excerpt":{"rendered":"<p>Schnelltrocknender Holzspachtel &nbsp; Holzspachtel auf L\u00f6sungsmittelbasis: F\u00fcr die Restaurierung von Holz Holzspachtel auf L\u00f6sungsmittelbasis und Holzmehl, ideal f\u00fcr die Restaurierung besch\u00e4digter H\u00f6lzer. Nach dem Auftragen und Trocknen kann er wie nat\u00fcrliches Holz bearbeitet werden. &nbsp; Holzspachtel auf L\u00f6sungsmittelbasis \u2013 Farbt\u00f6ne: Kirsche Buche Esche Naturholz Mahagoni Hellnuss Dunkelnuss Pappel Eiche Verf\u00fcgbare Versionen: \u2022\u00a0 250 ml \u2022\u00a0 [&hellip;]<\/p>\n","protected":false},"featured_media":7171,"comment_status":"closed","ping_status":"closed","template":"","meta":{"_acf_changed":false},"product_brand":[],"product_cat":[868],"product_tag":[],"class_list":{"0":"post-8587","1":"product","2":"type-product","3":"status-publish","4":"has-post-thumbnail","6":"product_cat-restaurierung","8":"first","9":"instock","10":"shipping-taxable","11":"product-type-simple"},"acf":[],"_links":{"self":[{"href":"https:\/\/magazzinimanzanesi.it\/de\/wp-json\/wp\/v2\/product\/8587","targetHints":{"allow":["GET"]}}],"collection":[{"href":"https:\/\/magazzinimanzanesi.it\/de\/wp-json\/wp\/v2\/product"}],"about":[{"href":"https:\/\/magazzinimanzanesi.it\/de\/wp-json\/wp\/v2\/types\/product"}],"replies":[{"embeddable":true,"href":"https:\/\/magazzinimanzanesi.it\/de\/wp-json\/wp\/v2\/comments?post=8587"}],"wp:featuredmedia":[{"embeddable":true,"href":"https:\/\/magazzinimanzanesi.it\/de\/wp-json\/wp\/v2\/media\/7171"}],"wp:attachment":[{"href":"https:\/\/magazzinimanzanesi.it\/de\/wp-json\/wp\/v2\/media?parent=8587"}],"wp:term":[{"taxonomy":"product_brand","embeddable":true,"href":"https:\/\/magazzinimanzanesi.it\/de\/wp-json\/wp\/v2\/product_brand?post=8587"},{"taxonomy":"product_cat","embeddable":true,"href":"https:\/\/magazzinimanzanesi.it\/de\/wp-json\/wp\/v2\/product_cat?post=8587"},{"taxonomy":"product_tag","embeddable":true,"href":"https:\/\/magazzinimanzanesi.it\/de\/wp-json\/wp\/v2\/product_tag?post=8587"}],"curies":[{"name":"wp","href":"https:\/\/api.w.org\/{rel}","templated":true}]}}