{"id":8589,"date":"2025-01-28T11:05:03","date_gmt":"2025-01-28T11:05:03","guid":{"rendered":"https:\/\/magazzinimanzanesi.it\/catalogo\/uncategorized\/sofortiger-cyanacrylat-gelklebstoff\/"},"modified":"2026-04-08T10:21:23","modified_gmt":"2026-04-08T10:21:23","slug":"sofortiger-cyanacrylat-gelklebstoff","status":"publish","type":"product","link":"https:\/\/magazzinimanzanesi.it\/de\/katalog\/technische-chemikalien\/sofortiger-cyanacrylat-gelklebstoff\/","title":{"rendered":"Sofortiger Cyanacrylat-Gelklebstoff"},"content":{"rendered":"<h1><strong>Sofort-Gelklebstoff<\/strong><\/h1>\n<p>&nbsp;<\/p>\n<h2><strong>Sofortiger Cyanacrylat-Gelklebstoff: F\u00fcr viele Materialien<\/strong><\/h2>\n<p>Sofortiger Cyanacrylat-Gelklebstoff, geeignet f\u00fcr viele Materialien, darunter Papier, Holz und Leder. Auch auf por\u00f6sen Oberfl\u00e4chen erm\u00f6glicht die Abbindezeit ein Repositionieren der Teile.<\/p>\n<p>&nbsp;<\/p>\n<h3><strong>Sofortiger Cyanacrylat-Gelklebstoff \u2013 Flasche:<\/strong><\/h3>\n<ul>\n<li>20 GR<\/li>\n<\/ul>\n","protected":false},"excerpt":{"rendered":"<p>Sofort-Gelklebstoff &nbsp; Sofortiger Cyanacrylat-Gelklebstoff: F\u00fcr viele Materialien Sofortiger Cyanacrylat-Gelklebstoff, geeignet f\u00fcr viele Materialien, darunter Papier, Holz und Leder. Auch auf por\u00f6sen Oberfl\u00e4chen erm\u00f6glicht die Abbindezeit ein Repositionieren der Teile. &nbsp; Sofortiger Cyanacrylat-Gelklebstoff \u2013 Flasche: 20 GR<\/p>\n","protected":false},"featured_media":6966,"comment_status":"closed","ping_status":"closed","template":"","meta":{"_acf_changed":false},"product_brand":[],"product_cat":[864],"product_tag":[],"class_list":{"0":"post-8589","1":"product","2":"type-product","3":"status-publish","4":"has-post-thumbnail","6":"product_cat-technische-chemikalien","8":"first","9":"instock","10":"shipping-taxable","11":"product-type-simple"},"acf":[],"_links":{"self":[{"href":"https:\/\/magazzinimanzanesi.it\/de\/wp-json\/wp\/v2\/product\/8589","targetHints":{"allow":["GET"]}}],"collection":[{"href":"https:\/\/magazzinimanzanesi.it\/de\/wp-json\/wp\/v2\/product"}],"about":[{"href":"https:\/\/magazzinimanzanesi.it\/de\/wp-json\/wp\/v2\/types\/product"}],"replies":[{"embeddable":true,"href":"https:\/\/magazzinimanzanesi.it\/de\/wp-json\/wp\/v2\/comments?post=8589"}],"wp:featuredmedia":[{"embeddable":true,"href":"https:\/\/magazzinimanzanesi.it\/de\/wp-json\/wp\/v2\/media\/6966"}],"wp:attachment":[{"href":"https:\/\/magazzinimanzanesi.it\/de\/wp-json\/wp\/v2\/media?parent=8589"}],"wp:term":[{"taxonomy":"product_brand","embeddable":true,"href":"https:\/\/magazzinimanzanesi.it\/de\/wp-json\/wp\/v2\/product_brand?post=8589"},{"taxonomy":"product_cat","embeddable":true,"href":"https:\/\/magazzinimanzanesi.it\/de\/wp-json\/wp\/v2\/product_cat?post=8589"},{"taxonomy":"product_tag","embeddable":true,"href":"https:\/\/magazzinimanzanesi.it\/de\/wp-json\/wp\/v2\/product_tag?post=8589"}],"curies":[{"name":"wp","href":"https:\/\/api.w.org\/{rel}","templated":true}]}}