{"id":8590,"date":"2025-01-28T11:04:37","date_gmt":"2025-01-28T11:04:37","guid":{"rendered":"https:\/\/magazzinimanzanesi.it\/catalogo\/uncategorized\/sofortiger-cyanacrylat-klebstoff\/"},"modified":"2025-01-28T11:04:37","modified_gmt":"2025-01-28T11:04:37","slug":"sofortiger-cyanacrylat-klebstoff","status":"publish","type":"product","link":"https:\/\/magazzinimanzanesi.it\/de\/katalog\/technische-chemikalien\/sofortiger-cyanacrylat-klebstoff\/","title":{"rendered":"Sofortiger Cyanacrylat-Klebstoff"},"content":{"rendered":"<h1><strong>Sofortklebstoff<\/strong><\/h1>\n<p>&nbsp;<\/p>\n<h2><strong>Sofortiger Cyanacrylat-Klebstoff: Fl\u00fcssige Ausf\u00fchrung<\/strong><\/h2>\n<p>Fl\u00fcssiger sofortiger Cyanacrylat-Klebstoff, geeignet f\u00fcr viele Materialien, darunter Papier, Holz und Leder. Auch in einer noch fl\u00fcssigeren Version erh\u00e4ltlich.<\/p>\n<p>&nbsp;<\/p>\n<h3><strong>Sofortiger Cyanacrylat-Klebstoff \u2013 Flasche:<\/strong><\/h3>\n<ul>\n<li>20 GR<\/li>\n<li>50 GR<\/li>\n<\/ul>\n<p>&nbsp;<\/p>\n","protected":false},"excerpt":{"rendered":"<p>Sofortklebstoff &nbsp; Sofortiger Cyanacrylat-Klebstoff: Fl\u00fcssige Ausf\u00fchrung Fl\u00fcssiger sofortiger Cyanacrylat-Klebstoff, geeignet f\u00fcr viele Materialien, darunter Papier, Holz und Leder. Auch in einer noch fl\u00fcssigeren Version erh\u00e4ltlich. &nbsp; Sofortiger Cyanacrylat-Klebstoff \u2013 Flasche: 20 GR 50 GR &nbsp;<\/p>\n","protected":false},"featured_media":6961,"comment_status":"closed","ping_status":"closed","template":"","meta":{"_acf_changed":false},"product_brand":[],"product_cat":[864],"product_tag":[],"class_list":{"0":"post-8590","1":"product","2":"type-product","3":"status-publish","4":"has-post-thumbnail","6":"product_cat-technische-chemikalien","8":"first","9":"instock","10":"shipping-taxable","11":"product-type-simple"},"acf":[],"_links":{"self":[{"href":"https:\/\/magazzinimanzanesi.it\/de\/wp-json\/wp\/v2\/product\/8590","targetHints":{"allow":["GET"]}}],"collection":[{"href":"https:\/\/magazzinimanzanesi.it\/de\/wp-json\/wp\/v2\/product"}],"about":[{"href":"https:\/\/magazzinimanzanesi.it\/de\/wp-json\/wp\/v2\/types\/product"}],"replies":[{"embeddable":true,"href":"https:\/\/magazzinimanzanesi.it\/de\/wp-json\/wp\/v2\/comments?post=8590"}],"wp:featuredmedia":[{"embeddable":true,"href":"https:\/\/magazzinimanzanesi.it\/de\/wp-json\/wp\/v2\/media\/6961"}],"wp:attachment":[{"href":"https:\/\/magazzinimanzanesi.it\/de\/wp-json\/wp\/v2\/media?parent=8590"}],"wp:term":[{"taxonomy":"product_brand","embeddable":true,"href":"https:\/\/magazzinimanzanesi.it\/de\/wp-json\/wp\/v2\/product_brand?post=8590"},{"taxonomy":"product_cat","embeddable":true,"href":"https:\/\/magazzinimanzanesi.it\/de\/wp-json\/wp\/v2\/product_cat?post=8590"},{"taxonomy":"product_tag","embeddable":true,"href":"https:\/\/magazzinimanzanesi.it\/de\/wp-json\/wp\/v2\/product_tag?post=8590"}],"curies":[{"name":"wp","href":"https:\/\/api.w.org\/{rel}","templated":true}]}}