{"id":8591,"date":"2025-01-28T10:37:25","date_gmt":"2025-01-28T10:37:25","guid":{"rendered":"https:\/\/magazzinimanzanesi.it\/catalogo\/uncategorized\/sofortiger-viskoser-metallklebstoff\/"},"modified":"2025-01-28T10:37:25","modified_gmt":"2025-01-28T10:37:25","slug":"sofortiger-viskoser-metallklebstoff","status":"publish","type":"product","link":"https:\/\/magazzinimanzanesi.it\/de\/katalog\/technische-chemikalien\/sofortiger-viskoser-metallklebstoff\/","title":{"rendered":"Sofortiger viskoser Metallklebstoff"},"content":{"rendered":"<h1><strong>Viskoser Sofortklebstoff f\u00fcr Metall<\/strong><\/h1>\n<p>&nbsp;<\/p>\n<h2><strong>Sofortiger viskoser Metallklebstoff: F\u00fcr gr\u00f6\u00dfere Spalte<\/strong><\/h2>\n<p>Sofortiger viskoser Klebstoff f\u00fcr Metalle, geeignet f\u00fcr Eisenmaterialien und starre Werkstoffe. Er erm\u00f6glicht das F\u00fcllen gr\u00f6\u00dferer Zwischenr\u00e4ume zwischen den Teilen.<\/p>\n<p>&nbsp;<\/p>\n<h3><strong>Sofortiger viskoser Metallklebstoff \u2013 Flasche:<\/strong><\/h3>\n<ul>\n<li>20 GR<\/li>\n<\/ul>\n","protected":false},"excerpt":{"rendered":"<p>Viskoser Sofortklebstoff f\u00fcr Metall &nbsp; Sofortiger viskoser Metallklebstoff: F\u00fcr gr\u00f6\u00dfere Spalte Sofortiger viskoser Klebstoff f\u00fcr Metalle, geeignet f\u00fcr Eisenmaterialien und starre Werkstoffe. Er erm\u00f6glicht das F\u00fcllen gr\u00f6\u00dferer Zwischenr\u00e4ume zwischen den Teilen. &nbsp; Sofortiger viskoser Metallklebstoff \u2013 Flasche: 20 GR<\/p>\n","protected":false},"featured_media":6951,"comment_status":"closed","ping_status":"closed","template":"","meta":{"_acf_changed":false},"product_brand":[],"product_cat":[864],"product_tag":[],"class_list":{"0":"post-8591","1":"product","2":"type-product","3":"status-publish","4":"has-post-thumbnail","6":"product_cat-technische-chemikalien","8":"first","9":"instock","10":"shipping-taxable","11":"product-type-simple"},"acf":[],"_links":{"self":[{"href":"https:\/\/magazzinimanzanesi.it\/de\/wp-json\/wp\/v2\/product\/8591","targetHints":{"allow":["GET"]}}],"collection":[{"href":"https:\/\/magazzinimanzanesi.it\/de\/wp-json\/wp\/v2\/product"}],"about":[{"href":"https:\/\/magazzinimanzanesi.it\/de\/wp-json\/wp\/v2\/types\/product"}],"replies":[{"embeddable":true,"href":"https:\/\/magazzinimanzanesi.it\/de\/wp-json\/wp\/v2\/comments?post=8591"}],"wp:featuredmedia":[{"embeddable":true,"href":"https:\/\/magazzinimanzanesi.it\/de\/wp-json\/wp\/v2\/media\/6951"}],"wp:attachment":[{"href":"https:\/\/magazzinimanzanesi.it\/de\/wp-json\/wp\/v2\/media?parent=8591"}],"wp:term":[{"taxonomy":"product_brand","embeddable":true,"href":"https:\/\/magazzinimanzanesi.it\/de\/wp-json\/wp\/v2\/product_brand?post=8591"},{"taxonomy":"product_cat","embeddable":true,"href":"https:\/\/magazzinimanzanesi.it\/de\/wp-json\/wp\/v2\/product_cat?post=8591"},{"taxonomy":"product_tag","embeddable":true,"href":"https:\/\/magazzinimanzanesi.it\/de\/wp-json\/wp\/v2\/product_tag?post=8591"}],"curies":[{"name":"wp","href":"https:\/\/api.w.org\/{rel}","templated":true}]}}