{"id":8592,"date":"2024-07-08T07:09:02","date_gmt":"2024-07-08T07:09:02","guid":{"rendered":"https:\/\/magazzinimanzanesi.it\/catalogo\/uncategorized\/zweikomponenten-acrylklebstoff-fuer-kunststoff\/"},"modified":"2024-07-08T07:09:02","modified_gmt":"2024-07-08T07:09:02","slug":"zweikomponenten-acrylklebstoff-fuer-kunststoff","status":"publish","type":"product","link":"https:\/\/magazzinimanzanesi.it\/de\/katalog\/technische-chemikalien\/zweikomponenten-acrylklebstoff-fuer-kunststoff\/","title":{"rendered":"Zweikomponenten-Acrylklebstoff f\u00fcr Kunststoff"},"content":{"rendered":"<h1><strong>Acryl-Zweikomponentenklebstoff f\u00fcr schwierige Kunststoffei<\/strong><\/h1>\n<p>&nbsp;<\/p>\n<h2><strong>Zweikomponenten-Acrylklebstoff f\u00fcr Kunststoff: F\u00fcr schwierige Kunststoffe<\/strong><\/h2>\n<p>Zweikomponenten-Acrylklebstoff f\u00fcr Kunststoffe, geeignet f\u00fcr schwierige unbehandelte Kunststoffe wie PE, PP, PMMA, Nylon und Acetalharze, auch in Kombination mit Metall, Holz und Gummi.<\/p>\n<p>&nbsp;<\/p>\n<h3><strong>Zweikomponenten-Acrylklebstoff f\u00fcr Kunststoff \u2013 Flasche:<\/strong><\/h3>\n<ul>\n<li>20 GR<\/li>\n<\/ul>\n","protected":false},"excerpt":{"rendered":"<p>Acryl-Zweikomponentenklebstoff f\u00fcr schwierige Kunststoffei &nbsp; Zweikomponenten-Acrylklebstoff f\u00fcr Kunststoff: F\u00fcr schwierige Kunststoffe Zweikomponenten-Acrylklebstoff f\u00fcr Kunststoffe, geeignet f\u00fcr schwierige unbehandelte Kunststoffe wie PE, PP, PMMA, Nylon und Acetalharze, auch in Kombination mit Metall, Holz und Gummi. &nbsp; Zweikomponenten-Acrylklebstoff f\u00fcr Kunststoff \u2013 Flasche: 20 GR<\/p>\n","protected":false},"featured_media":6946,"comment_status":"closed","ping_status":"closed","template":"","meta":{"_acf_changed":false},"product_brand":[],"product_cat":[864],"product_tag":[],"class_list":{"0":"post-8592","1":"product","2":"type-product","3":"status-publish","4":"has-post-thumbnail","6":"product_cat-technische-chemikalien","8":"first","9":"instock","10":"shipping-taxable","11":"product-type-simple"},"acf":[],"_links":{"self":[{"href":"https:\/\/magazzinimanzanesi.it\/de\/wp-json\/wp\/v2\/product\/8592","targetHints":{"allow":["GET"]}}],"collection":[{"href":"https:\/\/magazzinimanzanesi.it\/de\/wp-json\/wp\/v2\/product"}],"about":[{"href":"https:\/\/magazzinimanzanesi.it\/de\/wp-json\/wp\/v2\/types\/product"}],"replies":[{"embeddable":true,"href":"https:\/\/magazzinimanzanesi.it\/de\/wp-json\/wp\/v2\/comments?post=8592"}],"wp:featuredmedia":[{"embeddable":true,"href":"https:\/\/magazzinimanzanesi.it\/de\/wp-json\/wp\/v2\/media\/6946"}],"wp:attachment":[{"href":"https:\/\/magazzinimanzanesi.it\/de\/wp-json\/wp\/v2\/media?parent=8592"}],"wp:term":[{"taxonomy":"product_brand","embeddable":true,"href":"https:\/\/magazzinimanzanesi.it\/de\/wp-json\/wp\/v2\/product_brand?post=8592"},{"taxonomy":"product_cat","embeddable":true,"href":"https:\/\/magazzinimanzanesi.it\/de\/wp-json\/wp\/v2\/product_cat?post=8592"},{"taxonomy":"product_tag","embeddable":true,"href":"https:\/\/magazzinimanzanesi.it\/de\/wp-json\/wp\/v2\/product_tag?post=8592"}],"curies":[{"name":"wp","href":"https:\/\/api.w.org\/{rel}","templated":true}]}}