{"id":8593,"date":"2025-01-28T11:23:20","date_gmt":"2025-01-28T11:23:20","guid":{"rendered":"https:\/\/magazzinimanzanesi.it\/catalogo\/uncategorized\/gewindedichtmittel\/"},"modified":"2025-01-28T11:23:20","modified_gmt":"2025-01-28T11:23:20","slug":"gewindedichtmittel","status":"publish","type":"product","link":"https:\/\/magazzinimanzanesi.it\/de\/katalog\/technische-chemikalien\/gewindedichtmittel\/","title":{"rendered":"Gewindedichtmittel"},"content":{"rendered":"<h1><strong>Dichtmittel f\u00fcr Gewindeverbindungen<\/strong><\/h1>\n<p>&nbsp;<\/p>\n<h2><strong>Gewindedichtmittel: F\u00fcr dichte Gewindeverbindungen<\/strong><\/h2>\n<p>Gewindedichtmittel zum Abdichten von Gewindeverbindungen f\u00fcr Gas, Druckluft, Wasser, \u00d6le, Kohlenwasserstoffe, Sauerstoff und andere chemische Produkte. Es gew\u00e4hrleistet die hydraulische Dichtheit von Gewindeverbindungen und erlaubt die Positionierung der Teile innerhalb weniger Minuten. Der entstehende Film ist dank seiner hohen Elastizit\u00e4t widerstandsf\u00e4hig gegen Druckschwankungen und thermische Ausdehnungen.<\/p>\n<p>&nbsp;<\/p>\n<p>&nbsp;<\/p>\n<h3><strong>Gewindedichtmittel \u2013 Flasche:<\/strong><\/h3>\n<ul>\n<li>10 ML<\/li>\n<\/ul>\n","protected":false},"excerpt":{"rendered":"<p>Dichtmittel f\u00fcr Gewindeverbindungen &nbsp; Gewindedichtmittel: F\u00fcr dichte Gewindeverbindungen Gewindedichtmittel zum Abdichten von Gewindeverbindungen f\u00fcr Gas, Druckluft, Wasser, \u00d6le, Kohlenwasserstoffe, Sauerstoff und andere chemische Produkte. Es gew\u00e4hrleistet die hydraulische Dichtheit von Gewindeverbindungen und erlaubt die Positionierung der Teile innerhalb weniger Minuten. Der entstehende Film ist dank seiner hohen Elastizit\u00e4t widerstandsf\u00e4hig gegen Druckschwankungen und thermische Ausdehnungen. &nbsp; [&hellip;]<\/p>\n","protected":false},"featured_media":6976,"comment_status":"closed","ping_status":"closed","template":"","meta":{"_acf_changed":false},"product_brand":[],"product_cat":[864],"product_tag":[],"class_list":{"0":"post-8593","1":"product","2":"type-product","3":"status-publish","4":"has-post-thumbnail","6":"product_cat-technische-chemikalien","8":"first","9":"instock","10":"shipping-taxable","11":"product-type-simple"},"acf":[],"_links":{"self":[{"href":"https:\/\/magazzinimanzanesi.it\/de\/wp-json\/wp\/v2\/product\/8593","targetHints":{"allow":["GET"]}}],"collection":[{"href":"https:\/\/magazzinimanzanesi.it\/de\/wp-json\/wp\/v2\/product"}],"about":[{"href":"https:\/\/magazzinimanzanesi.it\/de\/wp-json\/wp\/v2\/types\/product"}],"replies":[{"embeddable":true,"href":"https:\/\/magazzinimanzanesi.it\/de\/wp-json\/wp\/v2\/comments?post=8593"}],"wp:featuredmedia":[{"embeddable":true,"href":"https:\/\/magazzinimanzanesi.it\/de\/wp-json\/wp\/v2\/media\/6976"}],"wp:attachment":[{"href":"https:\/\/magazzinimanzanesi.it\/de\/wp-json\/wp\/v2\/media?parent=8593"}],"wp:term":[{"taxonomy":"product_brand","embeddable":true,"href":"https:\/\/magazzinimanzanesi.it\/de\/wp-json\/wp\/v2\/product_brand?post=8593"},{"taxonomy":"product_cat","embeddable":true,"href":"https:\/\/magazzinimanzanesi.it\/de\/wp-json\/wp\/v2\/product_cat?post=8593"},{"taxonomy":"product_tag","embeddable":true,"href":"https:\/\/magazzinimanzanesi.it\/de\/wp-json\/wp\/v2\/product_tag?post=8593"}],"curies":[{"name":"wp","href":"https:\/\/api.w.org\/{rel}","templated":true}]}}